{"id":2885,"date":"2024-03-12T09:15:27","date_gmt":"2024-03-12T09:15:27","guid":{"rendered":"https:\/\/usa-gv.com\/fragen-zum-esta-formular\/"},"modified":"2025-02-25T11:51:40","modified_gmt":"2025-02-25T11:51:40","slug":"fragen-zum-esta-formular","status":"publish","type":"page","link":"https:\/\/usa-gv.com\/de\/fragen-zum-esta-formular\/","title":{"rendered":"Die Fragen des ESTA-Online-Formulars"},"content":{"rendered":"\n<h1 class=\"wp-block-heading\">Welche Fragen im ESTA-Formular gestellt werden<\/h1>\n\n<p>Das ESTA-Formular wird online ausgef\u00fcllt.\nEs besteht aus drei verschiedenen Teilen mit Informationen, die ausgef\u00fcllt werden m\u00fcssen, um den Online-Antrag f\u00fcr eine ESTA-Reisegenehmigung zu best\u00e4tigen. <\/p>\n\n<p>Diese drei gro\u00dfen Rubriken sind in der Reihenfolge :<\/p>\n\n<ul class=\"wp-block-list\">\n<li>Pers\u00f6nliche Informationen zur Identit\u00e4t des Reisenden ;<\/li>\n\n\n\n<li>Reiseinformationen f\u00fcr die USA ;<\/li>\n\n\n\n<li>Fragen \u00fcber den Gesundheitszustand, die Absichten und die Vorstrafen des Reisenden.<\/li>\n<\/ul>\n\n<div style=\"height:10px\" aria-hidden=\"true\" class=\"wp-block-spacer\"><\/div>\n\n<p><strong>Um das Formular auszuf\u00fcllen<\/strong>, klicken Sie einfach auf <a href=\"https:\/\/usa-gv.com\/de\/esta-online-formular\/\">ESTA-Online-Formular<\/a>.<\/p>\n\n<div style=\"height:10px\" aria-hidden=\"true\" class=\"wp-block-spacer\"><\/div>\n\n<h2 class=\"wp-block-heading\">Die pers\u00f6nlichen Daten des Reisenden.<\/h2>\n\n<p>In diesem ersten Teil des Fragebogens muss der Bewerber alle pers\u00f6nlichen Angaben zu seiner Identit\u00e4t machen.\nDie einzugebenden Daten sind haupts\u00e4chlich: Vor- und Nachnamen, Geburtsdatum und -ort, Geschlecht, Familienstand, E-Mail-Adresse, Identit\u00e4t der Eltern, Kontaktperson des letzten Arbeitgebers. <\/p>\n\n<p>Seit Dezember 2022 muss man seinen <a href=\"https:\/\/usa-gv.com\/de\/reisepass-fur-die-usa\/\">Reisepass f\u00fcr die USA<\/a> online hochladen, um die im ersten Teil des Formulars eingegebenen Informationen zu best\u00e4tigen.<\/p>\n\n<h2 class=\"wp-block-heading\">Reiseinformationen f\u00fcr die USA<\/h2>\n\n<p>Im zweiten Teil des Formulars auf der <a href=\"https:\/\/usa-gv.com\/de\/offizielle-esta-website\/\">offiziellen ESTA-Website<\/a> werden die Informationen zur Reise in die USA eingetragen. Der Reisende muss Informationen \u00fcber die Fluggesellschaft, den Ort, an dem die Reise beginnt, und den Wohnort in den USA w\u00e4hrend des Aufenthalts angeben.<\/p>\n\n<p>Zum Schluss m\u00fcssen noch die Kontaktdaten der Person angegeben werden, die im Notfall kontaktiert werden soll, unabh\u00e4ngig davon, ob sie sich in den USA oder au\u00dferhalb der USA befindet.<\/p>\n\n<h2 class=\"wp-block-heading\">Fragen zum Gesundheitszustand und zu Vorstrafen<\/h2>\n\n<p>Der letzte Teil des Fragebogens umfasst 10 Zul\u00e4ssigkeitsfragen.\nMithilfe dieser Fragen k\u00f6nnen die US-Beh\u00f6rden feststellen, ob der Reisende im Rahmen des <a href=\"https:\/\/usa-gv.com\/de\/visa-waiver-program-usa\/\">Visa Waiver Program<\/a> in die USA einreisen darf.\nDie Fragen sind geschlossen, es darf nur mit JA oder NEIN geantwortet werden.\nHier sind die Themen der Fragen:   <\/p>\n\n<ul class=\"wp-block-list\">\n<li>Die pers\u00f6nliche Gesundheit des Reisenden<\/li>\n\n\n\n<li>Seine kriminelle Vorgeschichte<\/li>\n\n\n\n<li>Seine Drogengeschichte<\/li>\n\n\n\n<li>M\u00f6gliche terroristische Aktivit\u00e4ten<\/li>\n\n\n\n<li>Berufsw\u00fcnsche des Antragstellers in den USA<\/li>\n\n\n\n<li>Seine Vorgeschichte in Bezug auf die Beantragung eines Visums in den USA<\/li>\n\n\n\n<li>Seine fr\u00fcheren Reisen in die L\u00e4nder Afrikas und des Nahen Ostens.<\/li>\n<\/ul>\n\n<div style=\"height:10px\" aria-hidden=\"true\" class=\"wp-block-spacer\"><\/div>\n\n<p>Mit dem letzten K\u00e4stchen, das angekreuzt werden muss, best\u00e4tigt der Reisende, dass er das ausgef\u00fcllte ESTA-Formular gelesen und verstanden hat.\nDer Reisende verzichtet auf das Recht, die Entscheidung anzufechten, die der Einwanderungsbeamte bei der Zollabfertigung bei der Ankunft in den Vereinigten Staaten treffen kann. <\/p>\n\n<h2 class=\"wp-block-heading\">Welche Dokumente sind f\u00fcr die Beantwortung der ESTA-Fragen erforderlich?<\/h2>\n\n<p>Um die Fragen im Online-ESTA-Formular auszuf\u00fcllen, muss der Reisende die folgenden <a href=\"https:\/\/usa-gv.com\/de\/reisedokumente-fur-die-usa\/\">Reisedokumente f\u00fcr die Vereinigten Staaten<\/a> mit sich f\u00fchren:<\/p>\n\n<ul class=\"wp-block-list\">\n<li>Der <a href=\"https:\/\/usa-gv.com\/de\/reisepass-fur-die-usa\/\">f\u00fcr die USA g\u00fcltige Reisepass<\/a>;<\/li>\n\n\n\n<li>Informationen aus dem Flugticket in die USA ;<\/li>\n\n\n\n<li>Eine Bankkarte zur <a href=\"https:\/\/usa-gv.com\/de\/so-bezahlen-sie-ein-esta\/\">Bezahlung des ESTA<\/a>.<\/li>\n<\/ul>\n","protected":false},"excerpt":{"rendered":"<p>Welche Fragen im ESTA-Formular gestellt werden Das ESTA-Formular wird online ausgef\u00fcllt. Es besteht aus drei verschiedenen Teilen mit Informationen, die ausgef\u00fcllt werden m\u00fcssen, um den Online-Antrag f\u00fcr eine ESTA-Reisegenehmigung zu best\u00e4tigen. Diese drei gro\u00dfen Rubriken sind in der Reihenfolge : Um das Formular auszuf\u00fcllen, klicken Sie einfach auf ESTA-Online-Formular. Die pers\u00f6nlichen Daten des Reisenden. In [&hellip;]<\/p>\n","protected":false},"author":1,"featured_media":0,"parent":0,"menu_order":0,"comment_status":"closed","ping_status":"closed","template":"","meta":{"footnotes":""},"class_list":["post-2885","page","type-page","status-publish","hentry"],"yoast_head":"<!-- This site is optimized with the Yoast SEO plugin v26.6 - https:\/\/yoast.com\/wordpress\/plugins\/seo\/ -->\n<title>Die Fragen des ESTA-Online-Formulars - USA-GV.COM<\/title>\n<meta name=\"description\" content=\"Hier finden Sie alle Fragen, die Sie im ESTA-Formular ausf\u00fcllen m\u00fcssen, um einen ESTA-Antrag online zu best\u00e4tigen.\" \/>\n<meta name=\"robots\" content=\"index, follow, max-snippet:-1, max-image-preview:large, max-video-preview:-1\" \/>\n<link rel=\"canonical\" href=\"https:\/\/usa-gv.com\/de\/fragen-zum-esta-formular\/\" \/>\n<meta property=\"og:locale\" content=\"de_DE\" \/>\n<meta property=\"og:type\" content=\"article\" \/>\n<meta property=\"og:title\" content=\"Die Fragen des ESTA-Online-Formulars - USA-GV.COM\" \/>\n<meta property=\"og:description\" content=\"Hier finden Sie alle Fragen, die Sie im ESTA-Formular ausf\u00fcllen m\u00fcssen, um einen ESTA-Antrag online zu best\u00e4tigen.\" \/>\n<meta property=\"og:url\" content=\"https:\/\/usa-gv.com\/de\/fragen-zum-esta-formular\/\" \/>\n<meta property=\"og:site_name\" content=\"USA-GV.COM\" \/>\n<meta property=\"article:modified_time\" content=\"2025-02-25T11:51:40+00:00\" \/>\n<meta name=\"twitter:card\" content=\"summary_large_image\" \/>\n<meta name=\"twitter:label1\" content=\"Gesch\u00e4tzte Lesezeit\" \/>\n\t<meta name=\"twitter:data1\" content=\"2\u00a0Minuten\" \/>\n<script type=\"application\/ld+json\" class=\"yoast-schema-graph\">{\"@context\":\"https:\/\/schema.org\",\"@graph\":[{\"@type\":\"WebPage\",\"@id\":\"https:\/\/usa-gv.com\/de\/fragen-zum-esta-formular\/\",\"url\":\"https:\/\/usa-gv.com\/de\/fragen-zum-esta-formular\/\",\"name\":\"Die Fragen des ESTA-Online-Formulars - USA-GV.COM\",\"isPartOf\":{\"@id\":\"https:\/\/usa-gv.com\/de\/#website\"},\"datePublished\":\"2024-03-12T09:15:27+00:00\",\"dateModified\":\"2025-02-25T11:51:40+00:00\",\"description\":\"Hier finden Sie alle Fragen, die Sie im ESTA-Formular ausf\u00fcllen m\u00fcssen, um einen ESTA-Antrag online zu best\u00e4tigen.\",\"breadcrumb\":{\"@id\":\"https:\/\/usa-gv.com\/de\/fragen-zum-esta-formular\/#breadcrumb\"},\"inLanguage\":\"de\",\"potentialAction\":[{\"@type\":\"ReadAction\",\"target\":[\"https:\/\/usa-gv.com\/de\/fragen-zum-esta-formular\/\"]}]},{\"@type\":\"BreadcrumbList\",\"@id\":\"https:\/\/usa-gv.com\/de\/fragen-zum-esta-formular\/#breadcrumb\",\"itemListElement\":[{\"@type\":\"ListItem\",\"position\":1,\"name\":\"Home\",\"item\":\"https:\/\/usa-gv.com\/de\/usa-reisefuehrer\/\"},{\"@type\":\"ListItem\",\"position\":2,\"name\":\"Die Fragen des ESTA-Online-Formulars\"}]},{\"@type\":\"WebSite\",\"@id\":\"https:\/\/usa-gv.com\/de\/#website\",\"url\":\"https:\/\/usa-gv.com\/de\/\",\"name\":\"USA-GV.COM\",\"description\":\"\",\"potentialAction\":[{\"@type\":\"SearchAction\",\"target\":{\"@type\":\"EntryPoint\",\"urlTemplate\":\"https:\/\/usa-gv.com\/de\/?s={search_term_string}\"},\"query-input\":{\"@type\":\"PropertyValueSpecification\",\"valueRequired\":true,\"valueName\":\"search_term_string\"}}],\"inLanguage\":\"de\"}]}<\/script>\n<!-- \/ Yoast SEO plugin. -->","yoast_head_json":{"title":"Die Fragen des ESTA-Online-Formulars - USA-GV.COM","description":"Hier finden Sie alle Fragen, die Sie im ESTA-Formular ausf\u00fcllen m\u00fcssen, um einen ESTA-Antrag online zu best\u00e4tigen.","robots":{"index":"index","follow":"follow","max-snippet":"max-snippet:-1","max-image-preview":"max-image-preview:large","max-video-preview":"max-video-preview:-1"},"canonical":"https:\/\/usa-gv.com\/de\/fragen-zum-esta-formular\/","og_locale":"de_DE","og_type":"article","og_title":"Die Fragen des ESTA-Online-Formulars - USA-GV.COM","og_description":"Hier finden Sie alle Fragen, die Sie im ESTA-Formular ausf\u00fcllen m\u00fcssen, um einen ESTA-Antrag online zu best\u00e4tigen.","og_url":"https:\/\/usa-gv.com\/de\/fragen-zum-esta-formular\/","og_site_name":"USA-GV.COM","article_modified_time":"2025-02-25T11:51:40+00:00","twitter_card":"summary_large_image","twitter_misc":{"Gesch\u00e4tzte Lesezeit":"2\u00a0Minuten"},"schema":{"@context":"https:\/\/schema.org","@graph":[{"@type":"WebPage","@id":"https:\/\/usa-gv.com\/de\/fragen-zum-esta-formular\/","url":"https:\/\/usa-gv.com\/de\/fragen-zum-esta-formular\/","name":"Die Fragen des ESTA-Online-Formulars - USA-GV.COM","isPartOf":{"@id":"https:\/\/usa-gv.com\/de\/#website"},"datePublished":"2024-03-12T09:15:27+00:00","dateModified":"2025-02-25T11:51:40+00:00","description":"Hier finden Sie alle Fragen, die Sie im ESTA-Formular ausf\u00fcllen m\u00fcssen, um einen ESTA-Antrag online zu best\u00e4tigen.","breadcrumb":{"@id":"https:\/\/usa-gv.com\/de\/fragen-zum-esta-formular\/#breadcrumb"},"inLanguage":"de","potentialAction":[{"@type":"ReadAction","target":["https:\/\/usa-gv.com\/de\/fragen-zum-esta-formular\/"]}]},{"@type":"BreadcrumbList","@id":"https:\/\/usa-gv.com\/de\/fragen-zum-esta-formular\/#breadcrumb","itemListElement":[{"@type":"ListItem","position":1,"name":"Home","item":"https:\/\/usa-gv.com\/de\/usa-reisefuehrer\/"},{"@type":"ListItem","position":2,"name":"Die Fragen des ESTA-Online-Formulars"}]},{"@type":"WebSite","@id":"https:\/\/usa-gv.com\/de\/#website","url":"https:\/\/usa-gv.com\/de\/","name":"USA-GV.COM","description":"","potentialAction":[{"@type":"SearchAction","target":{"@type":"EntryPoint","urlTemplate":"https:\/\/usa-gv.com\/de\/?s={search_term_string}"},"query-input":{"@type":"PropertyValueSpecification","valueRequired":true,"valueName":"search_term_string"}}],"inLanguage":"de"}]}},"_links":{"self":[{"href":"https:\/\/usa-gv.com\/de\/wp-json\/wp\/v2\/pages\/2885","targetHints":{"allow":["GET"]}}],"collection":[{"href":"https:\/\/usa-gv.com\/de\/wp-json\/wp\/v2\/pages"}],"about":[{"href":"https:\/\/usa-gv.com\/de\/wp-json\/wp\/v2\/types\/page"}],"author":[{"embeddable":true,"href":"https:\/\/usa-gv.com\/de\/wp-json\/wp\/v2\/users\/1"}],"replies":[{"embeddable":true,"href":"https:\/\/usa-gv.com\/de\/wp-json\/wp\/v2\/comments?post=2885"}],"version-history":[{"count":1,"href":"https:\/\/usa-gv.com\/de\/wp-json\/wp\/v2\/pages\/2885\/revisions"}],"predecessor-version":[{"id":7611,"href":"https:\/\/usa-gv.com\/de\/wp-json\/wp\/v2\/pages\/2885\/revisions\/7611"}],"wp:attachment":[{"href":"https:\/\/usa-gv.com\/de\/wp-json\/wp\/v2\/media?parent=2885"}],"curies":[{"name":"wp","href":"https:\/\/api.w.org\/{rel}","templated":true}]}}