{"id":2867,"date":"2024-03-12T20:17:01","date_gmt":"2024-03-12T20:17:01","guid":{"rendered":"https:\/\/usa-gv.com\/reisedokumente-fur-die-usa\/"},"modified":"2025-02-25T11:51:33","modified_gmt":"2025-02-25T11:51:33","slug":"reisedokumente-fur-die-usa","status":"publish","type":"page","link":"https:\/\/usa-gv.com\/de\/reisedokumente-fur-die-usa\/","title":{"rendered":"Reisedokumente f\u00fcr die Vereinigten Staaten"},"content":{"rendered":"\n<h1 class=\"wp-block-heading\">Welche Reisedokumente sind f\u00fcr die USA erforderlich?<\/h1>\n\n<p>F\u00fcr Reisen in die Vereinigten Staaten m\u00fcssen Sie bestimmte Reisedokumente mit sich f\u00fchren.\nOb Sie nun Tourist, Student oder Gesch\u00e4ftsmann sind, hier sind die Dokumente, die Sie f\u00fcr die Einreise in die USA ben\u00f6tigen. <\/p>\n\n<h2 class=\"wp-block-heading\">G\u00fcltiger Reisepass f\u00fcr die USA<\/h2>\n\n<p>F\u00fcr die <a href=\"https:\/\/usa-gv.com\/de\/reisepass-fur-die-usa\/\">Einreise in die USA ist ein g\u00fcltiger Reisepass<\/a> erforderlich. Stellen Sie sicher, dass der Reisepass :<\/p>\n\n<ul class=\"wp-block-list\">\n<li>Ist ein elektronischer Reisepass, der einen digitalen Chip enth\u00e4lt.<\/li>\n\n\n\n<li>dass sie mindestens eine leere Seite f\u00fcr Eingangs- und Ausgangsstempel enth\u00e4lt.<\/li>\n\n\n\n<li>Ist f\u00fcr die Dauer Ihres Aufenthalts g\u00fcltig.<\/li>\n<\/ul>\n\n<div style=\"height:10px\" aria-hidden=\"true\" class=\"wp-block-spacer\"><\/div>\n\n<h2 class=\"wp-block-heading\">ESTA-Reisegenehmigung oder ein Visum<\/h2>\n\n<p>Je nach dem Land Ihrer Staatsb\u00fcrgerschaft und der Art Ihrer Reise ben\u00f6tigen Sie entweder ein Visum oder eine ESTA-Genehmigung.<\/p>\n\n<ul class=\"wp-block-list\">\n<li><a href=\"https:\/\/usa-gv.com\/de\/touristenvisum-usa\/\">Touristenvisum B2<\/a>: Erforderlich f\u00fcr touristische Aufenthalte von mehr als 90 Tagen oder f\u00fcr Staatsangeh\u00f6rige von L\u00e4ndern, die nicht f\u00fcr das Programm f\u00fcr visumfreies Reisen (Visa Waiver Program) in Frage kommen.<\/li>\n\n\n\n<li>B1 Gesch\u00e4ftsvisum: F\u00fcr Gesch\u00e4ftsreisen, Meetings, Konferenzen oder Vertragsverhandlungen.<\/li>\n\n\n\n<li><a href=\"https:\/\/usa-gv.com\/de\/\">ESTA-Genehmigung<\/a>: Staatsangeh\u00f6rige von L\u00e4ndern, die f\u00fcr das <a href=\"https:\/\/usa-gv.com\/de\/visa-waiver-program-usa\/\">Visa Waiver Program<\/a> in Frage kommen, ben\u00f6tigen eine ESTA-Genehmigung f\u00fcr Aufenthalte von bis zu 90 Tagen. Ein <a href=\"https:\/\/usa-gv.com\/de\/esta-gultigkeitsdauer\/\">ESTA hat eine G\u00fcltigkeitsdauer<\/a> von zwei Jahren oder bis zum Ablauf der G\u00fcltigkeitsdauer des Reisepasses.<\/li>\n<\/ul>\n\n<div style=\"height:10px\" aria-hidden=\"true\" class=\"wp-block-spacer\"><\/div>\n\n<h2 class=\"wp-block-heading\">Flugticket f\u00fcr Hin- und R\u00fcckflug<\/h2>\n\n<p>Ein Hin- und R\u00fcckflugticket ist erforderlich, um eine Reisegenehmigung f\u00fcr die Vereinigten Staaten zu erhalten.\nDie US-Einwanderungsbeh\u00f6rden wollen sicherstellen, dass die Besucher nicht planen, die Dauer ihres genehmigten Aufenthalts zu \u00fcberschreiten.\nStellen Sie sicher, dass Sie ein Hin- und R\u00fcckflugticket haben.  <\/p>\n\n<h2 class=\"wp-block-heading\">Nachweis ausreichender finanzieller Mittel<\/h2>\n\n<p>Sie m\u00fcssen nachweisen k\u00f6nnen, dass Sie \u00fcber ausreichende Mittel verf\u00fcgen, um Ihren Lebensunterhalt w\u00e4hrend Ihres Aufenthalts in den USA zu bestreiten.\nDazu geh\u00f6ren z.B.: aktuelle Kontoausz\u00fcge, Briefe von Finanzsponsoren, Nachweise \u00fcber regelm\u00e4\u00dfige Eink\u00fcnfte oder g\u00fcltige Kreditkarten. <\/p>\n\n<h2 class=\"wp-block-heading\">Einladungsschreiben oder zus\u00e4tzliche Unterlagen<\/h2>\n\n<p>Je nach dem Grund Ihrer Reise ben\u00f6tigen Sie m\u00f6glicherweise zus\u00e4tzliche Dokumente:<\/p>\n\n<ul class=\"wp-block-list\">\n<li><strong>Gesch\u00e4ftsreise<\/strong>: Einladungsschreiben des US-Unternehmens, Konferenzprogramm und Details der Gesch\u00e4ftskontakte.<\/li>\n\n\n\n<li><strong>Tourismus<\/strong>: Hotelreservierungen, Reisepl\u00e4ne und Buchungsnachweise f\u00fcr Besichtigungen.<\/li>\n\n\n\n<li><strong>Studium<\/strong>: I20-Formular oder F1-Visum f\u00fcr Studenten, Nachweis der Immatrikulation und Zulassungsschreiben.<\/li>\n<\/ul>\n\n<div style=\"height:10px\" aria-hidden=\"true\" class=\"wp-block-spacer\"><\/div>\n\n<h2 class=\"wp-block-heading\">Dokumente f\u00fcr Minderj\u00e4hrige<\/h2>\n\n<p>Wenn Sie <a href=\"https:\/\/usa-gv.com\/de\/esta-fur-minderjahrige\/\">mit minderj\u00e4hrigen Kindern reisen<\/a>, sind zus\u00e4tzliche Dokumente erforderlich:<\/p>\n\n<ul class=\"wp-block-list\">\n<li>Geburtsurkunde: Zum Nachweis der Beziehung zu den Eltern oder Vorm\u00fcndern.<\/li>\n\n\n\n<li>Zustimmungsschreiben: Wenn nur ein Elternteil reist, kann ein Zustimmungsschreiben des anderen Elternteils erforderlich sein.<\/li>\n<\/ul>\n","protected":false},"excerpt":{"rendered":"<p>Welche Reisedokumente sind f\u00fcr die USA erforderlich? F\u00fcr Reisen in die Vereinigten Staaten m\u00fcssen Sie bestimmte Reisedokumente mit sich f\u00fchren. Ob Sie nun Tourist, Student oder Gesch\u00e4ftsmann sind, hier sind die Dokumente, die Sie f\u00fcr die Einreise in die USA ben\u00f6tigen. G\u00fcltiger Reisepass f\u00fcr die USA F\u00fcr die Einreise in die USA ist ein g\u00fcltiger [&hellip;]<\/p>\n","protected":false},"author":1,"featured_media":0,"parent":0,"menu_order":0,"comment_status":"closed","ping_status":"closed","template":"","meta":{"footnotes":""},"class_list":["post-2867","page","type-page","status-publish","hentry"],"yoast_head":"<!-- This site is optimized with the Yoast SEO plugin v26.6 - https:\/\/yoast.com\/wordpress\/plugins\/seo\/ -->\n<title>Reisedokumente f\u00fcr die Vereinigten Staaten - USA-GV.COM<\/title>\n<meta name=\"description\" content=\"Hier finden Sie eine Liste der Dokumente, die Sie f\u00fcr einen Aufenthalt in den Vereinigten Staaten ben\u00f6tigen.\" \/>\n<meta name=\"robots\" content=\"index, follow, max-snippet:-1, max-image-preview:large, max-video-preview:-1\" \/>\n<link rel=\"canonical\" href=\"https:\/\/usa-gv.com\/de\/reisedokumente-fur-die-usa\/\" \/>\n<meta property=\"og:locale\" content=\"de_DE\" \/>\n<meta property=\"og:type\" content=\"article\" \/>\n<meta property=\"og:title\" content=\"Reisedokumente f\u00fcr die Vereinigten Staaten - USA-GV.COM\" \/>\n<meta property=\"og:description\" content=\"Hier finden Sie eine Liste der Dokumente, die Sie f\u00fcr einen Aufenthalt in den Vereinigten Staaten ben\u00f6tigen.\" \/>\n<meta property=\"og:url\" content=\"https:\/\/usa-gv.com\/de\/reisedokumente-fur-die-usa\/\" \/>\n<meta property=\"og:site_name\" content=\"USA-GV.COM\" \/>\n<meta property=\"article:modified_time\" content=\"2025-02-25T11:51:33+00:00\" \/>\n<meta name=\"twitter:card\" content=\"summary_large_image\" \/>\n<meta name=\"twitter:label1\" content=\"Gesch\u00e4tzte Lesezeit\" \/>\n\t<meta name=\"twitter:data1\" content=\"2\u00a0Minuten\" \/>\n<script type=\"application\/ld+json\" class=\"yoast-schema-graph\">{\"@context\":\"https:\/\/schema.org\",\"@graph\":[{\"@type\":\"WebPage\",\"@id\":\"https:\/\/usa-gv.com\/de\/reisedokumente-fur-die-usa\/\",\"url\":\"https:\/\/usa-gv.com\/de\/reisedokumente-fur-die-usa\/\",\"name\":\"Reisedokumente f\u00fcr die Vereinigten Staaten - USA-GV.COM\",\"isPartOf\":{\"@id\":\"https:\/\/usa-gv.com\/de\/#website\"},\"datePublished\":\"2024-03-12T20:17:01+00:00\",\"dateModified\":\"2025-02-25T11:51:33+00:00\",\"description\":\"Hier finden Sie eine Liste der Dokumente, die Sie f\u00fcr einen Aufenthalt in den Vereinigten Staaten ben\u00f6tigen.\",\"breadcrumb\":{\"@id\":\"https:\/\/usa-gv.com\/de\/reisedokumente-fur-die-usa\/#breadcrumb\"},\"inLanguage\":\"de\",\"potentialAction\":[{\"@type\":\"ReadAction\",\"target\":[\"https:\/\/usa-gv.com\/de\/reisedokumente-fur-die-usa\/\"]}]},{\"@type\":\"BreadcrumbList\",\"@id\":\"https:\/\/usa-gv.com\/de\/reisedokumente-fur-die-usa\/#breadcrumb\",\"itemListElement\":[{\"@type\":\"ListItem\",\"position\":1,\"name\":\"Home\",\"item\":\"https:\/\/usa-gv.com\/de\/usa-reisefuehrer\/\"},{\"@type\":\"ListItem\",\"position\":2,\"name\":\"Reisedokumente f\u00fcr die Vereinigten Staaten\"}]},{\"@type\":\"WebSite\",\"@id\":\"https:\/\/usa-gv.com\/de\/#website\",\"url\":\"https:\/\/usa-gv.com\/de\/\",\"name\":\"USA-GV.COM\",\"description\":\"\",\"potentialAction\":[{\"@type\":\"SearchAction\",\"target\":{\"@type\":\"EntryPoint\",\"urlTemplate\":\"https:\/\/usa-gv.com\/de\/?s={search_term_string}\"},\"query-input\":{\"@type\":\"PropertyValueSpecification\",\"valueRequired\":true,\"valueName\":\"search_term_string\"}}],\"inLanguage\":\"de\"}]}<\/script>\n<!-- \/ Yoast SEO plugin. -->","yoast_head_json":{"title":"Reisedokumente f\u00fcr die Vereinigten Staaten - USA-GV.COM","description":"Hier finden Sie eine Liste der Dokumente, die Sie f\u00fcr einen Aufenthalt in den Vereinigten Staaten ben\u00f6tigen.","robots":{"index":"index","follow":"follow","max-snippet":"max-snippet:-1","max-image-preview":"max-image-preview:large","max-video-preview":"max-video-preview:-1"},"canonical":"https:\/\/usa-gv.com\/de\/reisedokumente-fur-die-usa\/","og_locale":"de_DE","og_type":"article","og_title":"Reisedokumente f\u00fcr die Vereinigten Staaten - USA-GV.COM","og_description":"Hier finden Sie eine Liste der Dokumente, die Sie f\u00fcr einen Aufenthalt in den Vereinigten Staaten ben\u00f6tigen.","og_url":"https:\/\/usa-gv.com\/de\/reisedokumente-fur-die-usa\/","og_site_name":"USA-GV.COM","article_modified_time":"2025-02-25T11:51:33+00:00","twitter_card":"summary_large_image","twitter_misc":{"Gesch\u00e4tzte Lesezeit":"2\u00a0Minuten"},"schema":{"@context":"https:\/\/schema.org","@graph":[{"@type":"WebPage","@id":"https:\/\/usa-gv.com\/de\/reisedokumente-fur-die-usa\/","url":"https:\/\/usa-gv.com\/de\/reisedokumente-fur-die-usa\/","name":"Reisedokumente f\u00fcr die Vereinigten Staaten - USA-GV.COM","isPartOf":{"@id":"https:\/\/usa-gv.com\/de\/#website"},"datePublished":"2024-03-12T20:17:01+00:00","dateModified":"2025-02-25T11:51:33+00:00","description":"Hier finden Sie eine Liste der Dokumente, die Sie f\u00fcr einen Aufenthalt in den Vereinigten Staaten ben\u00f6tigen.","breadcrumb":{"@id":"https:\/\/usa-gv.com\/de\/reisedokumente-fur-die-usa\/#breadcrumb"},"inLanguage":"de","potentialAction":[{"@type":"ReadAction","target":["https:\/\/usa-gv.com\/de\/reisedokumente-fur-die-usa\/"]}]},{"@type":"BreadcrumbList","@id":"https:\/\/usa-gv.com\/de\/reisedokumente-fur-die-usa\/#breadcrumb","itemListElement":[{"@type":"ListItem","position":1,"name":"Home","item":"https:\/\/usa-gv.com\/de\/usa-reisefuehrer\/"},{"@type":"ListItem","position":2,"name":"Reisedokumente f\u00fcr die Vereinigten Staaten"}]},{"@type":"WebSite","@id":"https:\/\/usa-gv.com\/de\/#website","url":"https:\/\/usa-gv.com\/de\/","name":"USA-GV.COM","description":"","potentialAction":[{"@type":"SearchAction","target":{"@type":"EntryPoint","urlTemplate":"https:\/\/usa-gv.com\/de\/?s={search_term_string}"},"query-input":{"@type":"PropertyValueSpecification","valueRequired":true,"valueName":"search_term_string"}}],"inLanguage":"de"}]}},"_links":{"self":[{"href":"https:\/\/usa-gv.com\/de\/wp-json\/wp\/v2\/pages\/2867","targetHints":{"allow":["GET"]}}],"collection":[{"href":"https:\/\/usa-gv.com\/de\/wp-json\/wp\/v2\/pages"}],"about":[{"href":"https:\/\/usa-gv.com\/de\/wp-json\/wp\/v2\/types\/page"}],"author":[{"embeddable":true,"href":"https:\/\/usa-gv.com\/de\/wp-json\/wp\/v2\/users\/1"}],"replies":[{"embeddable":true,"href":"https:\/\/usa-gv.com\/de\/wp-json\/wp\/v2\/comments?post=2867"}],"version-history":[{"count":1,"href":"https:\/\/usa-gv.com\/de\/wp-json\/wp\/v2\/pages\/2867\/revisions"}],"predecessor-version":[{"id":7600,"href":"https:\/\/usa-gv.com\/de\/wp-json\/wp\/v2\/pages\/2867\/revisions\/7600"}],"wp:attachment":[{"href":"https:\/\/usa-gv.com\/de\/wp-json\/wp\/v2\/media?parent=2867"}],"curies":[{"name":"wp","href":"https:\/\/api.w.org\/{rel}","templated":true}]}}