{"id":2849,"date":"2024-03-12T20:47:05","date_gmt":"2024-03-12T20:47:05","guid":{"rendered":"https:\/\/usa-gv.com\/fristen-den-erhalt-esta\/"},"modified":"2025-02-25T11:51:26","modified_gmt":"2025-02-25T11:51:26","slug":"fristen-den-erhalt-esta","status":"publish","type":"page","link":"https:\/\/usa-gv.com\/de\/fristen-den-erhalt-esta\/","title":{"rendered":"Die Fristen f\u00fcr die Beantragung von ESTA"},"content":{"rendered":"\n<h1 class=\"wp-block-heading\">Wie lange dauert es, ein ESTA zu erhalten?<\/h1>\n\n<p>Wenn Sie eine Reise in die USA planen, ist die Beantragung eines ESTA ein entscheidender Schritt f\u00fcr Staatsangeh\u00f6rige von L\u00e4ndern, die am <a href=\"https:\/\/usa-gv.com\/de\/visa-waiver-program-usa\/\">Visa Waiver Program<\/a> teilnehmen. Das Verst\u00e4ndnis der ESTA-Fristen kann Ihnen helfen, Ihre Reise effizient zu planen und Stress in letzter Minute zu vermeiden. Hier finden Sie alles, was Sie \u00fcber die ESTA-Fristen wissen m\u00fcssen.<\/p>\n\n<h2 class=\"wp-block-heading\">Bearbeitungszeit f\u00fcr einen ESTA-Antrag<\/h2>\n\n<p>Die meisten ESTA-Antr\u00e4ge werden schnell bearbeitet.\nDie Bearbeitungszeiten sind in der Regel wie folgt: <\/p>\n\n<ul class=\"wp-block-list\">\n<li><strong>Sofortige Bearbeitung<\/strong>: Viele Antr\u00e4ge werden fast sofort genehmigt, oft innerhalb weniger Minuten, nachdem das <a href=\"https:\/\/usa-gv.com\/de\/esta-online-formular\/\">ESTA-Formular online<\/a> eingereicht wurde.<\/li>\n\n\n\n<li><strong>Behandlung in 72 Stunden<\/strong>: In einigen F\u00e4llen kann die Behandlung bis zu 72 Stunden dauern.\nEs wird daher empfohlen, dass Sie Ihren Antrag mindestens drei Tage vor Ihrer geplanten Abreise einreichen. <\/li>\n<\/ul>\n\n<h2 class=\"wp-block-heading\">Faktoren, die die Bearbeitungsdauer eines ESTA-Antrags beeinflussen<\/h2>\n\n<p>Es gibt mehrere Faktoren, die die Geschwindigkeit, mit der Ihr ESTA-Antrag bearbeitet wird, beeinflussen k\u00f6nnen:<\/p>\n\n<ul class=\"wp-block-list\">\n<li><strong>Richtigkeit der bereitgestellten Informationen<\/strong>: Stellen Sie sicher, dass alle Antworten auf die <a href=\"https:\/\/usa-gv.com\/de\/fragen-zum-esta-formular\/\">ESTA-Fragen<\/a> korrekt und vollst\u00e4ndig sind. Fehler oder Auslassungen k\u00f6nnen zu Verz\u00f6gerungen f\u00fchren.<\/li>\n\n\n\n<li><strong>Antragsvolumen<\/strong>: In Zeiten hoher Nachfrage, wie Ferien und Reisesaisonen, kann die Bearbeitungszeit etwas l\u00e4nger sein.<\/li>\n\n\n\n<li><strong>Zus\u00e4tzliche Pr\u00fcfungen<\/strong>: Wenn Ihr Antrag zus\u00e4tzliche Pr\u00fcfungen erfordert, kann die Bearbeitung mehr Zeit in Anspruch nehmen.<\/li>\n<\/ul>\n\n<h2 class=\"wp-block-heading\">Tipps f\u00fcr eine schnelle Bearbeitung eines ESTA-Antrags<\/h2>\n\n<p>Um Ihre Chancen auf eine schnelle Genehmigung Ihres ESTA zu maximieren, befolgen Sie diese Tipps :<\/p>\n\n<ul class=\"wp-block-list\">\n<li><strong>Reichen Sie den ESTA-Antrag fr\u00fchzeitig ein<\/strong>: Reichen Sie Ihren Antrag ein, sobald Sie mit der Planung Ihrer Reise beginnen.<\/li>\n\n\n\n<li><strong>\u00dcberpr\u00fcfen Sie Ihre Informationen<\/strong>: \u00dcberpr\u00fcfen Sie alle Informationen, bevor Sie das <a href=\"https:\/\/usa-gv.com\/de\/fullen-sie-das-esta-formular-online-aus\/\">ESTA-Formular<\/a> abschicken. Ein vollst\u00e4ndiger und pr\u00e4ziser Antrag wird schneller bearbeitet.<\/li>\n\n\n\n<li><strong>Verwenden Sie eine zuverl\u00e4ssige Internetverbindung<\/strong>: Reichen Sie Ihren Antrag von einem Ort mit einer stabilen Internetverbindung ein, um Unterbrechungen w\u00e4hrend des Verfahrens zu vermeiden.<\/li>\n<\/ul>\n\n<h2 class=\"wp-block-heading\">Was tun bei Versp\u00e4tung oder Ablehnung?<\/h2>\n\n<p>Wenn Ihr ESTA-Antrag nicht sofort genehmigt wird, k\u00f6nnen Sie Folgendes tun:<\/p>\n\n<ul class=\"wp-block-list\">\n<li><strong>\u00dcberpr\u00fcfen Sie den Status Ihres ESTA-Antrags<\/strong>: Verwenden Sie die Antragsnummer, um <a href=\"https:\/\/usa-gv.com\/de\/uberprufen-sie-die-esta-gultigkeit\/\">den Status Ihres ESTA-Antrags online zu \u00fcberpr\u00fcfen<\/a>. Wenn sich Ihr <a href=\"https:\/\/usa-gv.com\/de\/esta-antrag-steht-noch-aus\/\">ESTA in der Warteschleife befindet<\/a>, bedeutet dies nicht, dass es abgelehnt wird. Sie m\u00fcssen lediglich 72 Stunden warten, um eine Antwort zu erhalten.<\/li>\n\n\n\n<li><strong>Visumantrag<\/strong>: Wenn Ihr <a href=\"https:\/\/usa-gv.com\/de\/esta-antrag-abgelehnt\/\">ESTA-Antrag abgelehnt wird<\/a>, m\u00fcssen Sie m\u00f6glicherweise ein <a href=\"https:\/\/usa-gv.com\/de\/touristenvisum-usa\/\">US-Touristenvisum<\/a> bei einer US-Botschaft in der N\u00e4he beantragen.<\/li>\n<\/ul>\n\n<h2 class=\"wp-block-heading\">G\u00fcltigkeitsdauer und Erneuerung<\/h2>\n\n<p>Nach der Genehmigung ist Ihr ESTA f\u00fcr zwei Jahre oder bis zum Ablauf der G\u00fcltigkeitsdauer Ihres Reisepasses g\u00fcltig.\nSie k\u00f6nnen das gleiche ESTA f\u00fcr mehrere Reisen in die USA w\u00e4hrend dieses Zeitraums verwenden, solange jeder Aufenthalt nicht l\u00e4nger als 90 Tage dauert.\nWenn Ihr ESTA abl\u00e4uft, m\u00fcssen Sie vor Ihrer n\u00e4chsten Reise einen neuen Antrag stellen.  <\/p>\n","protected":false},"excerpt":{"rendered":"<p>Wie lange dauert es, ein ESTA zu erhalten? Wenn Sie eine Reise in die USA planen, ist die Beantragung eines ESTA ein entscheidender Schritt f\u00fcr Staatsangeh\u00f6rige von L\u00e4ndern, die am Visa Waiver Program teilnehmen. Das Verst\u00e4ndnis der ESTA-Fristen kann Ihnen helfen, Ihre Reise effizient zu planen und Stress in letzter Minute zu vermeiden. Hier finden [&hellip;]<\/p>\n","protected":false},"author":1,"featured_media":0,"parent":0,"menu_order":0,"comment_status":"closed","ping_status":"closed","template":"","meta":{"footnotes":""},"class_list":["post-2849","page","type-page","status-publish","hentry"],"yoast_head":"<!-- This site is optimized with the Yoast SEO plugin v26.6 - https:\/\/yoast.com\/wordpress\/plugins\/seo\/ -->\n<title>Die Fristen f\u00fcr die Beantragung von ESTA - USA-GV.COM<\/title>\n<meta name=\"description\" content=\"Welche Bearbeitungszeiten f\u00fcr einen ESTA-Antrag m\u00fcssen Sie einplanen, um die best\u00e4tigte Reisebescheinigung zu erhalten?\" \/>\n<meta name=\"robots\" content=\"index, follow, max-snippet:-1, max-image-preview:large, max-video-preview:-1\" \/>\n<link rel=\"canonical\" href=\"https:\/\/usa-gv.com\/de\/fristen-den-erhalt-esta\/\" \/>\n<meta property=\"og:locale\" content=\"de_DE\" \/>\n<meta property=\"og:type\" content=\"article\" \/>\n<meta property=\"og:title\" content=\"Die Fristen f\u00fcr die Beantragung von ESTA - USA-GV.COM\" \/>\n<meta property=\"og:description\" content=\"Welche Bearbeitungszeiten f\u00fcr einen ESTA-Antrag m\u00fcssen Sie einplanen, um die best\u00e4tigte Reisebescheinigung zu erhalten?\" \/>\n<meta property=\"og:url\" content=\"https:\/\/usa-gv.com\/de\/fristen-den-erhalt-esta\/\" \/>\n<meta property=\"og:site_name\" content=\"USA-GV.COM\" \/>\n<meta property=\"article:modified_time\" content=\"2025-02-25T11:51:26+00:00\" \/>\n<meta name=\"twitter:card\" content=\"summary_large_image\" \/>\n<meta name=\"twitter:label1\" content=\"Gesch\u00e4tzte Lesezeit\" \/>\n\t<meta name=\"twitter:data1\" content=\"2\u00a0Minuten\" \/>\n<script type=\"application\/ld+json\" class=\"yoast-schema-graph\">{\"@context\":\"https:\/\/schema.org\",\"@graph\":[{\"@type\":\"WebPage\",\"@id\":\"https:\/\/usa-gv.com\/de\/fristen-den-erhalt-esta\/\",\"url\":\"https:\/\/usa-gv.com\/de\/fristen-den-erhalt-esta\/\",\"name\":\"Die Fristen f\u00fcr die Beantragung von ESTA - USA-GV.COM\",\"isPartOf\":{\"@id\":\"https:\/\/usa-gv.com\/de\/#website\"},\"datePublished\":\"2024-03-12T20:47:05+00:00\",\"dateModified\":\"2025-02-25T11:51:26+00:00\",\"description\":\"Welche Bearbeitungszeiten f\u00fcr einen ESTA-Antrag m\u00fcssen Sie einplanen, um die best\u00e4tigte Reisebescheinigung zu erhalten?\",\"breadcrumb\":{\"@id\":\"https:\/\/usa-gv.com\/de\/fristen-den-erhalt-esta\/#breadcrumb\"},\"inLanguage\":\"de\",\"potentialAction\":[{\"@type\":\"ReadAction\",\"target\":[\"https:\/\/usa-gv.com\/de\/fristen-den-erhalt-esta\/\"]}]},{\"@type\":\"BreadcrumbList\",\"@id\":\"https:\/\/usa-gv.com\/de\/fristen-den-erhalt-esta\/#breadcrumb\",\"itemListElement\":[{\"@type\":\"ListItem\",\"position\":1,\"name\":\"Home\",\"item\":\"https:\/\/usa-gv.com\/de\/usa-reisefuehrer\/\"},{\"@type\":\"ListItem\",\"position\":2,\"name\":\"Die Fristen f\u00fcr die Beantragung von ESTA\"}]},{\"@type\":\"WebSite\",\"@id\":\"https:\/\/usa-gv.com\/de\/#website\",\"url\":\"https:\/\/usa-gv.com\/de\/\",\"name\":\"USA-GV.COM\",\"description\":\"\",\"potentialAction\":[{\"@type\":\"SearchAction\",\"target\":{\"@type\":\"EntryPoint\",\"urlTemplate\":\"https:\/\/usa-gv.com\/de\/?s={search_term_string}\"},\"query-input\":{\"@type\":\"PropertyValueSpecification\",\"valueRequired\":true,\"valueName\":\"search_term_string\"}}],\"inLanguage\":\"de\"}]}<\/script>\n<!-- \/ Yoast SEO plugin. -->","yoast_head_json":{"title":"Die Fristen f\u00fcr die Beantragung von ESTA - USA-GV.COM","description":"Welche Bearbeitungszeiten f\u00fcr einen ESTA-Antrag m\u00fcssen Sie einplanen, um die best\u00e4tigte Reisebescheinigung zu erhalten?","robots":{"index":"index","follow":"follow","max-snippet":"max-snippet:-1","max-image-preview":"max-image-preview:large","max-video-preview":"max-video-preview:-1"},"canonical":"https:\/\/usa-gv.com\/de\/fristen-den-erhalt-esta\/","og_locale":"de_DE","og_type":"article","og_title":"Die Fristen f\u00fcr die Beantragung von ESTA - USA-GV.COM","og_description":"Welche Bearbeitungszeiten f\u00fcr einen ESTA-Antrag m\u00fcssen Sie einplanen, um die best\u00e4tigte Reisebescheinigung zu erhalten?","og_url":"https:\/\/usa-gv.com\/de\/fristen-den-erhalt-esta\/","og_site_name":"USA-GV.COM","article_modified_time":"2025-02-25T11:51:26+00:00","twitter_card":"summary_large_image","twitter_misc":{"Gesch\u00e4tzte Lesezeit":"2\u00a0Minuten"},"schema":{"@context":"https:\/\/schema.org","@graph":[{"@type":"WebPage","@id":"https:\/\/usa-gv.com\/de\/fristen-den-erhalt-esta\/","url":"https:\/\/usa-gv.com\/de\/fristen-den-erhalt-esta\/","name":"Die Fristen f\u00fcr die Beantragung von ESTA - USA-GV.COM","isPartOf":{"@id":"https:\/\/usa-gv.com\/de\/#website"},"datePublished":"2024-03-12T20:47:05+00:00","dateModified":"2025-02-25T11:51:26+00:00","description":"Welche Bearbeitungszeiten f\u00fcr einen ESTA-Antrag m\u00fcssen Sie einplanen, um die best\u00e4tigte Reisebescheinigung zu erhalten?","breadcrumb":{"@id":"https:\/\/usa-gv.com\/de\/fristen-den-erhalt-esta\/#breadcrumb"},"inLanguage":"de","potentialAction":[{"@type":"ReadAction","target":["https:\/\/usa-gv.com\/de\/fristen-den-erhalt-esta\/"]}]},{"@type":"BreadcrumbList","@id":"https:\/\/usa-gv.com\/de\/fristen-den-erhalt-esta\/#breadcrumb","itemListElement":[{"@type":"ListItem","position":1,"name":"Home","item":"https:\/\/usa-gv.com\/de\/usa-reisefuehrer\/"},{"@type":"ListItem","position":2,"name":"Die Fristen f\u00fcr die Beantragung von ESTA"}]},{"@type":"WebSite","@id":"https:\/\/usa-gv.com\/de\/#website","url":"https:\/\/usa-gv.com\/de\/","name":"USA-GV.COM","description":"","potentialAction":[{"@type":"SearchAction","target":{"@type":"EntryPoint","urlTemplate":"https:\/\/usa-gv.com\/de\/?s={search_term_string}"},"query-input":{"@type":"PropertyValueSpecification","valueRequired":true,"valueName":"search_term_string"}}],"inLanguage":"de"}]}},"_links":{"self":[{"href":"https:\/\/usa-gv.com\/de\/wp-json\/wp\/v2\/pages\/2849","targetHints":{"allow":["GET"]}}],"collection":[{"href":"https:\/\/usa-gv.com\/de\/wp-json\/wp\/v2\/pages"}],"about":[{"href":"https:\/\/usa-gv.com\/de\/wp-json\/wp\/v2\/types\/page"}],"author":[{"embeddable":true,"href":"https:\/\/usa-gv.com\/de\/wp-json\/wp\/v2\/users\/1"}],"replies":[{"embeddable":true,"href":"https:\/\/usa-gv.com\/de\/wp-json\/wp\/v2\/comments?post=2849"}],"version-history":[{"count":1,"href":"https:\/\/usa-gv.com\/de\/wp-json\/wp\/v2\/pages\/2849\/revisions"}],"predecessor-version":[{"id":7589,"href":"https:\/\/usa-gv.com\/de\/wp-json\/wp\/v2\/pages\/2849\/revisions\/7589"}],"wp:attachment":[{"href":"https:\/\/usa-gv.com\/de\/wp-json\/wp\/v2\/media?parent=2849"}],"curies":[{"name":"wp","href":"https:\/\/api.w.org\/{rel}","templated":true}]}}