{"id":2831,"date":"2024-03-11T21:37:08","date_gmt":"2024-03-11T21:37:08","guid":{"rendered":"https:\/\/usa-gv.com\/offizielle-esta-website\/"},"modified":"2025-02-25T11:51:13","modified_gmt":"2025-02-25T11:51:13","slug":"offizielle-esta-website","status":"publish","type":"page","link":"https:\/\/usa-gv.com\/de\/offizielle-esta-website\/","title":{"rendered":"Die offizielle ESTA-Website"},"content":{"rendered":"\n<h1 class=\"wp-block-heading\">Die offizielle Webseite, um ein ESTA zu beantragen<\/h1>\n\n<p>Die ESTA-Genehmigung erm\u00f6glicht es berechtigten B\u00fcrgern, ohne Visum f\u00fcr einen Aufenthalt von weniger als 90 Tagen als Tourist oder Gesch\u00e4ftsreisender in die USA einzureisen.\nEine ESTA-Genehmigung kann online auf der offiziellen Website des Homeland Security Department beantragt werden. <\/p>\n\n<p><strong>Um die Genehmigung innerhalb weniger Minuten<\/strong> zu erhalten, klicken Sie einfach auf das <a href=\"https:\/\/usa-gv.com\/de\/esta-online-formular\/\">Online-ESTA-Formular<\/a>.<\/p>\n\n<div style=\"height:10px\" aria-hidden=\"true\" class=\"wp-block-spacer\"><\/div>\n\n<h2 class=\"wp-block-heading\">Wie lautet die offizielle Website f\u00fcr die Beantragung eines ESTA?<\/h2>\n\n<p>Die offizielle Website f\u00fcr die Online-Beantragung von ESTA enth\u00e4lt ein Formular mit allen <a href=\"https:\/\/usa-gv.com\/de\/fragen-zum-esta-formular\/\">ESTA-Fragen<\/a>, die ausgef\u00fcllt werden m\u00fcssen. Die offizielle Website des US-Ministeriums f\u00fcr Innere Sicherheit erm\u00f6glicht eine direkte Online-Beantragung, die Sie unter https:\/\/esta.cbp.dhs.gov\/ finden. Die Website ist in 27 Sprachen verf\u00fcgbar.  <\/p>\n\n<h2 class=\"wp-block-heading\">Kann ich mein ESTA auf der offiziellen Website \u00fcberpr\u00fcfen?<\/h2>\n\n<p>Auf der offiziellen Website kann auch der <a href=\"https:\/\/usa-gv.com\/de\/uberprufen-sie-die-esta-gultigkeit\/\">Status des ESTA \u00fcberpr\u00fcft<\/a> werden. Es gibt drei verschiedene Status f\u00fcr einen ESTA-Antrag:<\/p>\n\n<ul class=\"wp-block-list\">\n<li>ESTA genehmigt ;<\/li>\n\n\n\n<li><a href=\"https:\/\/usa-gv.com\/de\/esta-antrag-steht-noch-aus\/\">ESTA aus stehend<\/a> ;<\/li>\n\n\n\n<li><a href=\"https:\/\/usa-gv.com\/de\/esta-antrag-abgelehnt\/\">ESTA abgelehnt<\/a>.  <\/li>\n<\/ul>\n\n<div style=\"height:10px\" aria-hidden=\"true\" class=\"wp-block-spacer\"><\/div>\n\n<h2 class=\"wp-block-heading\">Wie viel kostet ein ESTA auf der offiziellen Website?<\/h2>\n\n<p>Das Verfahren zur Erlangung einer ESTA-Genehmigung auf der offiziellen Website erfordert eine Online-Zahlung, um den Antrag zu best\u00e4tigen.\nMit der Zahlung der <a href=\"https:\/\/usa-gv.com\/de\/us-esta-preis\/\">ESTA-Geb\u00fchr<\/a> wird die computergest\u00fctzte Bearbeitung des Antrags eingeleitet.\nDie Geb\u00fchr f\u00fcr das ESTA betr\u00e4gt 21 USD.\nSie dienen zur Finanzierung der Verwaltung der ESTA-Dienstleistungen und zur F\u00f6rderung des Tourismus in den Vereinigten Staaten.   <\/p>\n\n<h2 class=\"wp-block-heading\">Offizielle Seite f\u00fcr die Beantragung eines ESTA<\/h2>\n\n<figure class=\"wp-block-image size-large\"><img decoding=\"async\" src=\"https:\/\/usa-gv.com\/wp-content\/uploads\/2024\/04\/esta-DE-1024x901.jpg\" alt=\"Offizielle ESTA-Website f&#xFC;r die USA\" class=\"wp-image-3279\"\/><figcaption class=\"wp-element-caption\">Offizielle Webseite f\u00fcr die Beantragung eines ESTA<\/figcaption><\/figure>\n","protected":false},"excerpt":{"rendered":"<p>Die offizielle Webseite, um ein ESTA zu beantragen Die ESTA-Genehmigung erm\u00f6glicht es berechtigten B\u00fcrgern, ohne Visum f\u00fcr einen Aufenthalt von weniger als 90 Tagen als Tourist oder Gesch\u00e4ftsreisender in die USA einzureisen. Eine ESTA-Genehmigung kann online auf der offiziellen Website des Homeland Security Department beantragt werden. Um die Genehmigung innerhalb weniger Minuten zu erhalten, klicken [&hellip;]<\/p>\n","protected":false},"author":1,"featured_media":0,"parent":0,"menu_order":0,"comment_status":"closed","ping_status":"closed","template":"","meta":{"footnotes":""},"class_list":["post-2831","page","type-page","status-publish","hentry"],"yoast_head":"<!-- This site is optimized with the Yoast SEO plugin v26.6 - https:\/\/yoast.com\/wordpress\/plugins\/seo\/ -->\n<title>Die offizielle ESTA-Website - USA-GV.COM<\/title>\n<meta name=\"description\" content=\"Um einen ESTA-Antrag online zu stellen, muss man sich auf der offiziellen Webseite des US Department of Homeland Security anmelden.\" \/>\n<meta name=\"robots\" content=\"index, follow, max-snippet:-1, max-image-preview:large, max-video-preview:-1\" \/>\n<link rel=\"canonical\" href=\"https:\/\/usa-gv.com\/de\/offizielle-esta-website\/\" \/>\n<meta property=\"og:locale\" content=\"de_DE\" \/>\n<meta property=\"og:type\" content=\"article\" \/>\n<meta property=\"og:title\" content=\"Die offizielle ESTA-Website - USA-GV.COM\" \/>\n<meta property=\"og:description\" content=\"Um einen ESTA-Antrag online zu stellen, muss man sich auf der offiziellen Webseite des US Department of Homeland Security anmelden.\" \/>\n<meta property=\"og:url\" content=\"https:\/\/usa-gv.com\/de\/offizielle-esta-website\/\" \/>\n<meta property=\"og:site_name\" content=\"USA-GV.COM\" \/>\n<meta property=\"article:modified_time\" content=\"2025-02-25T11:51:13+00:00\" \/>\n<meta property=\"og:image\" content=\"https:\/\/usa-gv.com\/wp-content\/uploads\/2024\/04\/esta-DE-1024x901.jpg\" \/>\n<meta name=\"twitter:card\" content=\"summary_large_image\" \/>\n<meta name=\"twitter:label1\" content=\"Gesch\u00e4tzte Lesezeit\" \/>\n\t<meta name=\"twitter:data1\" content=\"1\u00a0Minute\" \/>\n<script type=\"application\/ld+json\" class=\"yoast-schema-graph\">{\"@context\":\"https:\/\/schema.org\",\"@graph\":[{\"@type\":\"WebPage\",\"@id\":\"https:\/\/usa-gv.com\/de\/offizielle-esta-website\/\",\"url\":\"https:\/\/usa-gv.com\/de\/offizielle-esta-website\/\",\"name\":\"Die offizielle ESTA-Website - USA-GV.COM\",\"isPartOf\":{\"@id\":\"https:\/\/usa-gv.com\/de\/#website\"},\"primaryImageOfPage\":{\"@id\":\"https:\/\/usa-gv.com\/de\/offizielle-esta-website\/#primaryimage\"},\"image\":{\"@id\":\"https:\/\/usa-gv.com\/de\/offizielle-esta-website\/#primaryimage\"},\"thumbnailUrl\":\"https:\/\/usa-gv.com\/wp-content\/uploads\/2024\/04\/esta-DE-1024x901.jpg\",\"datePublished\":\"2024-03-11T21:37:08+00:00\",\"dateModified\":\"2025-02-25T11:51:13+00:00\",\"description\":\"Um einen ESTA-Antrag online zu stellen, muss man sich auf der offiziellen Webseite des US Department of Homeland Security anmelden.\",\"breadcrumb\":{\"@id\":\"https:\/\/usa-gv.com\/de\/offizielle-esta-website\/#breadcrumb\"},\"inLanguage\":\"de\",\"potentialAction\":[{\"@type\":\"ReadAction\",\"target\":[\"https:\/\/usa-gv.com\/de\/offizielle-esta-website\/\"]}]},{\"@type\":\"ImageObject\",\"inLanguage\":\"de\",\"@id\":\"https:\/\/usa-gv.com\/de\/offizielle-esta-website\/#primaryimage\",\"url\":\"https:\/\/usa-gv.com\/wp-content\/uploads\/2024\/04\/esta-DE-1024x901.jpg\",\"contentUrl\":\"https:\/\/usa-gv.com\/wp-content\/uploads\/2024\/04\/esta-DE-1024x901.jpg\"},{\"@type\":\"BreadcrumbList\",\"@id\":\"https:\/\/usa-gv.com\/de\/offizielle-esta-website\/#breadcrumb\",\"itemListElement\":[{\"@type\":\"ListItem\",\"position\":1,\"name\":\"Home\",\"item\":\"https:\/\/usa-gv.com\/de\/usa-reisefuehrer\/\"},{\"@type\":\"ListItem\",\"position\":2,\"name\":\"Die offizielle ESTA-Website\"}]},{\"@type\":\"WebSite\",\"@id\":\"https:\/\/usa-gv.com\/de\/#website\",\"url\":\"https:\/\/usa-gv.com\/de\/\",\"name\":\"USA-GV.COM\",\"description\":\"\",\"potentialAction\":[{\"@type\":\"SearchAction\",\"target\":{\"@type\":\"EntryPoint\",\"urlTemplate\":\"https:\/\/usa-gv.com\/de\/?s={search_term_string}\"},\"query-input\":{\"@type\":\"PropertyValueSpecification\",\"valueRequired\":true,\"valueName\":\"search_term_string\"}}],\"inLanguage\":\"de\"}]}<\/script>\n<!-- \/ Yoast SEO plugin. -->","yoast_head_json":{"title":"Die offizielle ESTA-Website - USA-GV.COM","description":"Um einen ESTA-Antrag online zu stellen, muss man sich auf der offiziellen Webseite des US Department of Homeland Security anmelden.","robots":{"index":"index","follow":"follow","max-snippet":"max-snippet:-1","max-image-preview":"max-image-preview:large","max-video-preview":"max-video-preview:-1"},"canonical":"https:\/\/usa-gv.com\/de\/offizielle-esta-website\/","og_locale":"de_DE","og_type":"article","og_title":"Die offizielle ESTA-Website - USA-GV.COM","og_description":"Um einen ESTA-Antrag online zu stellen, muss man sich auf der offiziellen Webseite des US Department of Homeland Security anmelden.","og_url":"https:\/\/usa-gv.com\/de\/offizielle-esta-website\/","og_site_name":"USA-GV.COM","article_modified_time":"2025-02-25T11:51:13+00:00","og_image":[{"url":"https:\/\/usa-gv.com\/wp-content\/uploads\/2024\/04\/esta-DE-1024x901.jpg","type":"","width":"","height":""}],"twitter_card":"summary_large_image","twitter_misc":{"Gesch\u00e4tzte Lesezeit":"1\u00a0Minute"},"schema":{"@context":"https:\/\/schema.org","@graph":[{"@type":"WebPage","@id":"https:\/\/usa-gv.com\/de\/offizielle-esta-website\/","url":"https:\/\/usa-gv.com\/de\/offizielle-esta-website\/","name":"Die offizielle ESTA-Website - USA-GV.COM","isPartOf":{"@id":"https:\/\/usa-gv.com\/de\/#website"},"primaryImageOfPage":{"@id":"https:\/\/usa-gv.com\/de\/offizielle-esta-website\/#primaryimage"},"image":{"@id":"https:\/\/usa-gv.com\/de\/offizielle-esta-website\/#primaryimage"},"thumbnailUrl":"https:\/\/usa-gv.com\/wp-content\/uploads\/2024\/04\/esta-DE-1024x901.jpg","datePublished":"2024-03-11T21:37:08+00:00","dateModified":"2025-02-25T11:51:13+00:00","description":"Um einen ESTA-Antrag online zu stellen, muss man sich auf der offiziellen Webseite des US Department of Homeland Security anmelden.","breadcrumb":{"@id":"https:\/\/usa-gv.com\/de\/offizielle-esta-website\/#breadcrumb"},"inLanguage":"de","potentialAction":[{"@type":"ReadAction","target":["https:\/\/usa-gv.com\/de\/offizielle-esta-website\/"]}]},{"@type":"ImageObject","inLanguage":"de","@id":"https:\/\/usa-gv.com\/de\/offizielle-esta-website\/#primaryimage","url":"https:\/\/usa-gv.com\/wp-content\/uploads\/2024\/04\/esta-DE-1024x901.jpg","contentUrl":"https:\/\/usa-gv.com\/wp-content\/uploads\/2024\/04\/esta-DE-1024x901.jpg"},{"@type":"BreadcrumbList","@id":"https:\/\/usa-gv.com\/de\/offizielle-esta-website\/#breadcrumb","itemListElement":[{"@type":"ListItem","position":1,"name":"Home","item":"https:\/\/usa-gv.com\/de\/usa-reisefuehrer\/"},{"@type":"ListItem","position":2,"name":"Die offizielle ESTA-Website"}]},{"@type":"WebSite","@id":"https:\/\/usa-gv.com\/de\/#website","url":"https:\/\/usa-gv.com\/de\/","name":"USA-GV.COM","description":"","potentialAction":[{"@type":"SearchAction","target":{"@type":"EntryPoint","urlTemplate":"https:\/\/usa-gv.com\/de\/?s={search_term_string}"},"query-input":{"@type":"PropertyValueSpecification","valueRequired":true,"valueName":"search_term_string"}}],"inLanguage":"de"}]}},"_links":{"self":[{"href":"https:\/\/usa-gv.com\/de\/wp-json\/wp\/v2\/pages\/2831","targetHints":{"allow":["GET"]}}],"collection":[{"href":"https:\/\/usa-gv.com\/de\/wp-json\/wp\/v2\/pages"}],"about":[{"href":"https:\/\/usa-gv.com\/de\/wp-json\/wp\/v2\/types\/page"}],"author":[{"embeddable":true,"href":"https:\/\/usa-gv.com\/de\/wp-json\/wp\/v2\/users\/1"}],"replies":[{"embeddable":true,"href":"https:\/\/usa-gv.com\/de\/wp-json\/wp\/v2\/comments?post=2831"}],"version-history":[{"count":1,"href":"https:\/\/usa-gv.com\/de\/wp-json\/wp\/v2\/pages\/2831\/revisions"}],"predecessor-version":[{"id":7567,"href":"https:\/\/usa-gv.com\/de\/wp-json\/wp\/v2\/pages\/2831\/revisions\/7567"}],"wp:attachment":[{"href":"https:\/\/usa-gv.com\/de\/wp-json\/wp\/v2\/media?parent=2831"}],"curies":[{"name":"wp","href":"https:\/\/api.w.org\/{rel}","templated":true}]}}