{"id":2813,"date":"2024-03-12T20:06:24","date_gmt":"2024-03-12T20:06:24","guid":{"rendered":"https:\/\/usa-gv.com\/esta-gultigkeitsdauer\/"},"modified":"2025-02-25T11:51:03","modified_gmt":"2025-02-25T11:51:03","slug":"esta-gultigkeitsdauer","status":"publish","type":"page","link":"https:\/\/usa-gv.com\/de\/esta-gultigkeitsdauer\/","title":{"rendered":"Die G\u00fcltigkeitsdauer von ESTA"},"content":{"rendered":"\n<h1 class=\"wp-block-heading\">Wie lange ist ein ESTA g\u00fcltig?<\/h1>\n\n<p>Eine ESTA-Genehmigung ist ab dem Datum der Genehmigung zwei Jahre lang g\u00fcltig.\nUm Ihre Reisegenehmigung f\u00fcr die USA zu verl\u00e4ngern oder erstmals zu beantragen, f\u00fcllen Sie einfach das ESTA-Formular online aus. <\/p>\n\n<h2 class=\"wp-block-heading\">G\u00fcltigkeitsdauer einer ESTA-Genehmigung<\/h2>\n\n<p>Das ESTA ist zun\u00e4chst zwei Jahre g\u00fcltig.\nIn diesem Zeitraum k\u00f6nnen Reisende mehrere Reisen in die USA unternehmen, ohne jedes Mal einen neuen Antrag stellen zu m\u00fcssen.\nEs ist jedoch entscheidend, dass Sie die <a href=\"https:\/\/usa-gv.com\/de\/uberprufen-sie-die-esta-gultigkeit\/\">G\u00fcltigkeit eines ESTA<\/a> vor jeder Reise in die USA \u00fcberpr\u00fcfen.  <\/p>\n\n<p>Seit Sommer 2023 wurde die maximale G\u00fcltigkeitsdauer f\u00fcr zwei L\u00e4nder, die am <a href=\"https:\/\/usa-gv.com\/de\/visa-waiver-program-usa\/\">Visa Waiver Program<\/a> teilnehmen, auf ein Jahr reduziert: Brunei und Ungarn. Weitere Einzelheiten finden Sie weiter unten.<\/p>\n\n<h2 class=\"wp-block-heading\">L\u00e4nder mit verk\u00fcrzter ESTA-G\u00fcltigkeitsdauer<\/h2>\n\n<p>Staatsangeh\u00f6rige von L\u00e4ndern, die dem US-Programm f\u00fcr visumfreies Reisen (Visa Waiver Program) angeh\u00f6ren, haben in der Regel eine maximale G\u00fcltigkeitsdauer von 2 Jahren f\u00fcr ein ESTA.\nSeit 2023 gibt es jedoch Ausnahmen: <\/p>\n\n<ul class=\"wp-block-list\">\n<li><strong>Seit dem 6. Juli 2023<\/strong>: B\u00fcrger von Brunei, die einen Reisepass von Brunei verwenden, haben eine auf 1 Jahr verk\u00fcrzte maximale G\u00fcltigkeitsdauer ihres ESTA.<\/li>\n\n\n\n<li><strong>Seit dem 1. August 2023<\/strong>: Ungarische Staatsb\u00fcrger, die einen ungarischen Pass verwenden, haben ebenfalls eine auf 1 Jahr verk\u00fcrzte maximale G\u00fcltigkeitsdauer ihres ESTA.<\/li>\n<\/ul>\n\n<div style=\"height:10px\" aria-hidden=\"true\" class=\"wp-block-spacer\"><\/div>\n\n<h2 class=\"wp-block-heading\">Bedingungen f\u00fcr die Verk\u00fcrzung der G\u00fcltigkeitsdauer von ESTA<\/h2>\n\n<p>Die G\u00fcltigkeitsdauer des ESTA kann in den folgenden F\u00e4llen verk\u00fcrzt werden:<\/p>\n\n<ul class=\"wp-block-list\">\n<li><strong>Ablauf der G\u00fcltigkeitsdauer des Reisepasses<\/strong>: Eine ESTA-Genehmigung ist an einen <a href=\"https:\/\/usa-gv.com\/de\/reisepass-fur-die-usa\/\">g\u00fcltigen Reisepass f\u00fcr die USA<\/a> gebunden. Wenn Ihr Reisepass innerhalb dieser zwei Jahre abl\u00e4uft, wird Ihr ESTA nicht mehr g\u00fcltig sein und Sie m\u00fcssen einen <a href=\"https:\/\/usa-gv.com\/de\/so-beantragen-sie-esta\/\">neuen ESTA-Antrag<\/a> stellen.<\/li>\n\n\n\n<li><strong>\u00c4nderung der pers\u00f6nlichen Daten<\/strong>: Wenn Sie innerhalb von zwei Jahren Ihren Namen, Ihr Geschlecht oder Ihre Staatsangeh\u00f6rigkeit \u00e4ndern, ist ein neuer ESTA-Antrag erforderlich, da die pers\u00f6nlichen Daten nicht mehr aktuell sind.<\/li>\n\n\n\n<li><strong>\u00c4nderung der Antworten auf die Fragen<\/strong>: Wenn sich die Antworten auf die pers\u00f6nlichen <a href=\"https:\/\/usa-gv.com\/de\/fragen-zum-esta-formular\/\">ESTA-Fragen<\/a> (Gesundheit, Vorstrafen, Verhalten) \u00e4ndern, ist ebenfalls ein neuer ESTA-Antrag erforderlich.<\/li>\n<\/ul>\n\n<div style=\"height:10px\" aria-hidden=\"true\" class=\"wp-block-spacer\"><\/div>\n\n<h2 class=\"wp-block-heading\">Zul\u00e4ssige Aufenthaltsdauer mit ESTA<\/h2>\n\n<p>Obwohl eine ESTA-Genehmigung zwei Jahre lang g\u00fcltig ist, berechtigt sie nicht zum Aufenthalt in den USA f\u00fcr 24 aufeinanderfolgende Monate.\nJeder Aufenthalt ist auf maximal 90 Tage beschr\u00e4nkt.\nF\u00fcr Aufenthalte von mehr als 90 Tagen ist ein <a href=\"https:\/\/usa-gv.com\/de\/touristenvisum-usa\/\">US-Touristenvisum<\/a> oder eine Green Card erforderlich.  <\/p>\n\n<h2 class=\"wp-block-heading\">Ablauf eines ESTA w\u00e4hrend eines Aufenthalts in den USA<\/h2>\n\n<p>Wenn Ihr ESTA w\u00e4hrend Ihres Aufenthalts in den USA abl\u00e4uft, k\u00f6nnen Sie ohne Bedenken bis zum Ende Ihres geplanten Aufenthalts bleiben, vorausgesetzt, Sie \u00fcberschreiten nicht die erlaubten 90 Tage.\nSie werden keine Probleme bei der Ausreise aus den USA haben, solange Sie sich an diese Frist halten. <\/p>\n\n<p><\/p>\n","protected":false},"excerpt":{"rendered":"<p>Wie lange ist ein ESTA g\u00fcltig? Eine ESTA-Genehmigung ist ab dem Datum der Genehmigung zwei Jahre lang g\u00fcltig. Um Ihre Reisegenehmigung f\u00fcr die USA zu verl\u00e4ngern oder erstmals zu beantragen, f\u00fcllen Sie einfach das ESTA-Formular online aus. G\u00fcltigkeitsdauer einer ESTA-Genehmigung Das ESTA ist zun\u00e4chst zwei Jahre g\u00fcltig. In diesem Zeitraum k\u00f6nnen Reisende mehrere Reisen in [&hellip;]<\/p>\n","protected":false},"author":1,"featured_media":0,"parent":0,"menu_order":0,"comment_status":"closed","ping_status":"closed","template":"","meta":{"footnotes":""},"class_list":["post-2813","page","type-page","status-publish","hentry"],"yoast_head":"<!-- This site is optimized with the Yoast SEO plugin v26.6 - https:\/\/yoast.com\/wordpress\/plugins\/seo\/ -->\n<title>Die G\u00fcltigkeitsdauer von ESTA - USA-GV.COM<\/title>\n<meta name=\"description\" content=\"Finden Sie heraus, wie lange die ESTA-Genehmigung f\u00fcr einen Aufenthalt in den Vereinigten Staaten g\u00fcltig ist.\" \/>\n<meta name=\"robots\" content=\"index, follow, max-snippet:-1, max-image-preview:large, max-video-preview:-1\" \/>\n<link rel=\"canonical\" href=\"https:\/\/usa-gv.com\/de\/esta-gultigkeitsdauer\/\" \/>\n<meta property=\"og:locale\" content=\"de_DE\" \/>\n<meta property=\"og:type\" content=\"article\" \/>\n<meta property=\"og:title\" content=\"Die G\u00fcltigkeitsdauer von ESTA - USA-GV.COM\" \/>\n<meta property=\"og:description\" content=\"Finden Sie heraus, wie lange die ESTA-Genehmigung f\u00fcr einen Aufenthalt in den Vereinigten Staaten g\u00fcltig ist.\" \/>\n<meta property=\"og:url\" content=\"https:\/\/usa-gv.com\/de\/esta-gultigkeitsdauer\/\" \/>\n<meta property=\"og:site_name\" content=\"USA-GV.COM\" \/>\n<meta property=\"article:modified_time\" content=\"2025-02-25T11:51:03+00:00\" \/>\n<meta name=\"twitter:card\" content=\"summary_large_image\" \/>\n<meta name=\"twitter:label1\" content=\"Gesch\u00e4tzte Lesezeit\" \/>\n\t<meta name=\"twitter:data1\" content=\"2\u00a0Minuten\" \/>\n<script type=\"application\/ld+json\" class=\"yoast-schema-graph\">{\"@context\":\"https:\/\/schema.org\",\"@graph\":[{\"@type\":\"WebPage\",\"@id\":\"https:\/\/usa-gv.com\/de\/esta-gultigkeitsdauer\/\",\"url\":\"https:\/\/usa-gv.com\/de\/esta-gultigkeitsdauer\/\",\"name\":\"Die G\u00fcltigkeitsdauer von ESTA - USA-GV.COM\",\"isPartOf\":{\"@id\":\"https:\/\/usa-gv.com\/de\/#website\"},\"datePublished\":\"2024-03-12T20:06:24+00:00\",\"dateModified\":\"2025-02-25T11:51:03+00:00\",\"description\":\"Finden Sie heraus, wie lange die ESTA-Genehmigung f\u00fcr einen Aufenthalt in den Vereinigten Staaten g\u00fcltig ist.\",\"breadcrumb\":{\"@id\":\"https:\/\/usa-gv.com\/de\/esta-gultigkeitsdauer\/#breadcrumb\"},\"inLanguage\":\"de\",\"potentialAction\":[{\"@type\":\"ReadAction\",\"target\":[\"https:\/\/usa-gv.com\/de\/esta-gultigkeitsdauer\/\"]}]},{\"@type\":\"BreadcrumbList\",\"@id\":\"https:\/\/usa-gv.com\/de\/esta-gultigkeitsdauer\/#breadcrumb\",\"itemListElement\":[{\"@type\":\"ListItem\",\"position\":1,\"name\":\"Home\",\"item\":\"https:\/\/usa-gv.com\/de\/usa-reisefuehrer\/\"},{\"@type\":\"ListItem\",\"position\":2,\"name\":\"Die G\u00fcltigkeitsdauer von ESTA\"}]},{\"@type\":\"WebSite\",\"@id\":\"https:\/\/usa-gv.com\/de\/#website\",\"url\":\"https:\/\/usa-gv.com\/de\/\",\"name\":\"USA-GV.COM\",\"description\":\"\",\"potentialAction\":[{\"@type\":\"SearchAction\",\"target\":{\"@type\":\"EntryPoint\",\"urlTemplate\":\"https:\/\/usa-gv.com\/de\/?s={search_term_string}\"},\"query-input\":{\"@type\":\"PropertyValueSpecification\",\"valueRequired\":true,\"valueName\":\"search_term_string\"}}],\"inLanguage\":\"de\"}]}<\/script>\n<!-- \/ Yoast SEO plugin. -->","yoast_head_json":{"title":"Die G\u00fcltigkeitsdauer von ESTA - USA-GV.COM","description":"Finden Sie heraus, wie lange die ESTA-Genehmigung f\u00fcr einen Aufenthalt in den Vereinigten Staaten g\u00fcltig ist.","robots":{"index":"index","follow":"follow","max-snippet":"max-snippet:-1","max-image-preview":"max-image-preview:large","max-video-preview":"max-video-preview:-1"},"canonical":"https:\/\/usa-gv.com\/de\/esta-gultigkeitsdauer\/","og_locale":"de_DE","og_type":"article","og_title":"Die G\u00fcltigkeitsdauer von ESTA - USA-GV.COM","og_description":"Finden Sie heraus, wie lange die ESTA-Genehmigung f\u00fcr einen Aufenthalt in den Vereinigten Staaten g\u00fcltig ist.","og_url":"https:\/\/usa-gv.com\/de\/esta-gultigkeitsdauer\/","og_site_name":"USA-GV.COM","article_modified_time":"2025-02-25T11:51:03+00:00","twitter_card":"summary_large_image","twitter_misc":{"Gesch\u00e4tzte Lesezeit":"2\u00a0Minuten"},"schema":{"@context":"https:\/\/schema.org","@graph":[{"@type":"WebPage","@id":"https:\/\/usa-gv.com\/de\/esta-gultigkeitsdauer\/","url":"https:\/\/usa-gv.com\/de\/esta-gultigkeitsdauer\/","name":"Die G\u00fcltigkeitsdauer von ESTA - USA-GV.COM","isPartOf":{"@id":"https:\/\/usa-gv.com\/de\/#website"},"datePublished":"2024-03-12T20:06:24+00:00","dateModified":"2025-02-25T11:51:03+00:00","description":"Finden Sie heraus, wie lange die ESTA-Genehmigung f\u00fcr einen Aufenthalt in den Vereinigten Staaten g\u00fcltig ist.","breadcrumb":{"@id":"https:\/\/usa-gv.com\/de\/esta-gultigkeitsdauer\/#breadcrumb"},"inLanguage":"de","potentialAction":[{"@type":"ReadAction","target":["https:\/\/usa-gv.com\/de\/esta-gultigkeitsdauer\/"]}]},{"@type":"BreadcrumbList","@id":"https:\/\/usa-gv.com\/de\/esta-gultigkeitsdauer\/#breadcrumb","itemListElement":[{"@type":"ListItem","position":1,"name":"Home","item":"https:\/\/usa-gv.com\/de\/usa-reisefuehrer\/"},{"@type":"ListItem","position":2,"name":"Die G\u00fcltigkeitsdauer von ESTA"}]},{"@type":"WebSite","@id":"https:\/\/usa-gv.com\/de\/#website","url":"https:\/\/usa-gv.com\/de\/","name":"USA-GV.COM","description":"","potentialAction":[{"@type":"SearchAction","target":{"@type":"EntryPoint","urlTemplate":"https:\/\/usa-gv.com\/de\/?s={search_term_string}"},"query-input":{"@type":"PropertyValueSpecification","valueRequired":true,"valueName":"search_term_string"}}],"inLanguage":"de"}]}},"_links":{"self":[{"href":"https:\/\/usa-gv.com\/de\/wp-json\/wp\/v2\/pages\/2813","targetHints":{"allow":["GET"]}}],"collection":[{"href":"https:\/\/usa-gv.com\/de\/wp-json\/wp\/v2\/pages"}],"about":[{"href":"https:\/\/usa-gv.com\/de\/wp-json\/wp\/v2\/types\/page"}],"author":[{"embeddable":true,"href":"https:\/\/usa-gv.com\/de\/wp-json\/wp\/v2\/users\/1"}],"replies":[{"embeddable":true,"href":"https:\/\/usa-gv.com\/de\/wp-json\/wp\/v2\/comments?post=2813"}],"version-history":[{"count":1,"href":"https:\/\/usa-gv.com\/de\/wp-json\/wp\/v2\/pages\/2813\/revisions"}],"predecessor-version":[{"id":7556,"href":"https:\/\/usa-gv.com\/de\/wp-json\/wp\/v2\/pages\/2813\/revisions\/7556"}],"wp:attachment":[{"href":"https:\/\/usa-gv.com\/de\/wp-json\/wp\/v2\/media?parent=2813"}],"curies":[{"name":"wp","href":"https:\/\/api.w.org\/{rel}","templated":true}]}}