{"id":2775,"date":"2024-03-11T21:45:25","date_gmt":"2024-03-11T21:45:25","guid":{"rendered":"https:\/\/usa-gv.com\/esta-visum-usa\/"},"modified":"2025-02-25T11:50:45","modified_gmt":"2025-02-25T11:50:45","slug":"esta-visum-usa","status":"publish","type":"page","link":"https:\/\/usa-gv.com\/de\/esta-visum-usa\/","title":{"rendered":"Ist ESTA ein Visum f\u00fcr die USA"},"content":{"rendered":"\n<h1 class=\"wp-block-heading\">Was ist der Unterschied zwischen einem Visum und ESTA?<\/h1>\n\n<p>Beide Dokumente sind US-Reisegenehmigungen.\nSie sind grundlegend verschieden, hier sind ihre Hauptunterschiede :   <\/p>\n\n<ol class=\"wp-block-list\">\n<li>Das Visum wird von einer US-Botschaft oder einem US-Konsulat des Landes erteilt, in dem der Reisende seinen Wohnsitz hat, w\u00e4hrend es sich bei ESTA um eine <a href=\"https:\/\/usa-gv.com\/de\/was-ist-eine-esta-genehmigung\/\">online eingeholte elektronische Genehmigung handelt<\/a>;<\/li>\n\n\n\n<li>Jede Art von Visum hat bestimmte Bedingungen und eine bestimmte G\u00fcltigkeitsdauer, w\u00e4hrend ESTA f\u00fcr Kurzaufenthalte von weniger als 90 Tagen im Rahmen des <a href=\"https:\/\/usa-gv.com\/de\/visa-waiver-program-usa\/\">Programms f\u00fcr visumfreies Reisen<\/a> gilt.<\/li>\n\n\n\n<li>F\u00fcr ein <a href=\"https:\/\/usa-gv.com\/de\/touristenvisum-usa\/\">Touristenvisum<\/a> ist ein konsularisches Gespr\u00e4ch und die Vorlage zus\u00e4tzlicher Dokumente erforderlich, w\u00e4hrend Sie f\u00fcr das ESTA: einfach das <a href=\"https:\/\/usa-gv.com\/de\/fullen-sie-das-esta-formular-online-aus\/\">Online-Formular ausf\u00fcllen<\/a> und die <a href=\"https:\/\/usa-gv.com\/de\/so-bezahlen-sie-ein-esta\/\">ESTA-Geb\u00fchr bezahlen<\/a> m\u00fcssen.<\/li>\n<\/ol>\n\n<h2 class=\"wp-block-heading\">Ist ESTA eine Art Visum f\u00fcr die USA?<\/h2>\n\n<p>Nein, die ESTA-Genehmigung ist kein Visum f\u00fcr die Vereinigten Staaten.\nESTA ist eine elektronische Reisegenehmigung, die vor der Einreise in die USA eingeholt werden muss.\nDieses Verfahren erm\u00f6glicht es Ihnen, ohne Visum in die USA zu reisen, sofern Sie f\u00fcr das <a href=\"https:\/\/usa-gv.com\/de\/teilnahmebedingungen-fur-esta\/\">ESTA-Programm qualifiziert<\/a> sind.  <\/p>\n\n<p>Eine ESTA-Genehmigung ist keine Garantie f\u00fcr die Einreise in die USA.\nReisende, die im Besitz eines ESTA sind, m\u00fcssen bei der Ankunft an der US-Grenze ein kurzes Interview mit einem Zollbeamten f\u00fchren.\nErst nach diesem Interview ist der Reisende berechtigt, in die USA einzureisen und sich dort aufzuhalten.  <\/p>\n\n<h2 class=\"wp-block-heading\">Wer kann mit einem ESTA und ohne Visum in die USA reisen?<\/h2>\n\n<p>Nur Staatsangeh\u00f6rige von L\u00e4ndern, die am <a href=\"https:\/\/usa-gv.com\/de\/visa-waiver-program-usa\/\">Visa Waiver Program<\/a> teilnehmen, k\u00f6nnen mit einer einfachen ESTA-Genehmigung ohne Visum in die USA reisen. Um die Bescheinigung zu erhalten, m\u00fcssen die Reisenden das <a href=\"https:\/\/usa-gv.com\/de\/esta-online-formular\/\">ESTA-Formular online<\/a> ausf\u00fcllen. Die <a href=\"https:\/\/usa-gv.com\/de\/fristen-den-erhalt-esta\/\">Bearbeitungszeit f\u00fcr ESTA<\/a> betr\u00e4gt mindestens einige Minuten und h\u00f6chstens 72 Stunden.<\/p>\n\n<h2 class=\"wp-block-heading\">Unterscheidet sich der Preis f\u00fcr ESTA vom Preis f\u00fcr das Visum?<\/h2>\n\n<p>Die Geb\u00fchren f\u00fcr das ESTA oder das Visum f\u00fcr die USA sind unterschiedlich hoch:<\/p>\n\n<ul class=\"wp-block-list\">\n<li>Der <a href=\"https:\/\/usa-gv.com\/de\/us-esta-preis\/\">Preis f\u00fcr das ESTA<\/a> wurde seit der Einf\u00fchrung des Programms im Jahr 2009 mehrmals ge\u00e4ndert. Ab dem Jahr 2022 betr\u00e4gt die Verwaltungsgeb\u00fchr, die online auf der <a href=\"https:\/\/usa-gv.com\/de\/offizielle-esta-website\/\">offiziellen ESTA-Website<\/a> zu zahlen ist, 21 USD;<\/li>\n\n\n\n<li>Die Geb\u00fchr f\u00fcr die Bearbeitung eines Antrags auf ein <a href=\"https:\/\/usa-gv.com\/de\/touristenvisum-usa\/\">B2-Touristenvisum<\/a> betr\u00e4gt ab dem Jahr 2023 185 USD, die online zu zahlen sind.<\/li>\n<\/ul>\n","protected":false},"excerpt":{"rendered":"<p>Was ist der Unterschied zwischen einem Visum und ESTA? Beide Dokumente sind US-Reisegenehmigungen. Sie sind grundlegend verschieden, hier sind ihre Hauptunterschiede : Ist ESTA eine Art Visum f\u00fcr die USA? Nein, die ESTA-Genehmigung ist kein Visum f\u00fcr die Vereinigten Staaten. ESTA ist eine elektronische Reisegenehmigung, die vor der Einreise in die USA eingeholt werden muss. [&hellip;]<\/p>\n","protected":false},"author":1,"featured_media":0,"parent":0,"menu_order":0,"comment_status":"closed","ping_status":"closed","template":"","meta":{"footnotes":""},"class_list":["post-2775","page","type-page","status-publish","hentry"],"yoast_head":"<!-- This site is optimized with the Yoast SEO plugin v26.6 - https:\/\/yoast.com\/wordpress\/plugins\/seo\/ -->\n<title>Ist ESTA ein Visum f\u00fcr die USA - USA-GV.COM<\/title>\n<meta name=\"description\" content=\"Finden Sie heraus, ob ESTA ein US-Visum ist und ob man damit unter denselben Bedingungen in die USA reisen kann.\" \/>\n<meta name=\"robots\" content=\"index, follow, max-snippet:-1, max-image-preview:large, max-video-preview:-1\" \/>\n<link rel=\"canonical\" href=\"https:\/\/usa-gv.com\/de\/esta-visum-usa\/\" \/>\n<meta property=\"og:locale\" content=\"de_DE\" \/>\n<meta property=\"og:type\" content=\"article\" \/>\n<meta property=\"og:title\" content=\"Ist ESTA ein Visum f\u00fcr die USA - USA-GV.COM\" \/>\n<meta property=\"og:description\" content=\"Finden Sie heraus, ob ESTA ein US-Visum ist und ob man damit unter denselben Bedingungen in die USA reisen kann.\" \/>\n<meta property=\"og:url\" content=\"https:\/\/usa-gv.com\/de\/esta-visum-usa\/\" \/>\n<meta property=\"og:site_name\" content=\"USA-GV.COM\" \/>\n<meta property=\"article:modified_time\" content=\"2025-02-25T11:50:45+00:00\" \/>\n<meta name=\"twitter:card\" content=\"summary_large_image\" \/>\n<meta name=\"twitter:label1\" content=\"Gesch\u00e4tzte Lesezeit\" \/>\n\t<meta name=\"twitter:data1\" content=\"2\u00a0Minuten\" \/>\n<script type=\"application\/ld+json\" class=\"yoast-schema-graph\">{\"@context\":\"https:\/\/schema.org\",\"@graph\":[{\"@type\":\"WebPage\",\"@id\":\"https:\/\/usa-gv.com\/de\/esta-visum-usa\/\",\"url\":\"https:\/\/usa-gv.com\/de\/esta-visum-usa\/\",\"name\":\"Ist ESTA ein Visum f\u00fcr die USA - USA-GV.COM\",\"isPartOf\":{\"@id\":\"https:\/\/usa-gv.com\/de\/#website\"},\"datePublished\":\"2024-03-11T21:45:25+00:00\",\"dateModified\":\"2025-02-25T11:50:45+00:00\",\"description\":\"Finden Sie heraus, ob ESTA ein US-Visum ist und ob man damit unter denselben Bedingungen in die USA reisen kann.\",\"breadcrumb\":{\"@id\":\"https:\/\/usa-gv.com\/de\/esta-visum-usa\/#breadcrumb\"},\"inLanguage\":\"de\",\"potentialAction\":[{\"@type\":\"ReadAction\",\"target\":[\"https:\/\/usa-gv.com\/de\/esta-visum-usa\/\"]}]},{\"@type\":\"BreadcrumbList\",\"@id\":\"https:\/\/usa-gv.com\/de\/esta-visum-usa\/#breadcrumb\",\"itemListElement\":[{\"@type\":\"ListItem\",\"position\":1,\"name\":\"Home\",\"item\":\"https:\/\/usa-gv.com\/de\/usa-reisefuehrer\/\"},{\"@type\":\"ListItem\",\"position\":2,\"name\":\"Ist ESTA ein Visum f\u00fcr die USA\"}]},{\"@type\":\"WebSite\",\"@id\":\"https:\/\/usa-gv.com\/de\/#website\",\"url\":\"https:\/\/usa-gv.com\/de\/\",\"name\":\"USA-GV.COM\",\"description\":\"\",\"potentialAction\":[{\"@type\":\"SearchAction\",\"target\":{\"@type\":\"EntryPoint\",\"urlTemplate\":\"https:\/\/usa-gv.com\/de\/?s={search_term_string}\"},\"query-input\":{\"@type\":\"PropertyValueSpecification\",\"valueRequired\":true,\"valueName\":\"search_term_string\"}}],\"inLanguage\":\"de\"}]}<\/script>\n<!-- \/ Yoast SEO plugin. -->","yoast_head_json":{"title":"Ist ESTA ein Visum f\u00fcr die USA - USA-GV.COM","description":"Finden Sie heraus, ob ESTA ein US-Visum ist und ob man damit unter denselben Bedingungen in die USA reisen kann.","robots":{"index":"index","follow":"follow","max-snippet":"max-snippet:-1","max-image-preview":"max-image-preview:large","max-video-preview":"max-video-preview:-1"},"canonical":"https:\/\/usa-gv.com\/de\/esta-visum-usa\/","og_locale":"de_DE","og_type":"article","og_title":"Ist ESTA ein Visum f\u00fcr die USA - USA-GV.COM","og_description":"Finden Sie heraus, ob ESTA ein US-Visum ist und ob man damit unter denselben Bedingungen in die USA reisen kann.","og_url":"https:\/\/usa-gv.com\/de\/esta-visum-usa\/","og_site_name":"USA-GV.COM","article_modified_time":"2025-02-25T11:50:45+00:00","twitter_card":"summary_large_image","twitter_misc":{"Gesch\u00e4tzte Lesezeit":"2\u00a0Minuten"},"schema":{"@context":"https:\/\/schema.org","@graph":[{"@type":"WebPage","@id":"https:\/\/usa-gv.com\/de\/esta-visum-usa\/","url":"https:\/\/usa-gv.com\/de\/esta-visum-usa\/","name":"Ist ESTA ein Visum f\u00fcr die USA - USA-GV.COM","isPartOf":{"@id":"https:\/\/usa-gv.com\/de\/#website"},"datePublished":"2024-03-11T21:45:25+00:00","dateModified":"2025-02-25T11:50:45+00:00","description":"Finden Sie heraus, ob ESTA ein US-Visum ist und ob man damit unter denselben Bedingungen in die USA reisen kann.","breadcrumb":{"@id":"https:\/\/usa-gv.com\/de\/esta-visum-usa\/#breadcrumb"},"inLanguage":"de","potentialAction":[{"@type":"ReadAction","target":["https:\/\/usa-gv.com\/de\/esta-visum-usa\/"]}]},{"@type":"BreadcrumbList","@id":"https:\/\/usa-gv.com\/de\/esta-visum-usa\/#breadcrumb","itemListElement":[{"@type":"ListItem","position":1,"name":"Home","item":"https:\/\/usa-gv.com\/de\/usa-reisefuehrer\/"},{"@type":"ListItem","position":2,"name":"Ist ESTA ein Visum f\u00fcr die USA"}]},{"@type":"WebSite","@id":"https:\/\/usa-gv.com\/de\/#website","url":"https:\/\/usa-gv.com\/de\/","name":"USA-GV.COM","description":"","potentialAction":[{"@type":"SearchAction","target":{"@type":"EntryPoint","urlTemplate":"https:\/\/usa-gv.com\/de\/?s={search_term_string}"},"query-input":{"@type":"PropertyValueSpecification","valueRequired":true,"valueName":"search_term_string"}}],"inLanguage":"de"}]}},"_links":{"self":[{"href":"https:\/\/usa-gv.com\/de\/wp-json\/wp\/v2\/pages\/2775","targetHints":{"allow":["GET"]}}],"collection":[{"href":"https:\/\/usa-gv.com\/de\/wp-json\/wp\/v2\/pages"}],"about":[{"href":"https:\/\/usa-gv.com\/de\/wp-json\/wp\/v2\/types\/page"}],"author":[{"embeddable":true,"href":"https:\/\/usa-gv.com\/de\/wp-json\/wp\/v2\/users\/1"}],"replies":[{"embeddable":true,"href":"https:\/\/usa-gv.com\/de\/wp-json\/wp\/v2\/comments?post=2775"}],"version-history":[{"count":1,"href":"https:\/\/usa-gv.com\/de\/wp-json\/wp\/v2\/pages\/2775\/revisions"}],"predecessor-version":[{"id":7545,"href":"https:\/\/usa-gv.com\/de\/wp-json\/wp\/v2\/pages\/2775\/revisions\/7545"}],"wp:attachment":[{"href":"https:\/\/usa-gv.com\/de\/wp-json\/wp\/v2\/media?parent=2775"}],"curies":[{"name":"wp","href":"https:\/\/api.w.org\/{rel}","templated":true}]}}