{"id":2759,"date":"2024-03-10T21:42:34","date_gmt":"2024-03-10T21:42:34","guid":{"rendered":"https:\/\/usa-gv.com\/esta-fur-minderjahrige\/"},"modified":"2025-02-25T11:49:50","modified_gmt":"2025-02-25T11:49:50","slug":"esta-fur-minderjahrige","status":"publish","type":"page","link":"https:\/\/usa-gv.com\/de\/esta-fur-minderjahrige\/","title":{"rendered":"ESTA f\u00fcr Minderj\u00e4hrige bei einem Aufenthalt in den USA"},"content":{"rendered":"\n<h1 class=\"wp-block-heading\">Ein ESTA f\u00fcr einen Minderj\u00e4hrigen f\u00fcr die USA beantragen<\/h1>\n\n<p>Wenn ein minderj\u00e4hriger Ausl\u00e4nder in die Vereinigten Staaten reist, muss er in jedem Alter im Besitz einer pers\u00f6nlichen Reisegenehmigung sein.  <\/p>\n\n<h2 class=\"wp-block-heading\">Ist ESTA f\u00fcr Minderj\u00e4hrige erforderlich?<\/h2>\n\n<p>Wenn Kinder f\u00fcr einen ESTA-Antrag in Frage kommen, muss jedes Kind unabh\u00e4ngig von seinem Alter eine pers\u00f6nliche Genehmigung auf seinen Namen haben.\nJede Person in einer Familie muss ihre eigene <a href=\"https:\/\/usa-gv.com\/de\/was-ist-eine-esta-genehmigung\/\">ESTA-Reisegenehmigung<\/a> einholen, bevor sie in die USA einreisen kann.   <\/p>\n\n<h2 class=\"wp-block-heading\">Wie f\u00fclle ich einen ESTA f\u00fcr Minderj\u00e4hrige aus?<\/h2>\n\n<p>Um eine Genehmigung f\u00fcr einen Minderj\u00e4hrigen zu erhalten, m\u00fcssen Sie das <a href=\"https:\/\/usa-gv.com\/de\/esta-online-formular\/\">ESTA-Formular online<\/a> ausf\u00fcllen. Dies ist das gleiche Formular wie f\u00fcr Erwachsene. Die <a href=\"https:\/\/usa-gv.com\/de\/fragen-zum-esta-formular\/\">Fragen f\u00fcr ESTA<\/a> sind unabh\u00e4ngig vom Alter des Antragstellers immer gleich.<\/p>\n\n<h2 class=\"wp-block-heading\">Welche Reisedokumente sind f\u00fcr Minderj\u00e4hrige erforderlich?<\/h2>\n\n<p>Um in die Vereinigten Staaten einreisen zu k\u00f6nnen, muss ein minderj\u00e4hriges Kind im Besitz von :<\/p>\n\n<ul class=\"wp-block-list\">\n<li>Einen <a href=\"https:\/\/usa-gv.com\/de\/reisepass-fur-die-usa\/\">g\u00fcltigen Reisepass f\u00fcr die USA<\/a>;<\/li>\n\n\n\n<li>eine g\u00fcltige Reisegenehmigung.\nWenn das Kind f\u00fcr ein ESTA in Frage kommt, muss es eine pers\u00f6nliche Genehmigung auf seinen eigenen Namen haben. <\/li>\n<\/ul>\n\n<h2 class=\"wp-block-heading\">Kann ich einen ESTA-Gruppenantrag stellen?<\/h2>\n\n<p>Die <a href=\"https:\/\/usa-gv.com\/de\/offizielle-esta-website\/\">offizielle ESTA-Website<\/a> bietet die M\u00f6glichkeit, einen ESTA-Antrag f\u00fcr eine Einzelperson oder eine Gruppe zu stellen.  <\/p>\n\n<p>Das <a href=\"https:\/\/usa-gv.com\/de\/so-beantragen-sie-esta\/\">ESTA-Antragsverfahren<\/a> f\u00fcr eine Gruppe erm\u00f6glicht eine einmalige Zahlung der <a href=\"https:\/\/usa-gv.com\/de\/us-esta-preis\/\">ESTA-Geb\u00fchr<\/a> f\u00fcr alle beantragten Genehmigungen. F\u00fcr jeden Antrag der Gruppe m\u00fcssen Sie jedoch alle Informationen im <a href=\"https:\/\/usa-gv.com\/de\/esta-online-formular\/\">ESTA-Online-Formular<\/a> ausf\u00fcllen.<\/p>\n","protected":false},"excerpt":{"rendered":"<p>Ein ESTA f\u00fcr einen Minderj\u00e4hrigen f\u00fcr die USA beantragen Wenn ein minderj\u00e4hriger Ausl\u00e4nder in die Vereinigten Staaten reist, muss er in jedem Alter im Besitz einer pers\u00f6nlichen Reisegenehmigung sein. Ist ESTA f\u00fcr Minderj\u00e4hrige erforderlich? Wenn Kinder f\u00fcr einen ESTA-Antrag in Frage kommen, muss jedes Kind unabh\u00e4ngig von seinem Alter eine pers\u00f6nliche Genehmigung auf seinen Namen [&hellip;]<\/p>\n","protected":false},"author":1,"featured_media":0,"parent":0,"menu_order":0,"comment_status":"closed","ping_status":"closed","template":"","meta":{"footnotes":""},"class_list":["post-2759","page","type-page","status-publish","hentry"],"yoast_head":"<!-- This site is optimized with the Yoast SEO plugin v26.6 - https:\/\/yoast.com\/wordpress\/plugins\/seo\/ -->\n<title>ESTA f\u00fcr Minderj\u00e4hrige bei einem Aufenthalt in den USA - USA-GV.COM<\/title>\n<meta name=\"description\" content=\"Die ESTA-Genehmigung gilt auch f\u00fcr Minderj\u00e4hrige, die sich im Rahmen des Visa Waiver Program in den USA aufhalten.\" \/>\n<meta name=\"robots\" content=\"index, follow, max-snippet:-1, max-image-preview:large, max-video-preview:-1\" \/>\n<link rel=\"canonical\" href=\"https:\/\/usa-gv.com\/de\/esta-fur-minderjahrige\/\" \/>\n<meta property=\"og:locale\" content=\"de_DE\" \/>\n<meta property=\"og:type\" content=\"article\" \/>\n<meta property=\"og:title\" content=\"ESTA f\u00fcr Minderj\u00e4hrige bei einem Aufenthalt in den USA - USA-GV.COM\" \/>\n<meta property=\"og:description\" content=\"Die ESTA-Genehmigung gilt auch f\u00fcr Minderj\u00e4hrige, die sich im Rahmen des Visa Waiver Program in den USA aufhalten.\" \/>\n<meta property=\"og:url\" content=\"https:\/\/usa-gv.com\/de\/esta-fur-minderjahrige\/\" \/>\n<meta property=\"og:site_name\" content=\"USA-GV.COM\" \/>\n<meta property=\"article:modified_time\" content=\"2025-02-25T11:49:50+00:00\" \/>\n<meta name=\"twitter:card\" content=\"summary_large_image\" \/>\n<meta name=\"twitter:label1\" content=\"Gesch\u00e4tzte Lesezeit\" \/>\n\t<meta name=\"twitter:data1\" content=\"1\u00a0Minute\" \/>\n<script type=\"application\/ld+json\" class=\"yoast-schema-graph\">{\"@context\":\"https:\/\/schema.org\",\"@graph\":[{\"@type\":\"WebPage\",\"@id\":\"https:\/\/usa-gv.com\/de\/esta-fur-minderjahrige\/\",\"url\":\"https:\/\/usa-gv.com\/de\/esta-fur-minderjahrige\/\",\"name\":\"ESTA f\u00fcr Minderj\u00e4hrige bei einem Aufenthalt in den USA - USA-GV.COM\",\"isPartOf\":{\"@id\":\"https:\/\/usa-gv.com\/de\/#website\"},\"datePublished\":\"2024-03-10T21:42:34+00:00\",\"dateModified\":\"2025-02-25T11:49:50+00:00\",\"description\":\"Die ESTA-Genehmigung gilt auch f\u00fcr Minderj\u00e4hrige, die sich im Rahmen des Visa Waiver Program in den USA aufhalten.\",\"breadcrumb\":{\"@id\":\"https:\/\/usa-gv.com\/de\/esta-fur-minderjahrige\/#breadcrumb\"},\"inLanguage\":\"de\",\"potentialAction\":[{\"@type\":\"ReadAction\",\"target\":[\"https:\/\/usa-gv.com\/de\/esta-fur-minderjahrige\/\"]}]},{\"@type\":\"BreadcrumbList\",\"@id\":\"https:\/\/usa-gv.com\/de\/esta-fur-minderjahrige\/#breadcrumb\",\"itemListElement\":[{\"@type\":\"ListItem\",\"position\":1,\"name\":\"Home\",\"item\":\"https:\/\/usa-gv.com\/de\/usa-reisefuehrer\/\"},{\"@type\":\"ListItem\",\"position\":2,\"name\":\"ESTA f\u00fcr Minderj\u00e4hrige bei einem Aufenthalt in den USA\"}]},{\"@type\":\"WebSite\",\"@id\":\"https:\/\/usa-gv.com\/de\/#website\",\"url\":\"https:\/\/usa-gv.com\/de\/\",\"name\":\"USA-GV.COM\",\"description\":\"\",\"potentialAction\":[{\"@type\":\"SearchAction\",\"target\":{\"@type\":\"EntryPoint\",\"urlTemplate\":\"https:\/\/usa-gv.com\/de\/?s={search_term_string}\"},\"query-input\":{\"@type\":\"PropertyValueSpecification\",\"valueRequired\":true,\"valueName\":\"search_term_string\"}}],\"inLanguage\":\"de\"}]}<\/script>\n<!-- \/ Yoast SEO plugin. -->","yoast_head_json":{"title":"ESTA f\u00fcr Minderj\u00e4hrige bei einem Aufenthalt in den USA - USA-GV.COM","description":"Die ESTA-Genehmigung gilt auch f\u00fcr Minderj\u00e4hrige, die sich im Rahmen des Visa Waiver Program in den USA aufhalten.","robots":{"index":"index","follow":"follow","max-snippet":"max-snippet:-1","max-image-preview":"max-image-preview:large","max-video-preview":"max-video-preview:-1"},"canonical":"https:\/\/usa-gv.com\/de\/esta-fur-minderjahrige\/","og_locale":"de_DE","og_type":"article","og_title":"ESTA f\u00fcr Minderj\u00e4hrige bei einem Aufenthalt in den USA - USA-GV.COM","og_description":"Die ESTA-Genehmigung gilt auch f\u00fcr Minderj\u00e4hrige, die sich im Rahmen des Visa Waiver Program in den USA aufhalten.","og_url":"https:\/\/usa-gv.com\/de\/esta-fur-minderjahrige\/","og_site_name":"USA-GV.COM","article_modified_time":"2025-02-25T11:49:50+00:00","twitter_card":"summary_large_image","twitter_misc":{"Gesch\u00e4tzte Lesezeit":"1\u00a0Minute"},"schema":{"@context":"https:\/\/schema.org","@graph":[{"@type":"WebPage","@id":"https:\/\/usa-gv.com\/de\/esta-fur-minderjahrige\/","url":"https:\/\/usa-gv.com\/de\/esta-fur-minderjahrige\/","name":"ESTA f\u00fcr Minderj\u00e4hrige bei einem Aufenthalt in den USA - USA-GV.COM","isPartOf":{"@id":"https:\/\/usa-gv.com\/de\/#website"},"datePublished":"2024-03-10T21:42:34+00:00","dateModified":"2025-02-25T11:49:50+00:00","description":"Die ESTA-Genehmigung gilt auch f\u00fcr Minderj\u00e4hrige, die sich im Rahmen des Visa Waiver Program in den USA aufhalten.","breadcrumb":{"@id":"https:\/\/usa-gv.com\/de\/esta-fur-minderjahrige\/#breadcrumb"},"inLanguage":"de","potentialAction":[{"@type":"ReadAction","target":["https:\/\/usa-gv.com\/de\/esta-fur-minderjahrige\/"]}]},{"@type":"BreadcrumbList","@id":"https:\/\/usa-gv.com\/de\/esta-fur-minderjahrige\/#breadcrumb","itemListElement":[{"@type":"ListItem","position":1,"name":"Home","item":"https:\/\/usa-gv.com\/de\/usa-reisefuehrer\/"},{"@type":"ListItem","position":2,"name":"ESTA f\u00fcr Minderj\u00e4hrige bei einem Aufenthalt in den USA"}]},{"@type":"WebSite","@id":"https:\/\/usa-gv.com\/de\/#website","url":"https:\/\/usa-gv.com\/de\/","name":"USA-GV.COM","description":"","potentialAction":[{"@type":"SearchAction","target":{"@type":"EntryPoint","urlTemplate":"https:\/\/usa-gv.com\/de\/?s={search_term_string}"},"query-input":{"@type":"PropertyValueSpecification","valueRequired":true,"valueName":"search_term_string"}}],"inLanguage":"de"}]}},"_links":{"self":[{"href":"https:\/\/usa-gv.com\/de\/wp-json\/wp\/v2\/pages\/2759","targetHints":{"allow":["GET"]}}],"collection":[{"href":"https:\/\/usa-gv.com\/de\/wp-json\/wp\/v2\/pages"}],"about":[{"href":"https:\/\/usa-gv.com\/de\/wp-json\/wp\/v2\/types\/page"}],"author":[{"embeddable":true,"href":"https:\/\/usa-gv.com\/de\/wp-json\/wp\/v2\/users\/1"}],"replies":[{"embeddable":true,"href":"https:\/\/usa-gv.com\/de\/wp-json\/wp\/v2\/comments?post=2759"}],"version-history":[{"count":1,"href":"https:\/\/usa-gv.com\/de\/wp-json\/wp\/v2\/pages\/2759\/revisions"}],"predecessor-version":[{"id":7523,"href":"https:\/\/usa-gv.com\/de\/wp-json\/wp\/v2\/pages\/2759\/revisions\/7523"}],"wp:attachment":[{"href":"https:\/\/usa-gv.com\/de\/wp-json\/wp\/v2\/media?parent=2759"}],"curies":[{"name":"wp","href":"https:\/\/api.w.org\/{rel}","templated":true}]}}