{"id":2741,"date":"2024-03-19T10:41:15","date_gmt":"2024-03-19T10:41:15","guid":{"rendered":"https:\/\/usa-gv.com\/esta-kanada\/"},"modified":"2025-02-25T11:49:28","modified_gmt":"2025-02-25T11:49:28","slug":"esta-kanada","status":"publish","type":"page","link":"https:\/\/usa-gv.com\/de\/esta-kanada\/","title":{"rendered":"ESTA f\u00fcr Kanada oder eTA Kanada"},"content":{"rendered":"\n<h1 class=\"wp-block-heading\">Reisegenehmigung f\u00fcr Kanada<\/h1>\n\n<p>Die USA und Kanada sind zwei L\u00e4nder, die elektronische Reisegenehmigungen f\u00fcr Ausl\u00e4nder eingef\u00fchrt haben, die einen Kurzaufenthalt in ihrem Hoheitsgebiet verbringen m\u00f6chten.\nDie ESTA-Reisegenehmigung f\u00fcr die USA hat nicht denselben Zweck wie die eTA-Genehmigung f\u00fcr Kanada.\nHier sind die ausf\u00fchrlichen Informationen, um die Regeln f\u00fcr Reisen zwischen den beiden L\u00e4ndern zu verstehen.    <\/p>\n\n<p><strong>F\u00fcr einen Aufenthalt von weniger als 90 Tagen in den USA<\/strong>: Sie k\u00f6nnen Ihre Reisegenehmigung in wenigen Minuten beantragen, indem Sie auf <a href=\"https:\/\/usa-gv.com\/de\/esta-online-formular\/\">ESTA-Online-Formular<\/a> klicken.<\/p>\n\n<div style=\"height:20px\" aria-hidden=\"true\" class=\"wp-block-spacer\"><\/div>\n\n<h2 class=\"wp-block-heading\">Reisegenehmigung f\u00fcr einen Besuch in Kanada<\/h2>\n\n<h3 class=\"wp-block-heading\">Was ist das ESTA Kanada<\/h3>\n\n<p>Die <strong>ESTA-Genehmigung f\u00fcr Kanada gibt es nicht<\/strong>.\nKanada hat ein \u00e4hnliches elektronisches Reisegenehmigungssystem wie die USA eingef\u00fchrt, das eTA (Electronic Travel Authorization) genannt wird.\nDer Bekanntheitsgrad der <a href=\"https:\/\/usa-gv.com\/de\/was-ist-eine-esta-genehmigung\/\">ESTA-Genehmigung f\u00fcr die USA<\/a> f\u00fchrt bei einigen ausl\u00e4ndischen Reisenden zu Verwirrung, da sie die kanadische Genehmigung f\u00fcr ein ESTA Kanada halten.  <\/p>\n\n<h3 class=\"wp-block-heading\">eTA Autorisation de voyage pour le Canada (Reisegenehmigung f\u00fcr Kanada)<\/h3>\n\n<p>Das eTA Canada ist eine elektronische Reisegenehmigung, die es einem ausl\u00e4ndischen Staatsb\u00fcrger erm\u00f6glicht, f\u00fcr einen auf sechs Monate begrenzten Aufenthalt nach Kanada einzureisen.\nDie kanadische Regierung hat dieses Reisegenehmigungssystem eingef\u00fchrt, um Reisenden den Besuch Kanadas zu erleichtern und die Sicherheit beim \u00dcberschreiten der kanadischen Grenzen zu erh\u00f6hen. <\/p>\n\n<h3 class=\"wp-block-heading\">Kann man Kanada mit einem ESTA besuchen<\/h3>\n\n<p>Nein, es ist nicht m\u00f6glich, dass ein ausl\u00e4ndischer Reisender mit einer US-amerikanischen ESTA-Genehmigung nach Kanada einreist.\nDie <a href=\"https:\/\/usa-gv.com\/de\/esta-dienstprogramm\/\">ESTA-Genehmigung ist f\u00fcr die Einreise nach Kanada nicht hilfreich<\/a>. <\/p>\n\n<h3 class=\"wp-block-heading\">Kann man Kanada mit einer Green Card besuchen<\/h3>\n\n<p>Wenn Sie eine Green Card besitzen, k\u00f6nnen Sie die Landgrenze von den Vereinigten Staaten nach Kanada \u00fcberqueren, ohne zuvor ein kanadisches Touristenvisum oder eine kanadische eTA zu beantragen.<\/p>\n\n<p>Wenn Sie hingegen mit dem Flugzeug reisen oder durch Kanada durchreisen, m\u00fcssen Sie ein kanadisches Visum oder eine elektronische Reisegenehmigung eTA aus Kanada beantragen, bevor Sie an Bord gehen k\u00f6nnen.<\/p>\n\n<h2 class=\"wp-block-heading\">Reisegenehmigung, um die USA von Kanada aus zu besuchen<\/h2>\n\n<h3 class=\"wp-block-heading\">Ben\u00f6tigt man eine eTA f\u00fcr den Transit durch Kanada?<\/h3>\n\n<p>Ein ausl\u00e4ndischer Reisender, der ein ESTA f\u00fcr die Einreise in die USA besitzt, muss auch eine kanadische eTA beantragen, wenn er auf seiner Reise in die USA einen Zwischenstopp in Kanada einlegt:  <\/p>\n\n<ul class=\"wp-block-list\">\n<li>Ein eTA Kanada erm\u00f6glicht einem ausl\u00e4ndischen Staatsb\u00fcrger einen Zwischenstopp in Kanada.  <\/li>\n\n\n\n<li>Eine <a href=\"https:\/\/usa-gv.com\/de\/esta-transit-usa\/\">ESTA-Genehmigung f\u00fcr den Transit durch die USA<\/a> erlaubt keinen Zwischenstopp in Kanada.<\/li>\n<\/ul>\n\n<div style=\"height:10px\" aria-hidden=\"true\" class=\"wp-block-spacer\"><\/div>\n\n<h3 class=\"wp-block-heading\">Ben\u00f6tigt man ein ESTA, um auf dem Landweg \u00fcber die kanadische Grenze in die USA einzureisen?<\/h3>\n\n<p>Seit dem 1. Oktober 2022 ben\u00f6tigen ausl\u00e4ndische Staatsangeh\u00f6rige aus L\u00e4ndern, die dem <a href=\"https:\/\/usa-gv.com\/de\/visa-waiver-program-usa\/\">Visa Waiver Program<\/a> angeh\u00f6ren, <a href=\"https:\/\/usa-gv.com\/de\/so-erhalten-sie-esta\/\">eine ESTA-Genehmigung<\/a>, um die Landgrenze zwischen Kanada und den USA zu \u00fcberqueren.<\/p>\n\n<h3 class=\"wp-block-heading\">Wie lauten die Einreiseformalit\u00e4ten f\u00fcr kanadische Staatsb\u00fcrger in die USA?<\/h3>\n\n<h4 class=\"wp-block-heading\">Kanadier, die auf dem Luftweg in die USA einreisen<\/h4>\n\n<p>Kanadier, die in die USA reisen m\u00f6chten, m\u00fcssen f\u00fcr die Einreise in die USA einen Nachweis \u00fcber ihre kanadische Staatsb\u00fcrgerschaft vorlegen.\nDer beste Beweis ist ein g\u00fcltiger kanadischer Reisepass. <\/p>\n\n<p>Diese Anforderung betrifft alle kanadischen Staatsb\u00fcrger, einschlie\u00dflich Kinder, die mit dem Flugzeug in die USA einreisen.\nDiese Regel gilt auch f\u00fcr kanadische Staatsb\u00fcrger, die sich auf der Durchreise in den USA befinden. <\/p>\n\n<h4 class=\"wp-block-heading\">Kanadier, die auf dem Land- oder Seeweg in die USA einreisen<\/h4>\n\n<p>Gem\u00e4\u00df dem Abkommen \u00fcber die Initiative f\u00fcr Reisen in der westlichen Hemisph\u00e4re (IVHO) m\u00fcssen alle kanadischen Staatsb\u00fcrger ab 16 Jahren bei der Einreise in die USA auf dem Land- oder Seeweg einen Nachweis \u00fcber ihre kanadische Staatsb\u00fcrgerschaft vorlegen.\nDer beste Beweis ist ein g\u00fcltiger kanadischer Reisepass. <\/p>\n\n<h2 class=\"wp-block-heading\">Bild der Website, um ein ESTA Kanada (eTA) zu beantragen<\/h2>\n\n<p>Dies ist ein Screenshot der <a href=\"https:\/\/www.canada.ca\/en\/immigration-refugees-citizenship\/services\/visit-canada\/eta\/apply-de.html\">Seite von canada.ca<\/a>, auf der ein ausl\u00e4ndischer Reisender eine Online-Reisegenehmigung f\u00fcr Kanada nach dem Vorbild der amerikanischen ESTA-Genehmigung beantragen kann.<\/p>\n\n<figure class=\"wp-block-image size-large\"><img decoding=\"async\" src=\"https:\/\/usa-gv.com\/wp-content\/uploads\/2024\/04\/esta-kanada-DE-953x1024.jpg\" alt=\"eTA Canada online beantragen, um nach Kanada zu reisen\" class=\"wp-image-3503\"\/><figcaption class=\"wp-element-caption\">Einen Antrag auf Reisegenehmigung f\u00fcr Kanada stellen<\/figcaption><\/figure>\n","protected":false},"excerpt":{"rendered":"<p>Reisegenehmigung f\u00fcr Kanada Die USA und Kanada sind zwei L\u00e4nder, die elektronische Reisegenehmigungen f\u00fcr Ausl\u00e4nder eingef\u00fchrt haben, die einen Kurzaufenthalt in ihrem Hoheitsgebiet verbringen m\u00f6chten. Die ESTA-Reisegenehmigung f\u00fcr die USA hat nicht denselben Zweck wie die eTA-Genehmigung f\u00fcr Kanada. Hier sind die ausf\u00fchrlichen Informationen, um die Regeln f\u00fcr Reisen zwischen den beiden L\u00e4ndern zu verstehen. [&hellip;]<\/p>\n","protected":false},"author":1,"featured_media":0,"parent":0,"menu_order":0,"comment_status":"closed","ping_status":"closed","template":"","meta":{"footnotes":""},"class_list":["post-2741","page","type-page","status-publish","hentry"],"yoast_head":"<!-- This site is optimized with the Yoast SEO plugin v26.6 - https:\/\/yoast.com\/wordpress\/plugins\/seo\/ -->\n<title>ESTA f\u00fcr Kanada oder eTA Kanada - USA-GV.COM<\/title>\n<meta name=\"description\" content=\"Online eine Reisegenehmigung f\u00fcr Kanada erhalten, die einer ESTA-Genehmigung f\u00fcr die USA \u00e4hnelt.\" \/>\n<meta name=\"robots\" content=\"index, follow, max-snippet:-1, max-image-preview:large, max-video-preview:-1\" \/>\n<link rel=\"canonical\" href=\"https:\/\/usa-gv.com\/de\/esta-kanada\/\" \/>\n<meta property=\"og:locale\" content=\"de_DE\" \/>\n<meta property=\"og:type\" content=\"article\" \/>\n<meta property=\"og:title\" content=\"ESTA f\u00fcr Kanada oder eTA Kanada - USA-GV.COM\" \/>\n<meta property=\"og:description\" content=\"Online eine Reisegenehmigung f\u00fcr Kanada erhalten, die einer ESTA-Genehmigung f\u00fcr die USA \u00e4hnelt.\" \/>\n<meta property=\"og:url\" content=\"https:\/\/usa-gv.com\/de\/esta-kanada\/\" \/>\n<meta property=\"og:site_name\" content=\"USA-GV.COM\" \/>\n<meta property=\"article:modified_time\" content=\"2025-02-25T11:49:28+00:00\" \/>\n<meta property=\"og:image\" content=\"https:\/\/usa-gv.com\/wp-content\/uploads\/2024\/04\/esta-kanada-DE-953x1024.jpg\" \/>\n<meta name=\"twitter:card\" content=\"summary_large_image\" \/>\n<meta name=\"twitter:label1\" content=\"Gesch\u00e4tzte Lesezeit\" \/>\n\t<meta name=\"twitter:data1\" content=\"3\u00a0Minuten\" \/>\n<script type=\"application\/ld+json\" class=\"yoast-schema-graph\">{\"@context\":\"https:\/\/schema.org\",\"@graph\":[{\"@type\":\"WebPage\",\"@id\":\"https:\/\/usa-gv.com\/de\/esta-kanada\/\",\"url\":\"https:\/\/usa-gv.com\/de\/esta-kanada\/\",\"name\":\"ESTA f\u00fcr Kanada oder eTA Kanada - USA-GV.COM\",\"isPartOf\":{\"@id\":\"https:\/\/usa-gv.com\/de\/#website\"},\"primaryImageOfPage\":{\"@id\":\"https:\/\/usa-gv.com\/de\/esta-kanada\/#primaryimage\"},\"image\":{\"@id\":\"https:\/\/usa-gv.com\/de\/esta-kanada\/#primaryimage\"},\"thumbnailUrl\":\"https:\/\/usa-gv.com\/wp-content\/uploads\/2024\/04\/esta-kanada-DE-953x1024.jpg\",\"datePublished\":\"2024-03-19T10:41:15+00:00\",\"dateModified\":\"2025-02-25T11:49:28+00:00\",\"description\":\"Online eine Reisegenehmigung f\u00fcr Kanada erhalten, die einer ESTA-Genehmigung f\u00fcr die USA \u00e4hnelt.\",\"breadcrumb\":{\"@id\":\"https:\/\/usa-gv.com\/de\/esta-kanada\/#breadcrumb\"},\"inLanguage\":\"de\",\"potentialAction\":[{\"@type\":\"ReadAction\",\"target\":[\"https:\/\/usa-gv.com\/de\/esta-kanada\/\"]}]},{\"@type\":\"ImageObject\",\"inLanguage\":\"de\",\"@id\":\"https:\/\/usa-gv.com\/de\/esta-kanada\/#primaryimage\",\"url\":\"https:\/\/usa-gv.com\/wp-content\/uploads\/2024\/04\/esta-kanada-DE-953x1024.jpg\",\"contentUrl\":\"https:\/\/usa-gv.com\/wp-content\/uploads\/2024\/04\/esta-kanada-DE-953x1024.jpg\"},{\"@type\":\"BreadcrumbList\",\"@id\":\"https:\/\/usa-gv.com\/de\/esta-kanada\/#breadcrumb\",\"itemListElement\":[{\"@type\":\"ListItem\",\"position\":1,\"name\":\"Home\",\"item\":\"https:\/\/usa-gv.com\/de\/usa-reisefuehrer\/\"},{\"@type\":\"ListItem\",\"position\":2,\"name\":\"ESTA f\u00fcr Kanada oder eTA Kanada\"}]},{\"@type\":\"WebSite\",\"@id\":\"https:\/\/usa-gv.com\/de\/#website\",\"url\":\"https:\/\/usa-gv.com\/de\/\",\"name\":\"USA-GV.COM\",\"description\":\"\",\"potentialAction\":[{\"@type\":\"SearchAction\",\"target\":{\"@type\":\"EntryPoint\",\"urlTemplate\":\"https:\/\/usa-gv.com\/de\/?s={search_term_string}\"},\"query-input\":{\"@type\":\"PropertyValueSpecification\",\"valueRequired\":true,\"valueName\":\"search_term_string\"}}],\"inLanguage\":\"de\"}]}<\/script>\n<!-- \/ Yoast SEO plugin. -->","yoast_head_json":{"title":"ESTA f\u00fcr Kanada oder eTA Kanada - USA-GV.COM","description":"Online eine Reisegenehmigung f\u00fcr Kanada erhalten, die einer ESTA-Genehmigung f\u00fcr die USA \u00e4hnelt.","robots":{"index":"index","follow":"follow","max-snippet":"max-snippet:-1","max-image-preview":"max-image-preview:large","max-video-preview":"max-video-preview:-1"},"canonical":"https:\/\/usa-gv.com\/de\/esta-kanada\/","og_locale":"de_DE","og_type":"article","og_title":"ESTA f\u00fcr Kanada oder eTA Kanada - USA-GV.COM","og_description":"Online eine Reisegenehmigung f\u00fcr Kanada erhalten, die einer ESTA-Genehmigung f\u00fcr die USA \u00e4hnelt.","og_url":"https:\/\/usa-gv.com\/de\/esta-kanada\/","og_site_name":"USA-GV.COM","article_modified_time":"2025-02-25T11:49:28+00:00","og_image":[{"url":"https:\/\/usa-gv.com\/wp-content\/uploads\/2024\/04\/esta-kanada-DE-953x1024.jpg","type":"","width":"","height":""}],"twitter_card":"summary_large_image","twitter_misc":{"Gesch\u00e4tzte Lesezeit":"3\u00a0Minuten"},"schema":{"@context":"https:\/\/schema.org","@graph":[{"@type":"WebPage","@id":"https:\/\/usa-gv.com\/de\/esta-kanada\/","url":"https:\/\/usa-gv.com\/de\/esta-kanada\/","name":"ESTA f\u00fcr Kanada oder eTA Kanada - USA-GV.COM","isPartOf":{"@id":"https:\/\/usa-gv.com\/de\/#website"},"primaryImageOfPage":{"@id":"https:\/\/usa-gv.com\/de\/esta-kanada\/#primaryimage"},"image":{"@id":"https:\/\/usa-gv.com\/de\/esta-kanada\/#primaryimage"},"thumbnailUrl":"https:\/\/usa-gv.com\/wp-content\/uploads\/2024\/04\/esta-kanada-DE-953x1024.jpg","datePublished":"2024-03-19T10:41:15+00:00","dateModified":"2025-02-25T11:49:28+00:00","description":"Online eine Reisegenehmigung f\u00fcr Kanada erhalten, die einer ESTA-Genehmigung f\u00fcr die USA \u00e4hnelt.","breadcrumb":{"@id":"https:\/\/usa-gv.com\/de\/esta-kanada\/#breadcrumb"},"inLanguage":"de","potentialAction":[{"@type":"ReadAction","target":["https:\/\/usa-gv.com\/de\/esta-kanada\/"]}]},{"@type":"ImageObject","inLanguage":"de","@id":"https:\/\/usa-gv.com\/de\/esta-kanada\/#primaryimage","url":"https:\/\/usa-gv.com\/wp-content\/uploads\/2024\/04\/esta-kanada-DE-953x1024.jpg","contentUrl":"https:\/\/usa-gv.com\/wp-content\/uploads\/2024\/04\/esta-kanada-DE-953x1024.jpg"},{"@type":"BreadcrumbList","@id":"https:\/\/usa-gv.com\/de\/esta-kanada\/#breadcrumb","itemListElement":[{"@type":"ListItem","position":1,"name":"Home","item":"https:\/\/usa-gv.com\/de\/usa-reisefuehrer\/"},{"@type":"ListItem","position":2,"name":"ESTA f\u00fcr Kanada oder eTA Kanada"}]},{"@type":"WebSite","@id":"https:\/\/usa-gv.com\/de\/#website","url":"https:\/\/usa-gv.com\/de\/","name":"USA-GV.COM","description":"","potentialAction":[{"@type":"SearchAction","target":{"@type":"EntryPoint","urlTemplate":"https:\/\/usa-gv.com\/de\/?s={search_term_string}"},"query-input":{"@type":"PropertyValueSpecification","valueRequired":true,"valueName":"search_term_string"}}],"inLanguage":"de"}]}},"_links":{"self":[{"href":"https:\/\/usa-gv.com\/de\/wp-json\/wp\/v2\/pages\/2741","targetHints":{"allow":["GET"]}}],"collection":[{"href":"https:\/\/usa-gv.com\/de\/wp-json\/wp\/v2\/pages"}],"about":[{"href":"https:\/\/usa-gv.com\/de\/wp-json\/wp\/v2\/types\/page"}],"author":[{"embeddable":true,"href":"https:\/\/usa-gv.com\/de\/wp-json\/wp\/v2\/users\/1"}],"replies":[{"embeddable":true,"href":"https:\/\/usa-gv.com\/de\/wp-json\/wp\/v2\/comments?post=2741"}],"version-history":[{"count":1,"href":"https:\/\/usa-gv.com\/de\/wp-json\/wp\/v2\/pages\/2741\/revisions"}],"predecessor-version":[{"id":7512,"href":"https:\/\/usa-gv.com\/de\/wp-json\/wp\/v2\/pages\/2741\/revisions\/7512"}],"wp:attachment":[{"href":"https:\/\/usa-gv.com\/de\/wp-json\/wp\/v2\/media?parent=2741"}],"curies":[{"name":"wp","href":"https:\/\/api.w.org\/{rel}","templated":true}]}}