{"id":2730,"date":"2024-03-19T10:47:36","date_gmt":"2024-03-19T10:47:36","guid":{"rendered":"https:\/\/usa-gv.com\/esta-washington\/"},"modified":"2025-02-25T11:50:05","modified_gmt":"2025-02-25T11:50:05","slug":"esta-washington","status":"publish","type":"page","link":"https:\/\/usa-gv.com\/de\/esta-washington\/","title":{"rendered":"ESTA f\u00fcr Washington"},"content":{"rendered":"\n<h1 class=\"wp-block-heading\">ESTA online f\u00fcr Reisen nach Washington<\/h1>\n\n<p><a href=\"https:\/\/usa-gv.com\/de\/washington\/\">Washington<\/a> ist die Hauptstadt der Vereinigten Staaten. Um sich in Washington aufzuhalten, m\u00fcssen ausl\u00e4ndische Staatsangeh\u00f6rige im Besitz einer g\u00fcltigen Reisegenehmigung oder eines g\u00fcltigen Visums sein.<\/p>\n\n<h2 class=\"wp-block-heading\">Kann man mit einem ESTA nach Washington reisen?<\/h2>\n\n<p>Bei einem Aufenthalt von weniger als 90 Tagen k\u00f6nnen Reisende aus L\u00e4ndern, die dem <a href=\"https:\/\/usa-gv.com\/de\/visa-waiver-program-usa\/\">Visa Waiver Program<\/a> angeh\u00f6ren, mit einer einfachen ESTA-Reisegenehmigung in Washington landen.<\/p>\n\n<h2 class=\"wp-block-heading\">Wie erhalte ich ein ESTA f\u00fcr Washington?<\/h2>\n\n<p>Die Beantragung einer ESTA-Genehmigung erfolgt vollst\u00e4ndig online. Das <a href=\"https:\/\/usa-gv.com\/de\/fullen-sie-das-esta-formular-online-aus\/\">Ausf\u00fcllen des ESTA-Formulars<\/a> dauert nur wenige Minuten, wenn der Antragsteller im Besitz eines <a href=\"https:\/\/usa-gv.com\/de\/reisepass-fur-die-usa\/\">g\u00fcltigen Reisepasses ist mit dem er in die USA reisen<\/a> kann. Der Online-Antrag muss mindestens drei Tage vor der Einschiffung nach Washington gestellt werden.<\/p>\n\n<p><strong>Um eine ESTA-Genehmigung f\u00fcr Washington<\/strong> zu erhalten, klicken Sie einfach auf <a href=\"https:\/\/usa-gv.com\/de\/esta-online-formular\/\">ESTA-Online-Formular<\/a>.<\/p>\n\n<div style=\"height:10px\" aria-hidden=\"true\" class=\"wp-block-spacer\"><\/div>\n\n<h2 class=\"wp-block-heading\">Ben\u00f6tigt man f\u00fcr einen Zwischenstopp in Washington ein ESTA?<\/h2>\n\n<p>Ein Reisender mit ESTA kann in <a href=\"https:\/\/usa-gv.com\/de\/washington\/\">Washington<\/a> einen Zwischenstopp einlegen, ohne ein US-Visum zu ben\u00f6tigen. Mit der ESTA-Genehmigung k\u00f6nnen Sie \u00fcberall in den Vereinigten Staaten einen Zwischenstopp einlegen. Der Reisende muss im Besitz seiner <a href=\"https:\/\/usa-gv.com\/de\/reisedokumente-fur-die-usa\/\">Reisedokumente f\u00fcr die USA<\/a> sein.<\/p>\n\n<p>Andererseits ist es nicht notwendig, dass Sie Ihr <a href=\"https:\/\/usa-gv.com\/de\/ausdrucken-esta\/\">ESTA vor der Fahrt zum Flughafen ausgedruckt<\/a> haben.<\/p>\n\n<h2 class=\"wp-block-heading\">Was kostet ein ESTA f\u00fcr Washington?<\/h2>\n\n<p>Der <a href=\"https:\/\/usa-gv.com\/de\/us-esta-preis\/\">Preis f\u00fcr das ESTA<\/a> f\u00fcr Washington wird von der US-Regierung festgelegt. Der Preis hat sich seit der Einf\u00fchrung des Visa Waiver Program ge\u00e4ndert: Die Grundgeb\u00fchr betr\u00e4gt seit Mai 2022 21 US-Dollar. Die <a href=\"https:\/\/usa-gv.com\/de\/so-bezahlen-sie-ein-esta\/\">Bezahlung des ESTA<\/a> erfolgt online ausschlie\u00dflich per Kreditkarte. Die Bearbeitung des Antrags erfolgt erst, wenn die Zahlung best\u00e4tigt wurde.<\/p>\n\n<h2 class=\"wp-block-heading\">ESTA-Bild f\u00fcr Washington<\/h2>\n\n<p>Mit einer ESTA-Genehmigung k\u00f6nnen Sie die wundersch\u00f6ne Stadt <a href=\"https:\/\/usa-gv.com\/de\/washington\/\">Washington<\/a> ohne Visum erkunden. Reisende k\u00f6nnen w\u00e4hrend der <a href=\"https:\/\/usa-gv.com\/de\/esta-gultigkeitsdauer\/\">G\u00fcltigkeitsdauer des ESTA<\/a> mehrere Aufenthalte in Washington absolvieren.<\/p>\n\n<figure class=\"wp-block-image size-large\"><img fetchpriority=\"high\" decoding=\"async\" width=\"1552\" height=\"650\" src=\"https:\/\/usa-gv.com\/wp-content\/uploads\/2024\/04\/esta-washington-e1736171507166.jpg\" alt=\"ESTA-Reisegenehmigung f&#xFC;r Washington\" class=\"wp-image-3412\" srcset=\"https:\/\/usa-gv.com\/wp-content\/uploads\/2024\/04\/esta-washington-e1736171507166.jpg 1552w, https:\/\/usa-gv.com\/wp-content\/uploads\/2024\/04\/esta-washington-e1736171507166-300x126.jpg 300w, https:\/\/usa-gv.com\/wp-content\/uploads\/2024\/04\/esta-washington-e1736171507166-1024x429.jpg 1024w, https:\/\/usa-gv.com\/wp-content\/uploads\/2024\/04\/esta-washington-e1736171507166-768x322.jpg 768w, https:\/\/usa-gv.com\/wp-content\/uploads\/2024\/04\/esta-washington-e1736171507166-1536x643.jpg 1536w\" sizes=\"(max-width: 1552px) 100vw, 1552px\" \/><figcaption class=\"wp-element-caption\">Foto von Washington, wo man mit ESTA reisen kann<\/figcaption><\/figure>\n","protected":false},"excerpt":{"rendered":"<p>ESTA online f\u00fcr Reisen nach Washington Washington ist die Hauptstadt der Vereinigten Staaten. Um sich in Washington aufzuhalten, m\u00fcssen ausl\u00e4ndische Staatsangeh\u00f6rige im Besitz einer g\u00fcltigen Reisegenehmigung oder eines g\u00fcltigen Visums sein. Kann man mit einem ESTA nach Washington reisen? Bei einem Aufenthalt von weniger als 90 Tagen k\u00f6nnen Reisende aus L\u00e4ndern, die dem Visa Waiver [&hellip;]<\/p>\n","protected":false},"author":1,"featured_media":0,"parent":0,"menu_order":0,"comment_status":"closed","ping_status":"closed","template":"","meta":{"footnotes":""},"class_list":["post-2730","page","type-page","status-publish","hentry"],"yoast_head":"<!-- This site is optimized with the Yoast SEO plugin v26.6 - https:\/\/yoast.com\/wordpress\/plugins\/seo\/ -->\n<title>ESTA f\u00fcr Washington - USA-GV.COM<\/title>\n<meta name=\"description\" content=\"Online eine ESTA-Genehmigung f\u00fcr eine Reise nach Washington in den USA beantragen\" \/>\n<meta name=\"robots\" content=\"index, follow, max-snippet:-1, max-image-preview:large, max-video-preview:-1\" \/>\n<link rel=\"canonical\" href=\"https:\/\/usa-gv.com\/de\/esta-washington\/\" \/>\n<meta property=\"og:locale\" content=\"de_DE\" \/>\n<meta property=\"og:type\" content=\"article\" \/>\n<meta property=\"og:title\" content=\"ESTA f\u00fcr Washington - USA-GV.COM\" \/>\n<meta property=\"og:description\" content=\"Online eine ESTA-Genehmigung f\u00fcr eine Reise nach Washington in den USA beantragen\" \/>\n<meta property=\"og:url\" content=\"https:\/\/usa-gv.com\/de\/esta-washington\/\" \/>\n<meta property=\"og:site_name\" content=\"USA-GV.COM\" \/>\n<meta property=\"article:modified_time\" content=\"2025-02-25T11:50:05+00:00\" \/>\n<meta property=\"og:image\" content=\"https:\/\/usa-gv.com\/wp-content\/uploads\/2024\/04\/esta-washington-e1736171507166.jpg\" \/>\n<meta name=\"twitter:card\" content=\"summary_large_image\" \/>\n<meta name=\"twitter:label1\" content=\"Gesch\u00e4tzte Lesezeit\" \/>\n\t<meta name=\"twitter:data1\" content=\"2\u00a0Minuten\" \/>\n<script type=\"application\/ld+json\" class=\"yoast-schema-graph\">{\"@context\":\"https:\/\/schema.org\",\"@graph\":[{\"@type\":\"WebPage\",\"@id\":\"https:\/\/usa-gv.com\/de\/esta-washington\/\",\"url\":\"https:\/\/usa-gv.com\/de\/esta-washington\/\",\"name\":\"ESTA f\u00fcr Washington - USA-GV.COM\",\"isPartOf\":{\"@id\":\"https:\/\/usa-gv.com\/de\/#website\"},\"primaryImageOfPage\":{\"@id\":\"https:\/\/usa-gv.com\/de\/esta-washington\/#primaryimage\"},\"image\":{\"@id\":\"https:\/\/usa-gv.com\/de\/esta-washington\/#primaryimage\"},\"thumbnailUrl\":\"https:\/\/usa-gv.com\/wp-content\/uploads\/2024\/04\/esta-washington-e1736171507166.jpg\",\"datePublished\":\"2024-03-19T10:47:36+00:00\",\"dateModified\":\"2025-02-25T11:50:05+00:00\",\"description\":\"Online eine ESTA-Genehmigung f\u00fcr eine Reise nach Washington in den USA beantragen\",\"breadcrumb\":{\"@id\":\"https:\/\/usa-gv.com\/de\/esta-washington\/#breadcrumb\"},\"inLanguage\":\"de\",\"potentialAction\":[{\"@type\":\"ReadAction\",\"target\":[\"https:\/\/usa-gv.com\/de\/esta-washington\/\"]}]},{\"@type\":\"ImageObject\",\"inLanguage\":\"de\",\"@id\":\"https:\/\/usa-gv.com\/de\/esta-washington\/#primaryimage\",\"url\":\"https:\/\/usa-gv.com\/wp-content\/uploads\/2024\/04\/esta-washington-e1736171507166.jpg\",\"contentUrl\":\"https:\/\/usa-gv.com\/wp-content\/uploads\/2024\/04\/esta-washington-e1736171507166.jpg\"},{\"@type\":\"BreadcrumbList\",\"@id\":\"https:\/\/usa-gv.com\/de\/esta-washington\/#breadcrumb\",\"itemListElement\":[{\"@type\":\"ListItem\",\"position\":1,\"name\":\"Home\",\"item\":\"https:\/\/usa-gv.com\/de\/usa-reisefuehrer\/\"},{\"@type\":\"ListItem\",\"position\":2,\"name\":\"ESTA f\u00fcr Washington\"}]},{\"@type\":\"WebSite\",\"@id\":\"https:\/\/usa-gv.com\/de\/#website\",\"url\":\"https:\/\/usa-gv.com\/de\/\",\"name\":\"USA-GV.COM\",\"description\":\"\",\"potentialAction\":[{\"@type\":\"SearchAction\",\"target\":{\"@type\":\"EntryPoint\",\"urlTemplate\":\"https:\/\/usa-gv.com\/de\/?s={search_term_string}\"},\"query-input\":{\"@type\":\"PropertyValueSpecification\",\"valueRequired\":true,\"valueName\":\"search_term_string\"}}],\"inLanguage\":\"de\"}]}<\/script>\n<!-- \/ Yoast SEO plugin. -->","yoast_head_json":{"title":"ESTA f\u00fcr Washington - USA-GV.COM","description":"Online eine ESTA-Genehmigung f\u00fcr eine Reise nach Washington in den USA beantragen","robots":{"index":"index","follow":"follow","max-snippet":"max-snippet:-1","max-image-preview":"max-image-preview:large","max-video-preview":"max-video-preview:-1"},"canonical":"https:\/\/usa-gv.com\/de\/esta-washington\/","og_locale":"de_DE","og_type":"article","og_title":"ESTA f\u00fcr Washington - USA-GV.COM","og_description":"Online eine ESTA-Genehmigung f\u00fcr eine Reise nach Washington in den USA beantragen","og_url":"https:\/\/usa-gv.com\/de\/esta-washington\/","og_site_name":"USA-GV.COM","article_modified_time":"2025-02-25T11:50:05+00:00","og_image":[{"url":"https:\/\/usa-gv.com\/wp-content\/uploads\/2024\/04\/esta-washington-e1736171507166.jpg","type":"","width":"","height":""}],"twitter_card":"summary_large_image","twitter_misc":{"Gesch\u00e4tzte Lesezeit":"2\u00a0Minuten"},"schema":{"@context":"https:\/\/schema.org","@graph":[{"@type":"WebPage","@id":"https:\/\/usa-gv.com\/de\/esta-washington\/","url":"https:\/\/usa-gv.com\/de\/esta-washington\/","name":"ESTA f\u00fcr Washington - USA-GV.COM","isPartOf":{"@id":"https:\/\/usa-gv.com\/de\/#website"},"primaryImageOfPage":{"@id":"https:\/\/usa-gv.com\/de\/esta-washington\/#primaryimage"},"image":{"@id":"https:\/\/usa-gv.com\/de\/esta-washington\/#primaryimage"},"thumbnailUrl":"https:\/\/usa-gv.com\/wp-content\/uploads\/2024\/04\/esta-washington-e1736171507166.jpg","datePublished":"2024-03-19T10:47:36+00:00","dateModified":"2025-02-25T11:50:05+00:00","description":"Online eine ESTA-Genehmigung f\u00fcr eine Reise nach Washington in den USA beantragen","breadcrumb":{"@id":"https:\/\/usa-gv.com\/de\/esta-washington\/#breadcrumb"},"inLanguage":"de","potentialAction":[{"@type":"ReadAction","target":["https:\/\/usa-gv.com\/de\/esta-washington\/"]}]},{"@type":"ImageObject","inLanguage":"de","@id":"https:\/\/usa-gv.com\/de\/esta-washington\/#primaryimage","url":"https:\/\/usa-gv.com\/wp-content\/uploads\/2024\/04\/esta-washington-e1736171507166.jpg","contentUrl":"https:\/\/usa-gv.com\/wp-content\/uploads\/2024\/04\/esta-washington-e1736171507166.jpg"},{"@type":"BreadcrumbList","@id":"https:\/\/usa-gv.com\/de\/esta-washington\/#breadcrumb","itemListElement":[{"@type":"ListItem","position":1,"name":"Home","item":"https:\/\/usa-gv.com\/de\/usa-reisefuehrer\/"},{"@type":"ListItem","position":2,"name":"ESTA f\u00fcr Washington"}]},{"@type":"WebSite","@id":"https:\/\/usa-gv.com\/de\/#website","url":"https:\/\/usa-gv.com\/de\/","name":"USA-GV.COM","description":"","potentialAction":[{"@type":"SearchAction","target":{"@type":"EntryPoint","urlTemplate":"https:\/\/usa-gv.com\/de\/?s={search_term_string}"},"query-input":{"@type":"PropertyValueSpecification","valueRequired":true,"valueName":"search_term_string"}}],"inLanguage":"de"}]}},"_links":{"self":[{"href":"https:\/\/usa-gv.com\/de\/wp-json\/wp\/v2\/pages\/2730","targetHints":{"allow":["GET"]}}],"collection":[{"href":"https:\/\/usa-gv.com\/de\/wp-json\/wp\/v2\/pages"}],"about":[{"href":"https:\/\/usa-gv.com\/de\/wp-json\/wp\/v2\/types\/page"}],"author":[{"embeddable":true,"href":"https:\/\/usa-gv.com\/de\/wp-json\/wp\/v2\/users\/1"}],"replies":[{"embeddable":true,"href":"https:\/\/usa-gv.com\/de\/wp-json\/wp\/v2\/comments?post=2730"}],"version-history":[{"count":3,"href":"https:\/\/usa-gv.com\/de\/wp-json\/wp\/v2\/pages\/2730\/revisions"}],"predecessor-version":[{"id":7089,"href":"https:\/\/usa-gv.com\/de\/wp-json\/wp\/v2\/pages\/2730\/revisions\/7089"}],"wp:attachment":[{"href":"https:\/\/usa-gv.com\/de\/wp-json\/wp\/v2\/media?parent=2730"}],"curies":[{"name":"wp","href":"https:\/\/api.w.org\/{rel}","templated":true}]}}