{"id":2714,"date":"2024-03-10T21:38:55","date_gmt":"2024-03-10T21:38:55","guid":{"rendered":"https:\/\/usa-gv.com\/esta-transit-usa\/"},"modified":"2025-02-25T11:49:19","modified_gmt":"2025-02-25T11:49:19","slug":"esta-transit-usa","status":"publish","type":"page","link":"https:\/\/usa-gv.com\/de\/esta-transit-usa\/","title":{"rendered":"ESTA f\u00fcr einen Transit durch die USA"},"content":{"rendered":"\n<h1 class=\"wp-block-heading\">Mit ESTA einen Zwischenstopp in den USA einlegen<\/h1>\n\n<p>Das US-amerikanische Programm f\u00fcr visumfreies Reisen (Visa Waiver Program) erm\u00f6glicht es den Staatsangeh\u00f6rigen der Mitgliedsl\u00e4nder, ohne Visum in die Vereinigten Staaten zu reisen, um dort einen touristischen oder gesch\u00e4ftlichen Aufenthalt zu verbringen oder die Durchreise durch die USA zu erm\u00f6glichen.\nDie Durchreise durch das US-amerikanische Hoheitsgebiet geh\u00f6rt zu den zul\u00e4ssigen Gr\u00fcnden f\u00fcr den Erhalt eines ESTA. <\/p>\n\n<p><strong>Um die Genehmigung innerhalb weniger Minuten zu erhalten<\/strong>, klicken Sie einfach auf <a href=\"https:\/\/usa-gv.com\/de\/esta-online-formular\/\">ESTA-Online-Formular<\/a>.<\/p>\n\n<div style=\"height:10px\" aria-hidden=\"true\" class=\"wp-block-spacer\"><\/div>\n\n<h2 class=\"wp-block-heading\">Was ist eine ESTA-Transitgenehmigung?<\/h2>\n\n<p>Die ESTA-Genehmigung erm\u00f6glicht es dem Inhaber, einen Zwischenstopp in den Vereinigten Staaten einzulegen, ohne ein US-Reisevisum zu besitzen.\nDer Transit geh\u00f6rt daher zu den Gr\u00fcnden, die f\u00fcr eine elektronische Reisegenehmigung (ESTA) in Frage kommen. <\/p>\n\n<h2 class=\"wp-block-heading\">Wie erhalte ich ein ESTA f\u00fcr einen Transit?<\/h2>\n\n<p>Bei der <a href=\"https:\/\/usa-gv.com\/de\/so-beantragen-sie-esta\/\">Beantragung einer ESTA-Genehmigung<\/a> muss der Reisende die <a href=\"https:\/\/usa-gv.com\/de\/fragen-zum-esta-formular\/\">Fragen des ESTA-Formulars<\/a> beantworten. Unter den gestellten Fragen, die mit den Merkmalen einer Reise in die USA zusammenh\u00e4ngen, gibt es eine spezielle Frage, die sich auf Transitreisen bezieht.  <\/p>\n\n<p>Der Reisende muss die Frage beantworten: <strong>Handelt es sich bei Ihrer Reise in die USA um eine Durchreise in ein anderes Land?<\/strong> Der Reisende muss die Frage durch Ankreuzen von JA oder NEIN beantworten.<\/p>\n\n<p>Wenn es sich um einen ESTA-Antrag f\u00fcr eine Durchreise handelt, beantwortet der Reisende die Frage daher mit JA.\nEr muss also keine Angaben zu seiner Aufenthaltsadresse in den USA machen.\nDen Teil des Formulars, der sich mit <strong>Notfallkontakten in den USA und au\u00dferhalb der USA<\/strong> befasst, muss er jedoch trotzdem ausf\u00fcllen.  <\/p>\n\n<h2 class=\"wp-block-heading\">Was kostet ein Transit-ESTA?<\/h2>\n\n<p>Die <a href=\"https:\/\/usa-gv.com\/de\/us-esta-preis\/\">Geb\u00fchr f\u00fcr das ESTA<\/a> ist einmalig, unabh\u00e4ngig vom Grund und der Dauer der Reise in die Vereinigten Staaten. <strong>Die H\u00f6he der Geb\u00fchren ist f\u00fcr einen 90-t\u00e4gigen Aufenthalt oder einen einfachen Zwischenstopp<\/strong> in den USA gleich. Der Reisende muss sein ESTA sofort am Ende des Formulars <a href=\"https:\/\/usa-gv.com\/de\/so-bezahlen-sie-ein-esta\/\">online bezahlen<\/a>, um den Antrag zu best\u00e4tigen.<\/p>\n\n<h2 class=\"wp-block-heading\">Bild des ESTA-Formulars f\u00fcr den Transit durch die USA<\/h2>\n\n<p>Dies ist der Teil des ESTA-Formulars, der sich auf die Reiseinformationen bezieht.\nDie Frage, die sich auf die Transitreise bezieht, ist eine obligatorische und wichtige Frage.   <\/p>\n\n<figure class=\"wp-block-image size-large\"><img decoding=\"async\" src=\"https:\/\/usa-gv.com\/wp-content\/uploads\/2024\/04\/esta-transits-DE-1024x668.png\" alt=\"ESTA-Formular f&#xFC;r einen Zwischenstopp in den USA\" class=\"wp-image-3882\"\/><figcaption class=\"wp-element-caption\">ESTA-Formular f\u00fcr die Durchreise durch die USA<\/figcaption><\/figure>\n","protected":false},"excerpt":{"rendered":"<p>Mit ESTA einen Zwischenstopp in den USA einlegen Das US-amerikanische Programm f\u00fcr visumfreies Reisen (Visa Waiver Program) erm\u00f6glicht es den Staatsangeh\u00f6rigen der Mitgliedsl\u00e4nder, ohne Visum in die Vereinigten Staaten zu reisen, um dort einen touristischen oder gesch\u00e4ftlichen Aufenthalt zu verbringen oder die Durchreise durch die USA zu erm\u00f6glichen. Die Durchreise durch das US-amerikanische Hoheitsgebiet geh\u00f6rt [&hellip;]<\/p>\n","protected":false},"author":1,"featured_media":0,"parent":0,"menu_order":0,"comment_status":"closed","ping_status":"closed","template":"","meta":{"footnotes":""},"class_list":["post-2714","page","type-page","status-publish","hentry"],"yoast_head":"<!-- This site is optimized with the Yoast SEO plugin v26.6 - https:\/\/yoast.com\/wordpress\/plugins\/seo\/ -->\n<title>ESTA f\u00fcr einen Transit durch die USA - USA-GV.COM<\/title>\n<meta name=\"description\" content=\"Einige ausl\u00e4ndische Reisende k\u00f6nnen mit einer ESTA-Genehmigung in den USA einen Zwischenstopp einlegen oder auf der Durchreise bleiben.\" \/>\n<meta name=\"robots\" content=\"index, follow, max-snippet:-1, max-image-preview:large, max-video-preview:-1\" \/>\n<link rel=\"canonical\" href=\"https:\/\/usa-gv.com\/de\/esta-transit-usa\/\" \/>\n<meta property=\"og:locale\" content=\"de_DE\" \/>\n<meta property=\"og:type\" content=\"article\" \/>\n<meta property=\"og:title\" content=\"ESTA f\u00fcr einen Transit durch die USA - USA-GV.COM\" \/>\n<meta property=\"og:description\" content=\"Einige ausl\u00e4ndische Reisende k\u00f6nnen mit einer ESTA-Genehmigung in den USA einen Zwischenstopp einlegen oder auf der Durchreise bleiben.\" \/>\n<meta property=\"og:url\" content=\"https:\/\/usa-gv.com\/de\/esta-transit-usa\/\" \/>\n<meta property=\"og:site_name\" content=\"USA-GV.COM\" \/>\n<meta property=\"article:modified_time\" content=\"2025-02-25T11:49:19+00:00\" \/>\n<meta property=\"og:image\" content=\"https:\/\/usa-gv.com\/wp-content\/uploads\/2024\/04\/esta-transits-DE-1024x668.png\" \/>\n<meta name=\"twitter:card\" content=\"summary_large_image\" \/>\n<meta name=\"twitter:label1\" content=\"Gesch\u00e4tzte Lesezeit\" \/>\n\t<meta name=\"twitter:data1\" content=\"2\u00a0Minuten\" \/>\n<script type=\"application\/ld+json\" class=\"yoast-schema-graph\">{\"@context\":\"https:\/\/schema.org\",\"@graph\":[{\"@type\":\"WebPage\",\"@id\":\"https:\/\/usa-gv.com\/de\/esta-transit-usa\/\",\"url\":\"https:\/\/usa-gv.com\/de\/esta-transit-usa\/\",\"name\":\"ESTA f\u00fcr einen Transit durch die USA - USA-GV.COM\",\"isPartOf\":{\"@id\":\"https:\/\/usa-gv.com\/de\/#website\"},\"primaryImageOfPage\":{\"@id\":\"https:\/\/usa-gv.com\/de\/esta-transit-usa\/#primaryimage\"},\"image\":{\"@id\":\"https:\/\/usa-gv.com\/de\/esta-transit-usa\/#primaryimage\"},\"thumbnailUrl\":\"https:\/\/usa-gv.com\/wp-content\/uploads\/2024\/04\/esta-transits-DE-1024x668.png\",\"datePublished\":\"2024-03-10T21:38:55+00:00\",\"dateModified\":\"2025-02-25T11:49:19+00:00\",\"description\":\"Einige ausl\u00e4ndische Reisende k\u00f6nnen mit einer ESTA-Genehmigung in den USA einen Zwischenstopp einlegen oder auf der Durchreise bleiben.\",\"breadcrumb\":{\"@id\":\"https:\/\/usa-gv.com\/de\/esta-transit-usa\/#breadcrumb\"},\"inLanguage\":\"de\",\"potentialAction\":[{\"@type\":\"ReadAction\",\"target\":[\"https:\/\/usa-gv.com\/de\/esta-transit-usa\/\"]}]},{\"@type\":\"ImageObject\",\"inLanguage\":\"de\",\"@id\":\"https:\/\/usa-gv.com\/de\/esta-transit-usa\/#primaryimage\",\"url\":\"https:\/\/usa-gv.com\/wp-content\/uploads\/2024\/04\/esta-transits-DE-1024x668.png\",\"contentUrl\":\"https:\/\/usa-gv.com\/wp-content\/uploads\/2024\/04\/esta-transits-DE-1024x668.png\"},{\"@type\":\"BreadcrumbList\",\"@id\":\"https:\/\/usa-gv.com\/de\/esta-transit-usa\/#breadcrumb\",\"itemListElement\":[{\"@type\":\"ListItem\",\"position\":1,\"name\":\"Home\",\"item\":\"https:\/\/usa-gv.com\/de\/usa-reisefuehrer\/\"},{\"@type\":\"ListItem\",\"position\":2,\"name\":\"ESTA f\u00fcr einen Transit durch die USA\"}]},{\"@type\":\"WebSite\",\"@id\":\"https:\/\/usa-gv.com\/de\/#website\",\"url\":\"https:\/\/usa-gv.com\/de\/\",\"name\":\"USA-GV.COM\",\"description\":\"\",\"potentialAction\":[{\"@type\":\"SearchAction\",\"target\":{\"@type\":\"EntryPoint\",\"urlTemplate\":\"https:\/\/usa-gv.com\/de\/?s={search_term_string}\"},\"query-input\":{\"@type\":\"PropertyValueSpecification\",\"valueRequired\":true,\"valueName\":\"search_term_string\"}}],\"inLanguage\":\"de\"}]}<\/script>\n<!-- \/ Yoast SEO plugin. -->","yoast_head_json":{"title":"ESTA f\u00fcr einen Transit durch die USA - USA-GV.COM","description":"Einige ausl\u00e4ndische Reisende k\u00f6nnen mit einer ESTA-Genehmigung in den USA einen Zwischenstopp einlegen oder auf der Durchreise bleiben.","robots":{"index":"index","follow":"follow","max-snippet":"max-snippet:-1","max-image-preview":"max-image-preview:large","max-video-preview":"max-video-preview:-1"},"canonical":"https:\/\/usa-gv.com\/de\/esta-transit-usa\/","og_locale":"de_DE","og_type":"article","og_title":"ESTA f\u00fcr einen Transit durch die USA - USA-GV.COM","og_description":"Einige ausl\u00e4ndische Reisende k\u00f6nnen mit einer ESTA-Genehmigung in den USA einen Zwischenstopp einlegen oder auf der Durchreise bleiben.","og_url":"https:\/\/usa-gv.com\/de\/esta-transit-usa\/","og_site_name":"USA-GV.COM","article_modified_time":"2025-02-25T11:49:19+00:00","og_image":[{"url":"https:\/\/usa-gv.com\/wp-content\/uploads\/2024\/04\/esta-transits-DE-1024x668.png","type":"","width":"","height":""}],"twitter_card":"summary_large_image","twitter_misc":{"Gesch\u00e4tzte Lesezeit":"2\u00a0Minuten"},"schema":{"@context":"https:\/\/schema.org","@graph":[{"@type":"WebPage","@id":"https:\/\/usa-gv.com\/de\/esta-transit-usa\/","url":"https:\/\/usa-gv.com\/de\/esta-transit-usa\/","name":"ESTA f\u00fcr einen Transit durch die USA - USA-GV.COM","isPartOf":{"@id":"https:\/\/usa-gv.com\/de\/#website"},"primaryImageOfPage":{"@id":"https:\/\/usa-gv.com\/de\/esta-transit-usa\/#primaryimage"},"image":{"@id":"https:\/\/usa-gv.com\/de\/esta-transit-usa\/#primaryimage"},"thumbnailUrl":"https:\/\/usa-gv.com\/wp-content\/uploads\/2024\/04\/esta-transits-DE-1024x668.png","datePublished":"2024-03-10T21:38:55+00:00","dateModified":"2025-02-25T11:49:19+00:00","description":"Einige ausl\u00e4ndische Reisende k\u00f6nnen mit einer ESTA-Genehmigung in den USA einen Zwischenstopp einlegen oder auf der Durchreise bleiben.","breadcrumb":{"@id":"https:\/\/usa-gv.com\/de\/esta-transit-usa\/#breadcrumb"},"inLanguage":"de","potentialAction":[{"@type":"ReadAction","target":["https:\/\/usa-gv.com\/de\/esta-transit-usa\/"]}]},{"@type":"ImageObject","inLanguage":"de","@id":"https:\/\/usa-gv.com\/de\/esta-transit-usa\/#primaryimage","url":"https:\/\/usa-gv.com\/wp-content\/uploads\/2024\/04\/esta-transits-DE-1024x668.png","contentUrl":"https:\/\/usa-gv.com\/wp-content\/uploads\/2024\/04\/esta-transits-DE-1024x668.png"},{"@type":"BreadcrumbList","@id":"https:\/\/usa-gv.com\/de\/esta-transit-usa\/#breadcrumb","itemListElement":[{"@type":"ListItem","position":1,"name":"Home","item":"https:\/\/usa-gv.com\/de\/usa-reisefuehrer\/"},{"@type":"ListItem","position":2,"name":"ESTA f\u00fcr einen Transit durch die USA"}]},{"@type":"WebSite","@id":"https:\/\/usa-gv.com\/de\/#website","url":"https:\/\/usa-gv.com\/de\/","name":"USA-GV.COM","description":"","potentialAction":[{"@type":"SearchAction","target":{"@type":"EntryPoint","urlTemplate":"https:\/\/usa-gv.com\/de\/?s={search_term_string}"},"query-input":{"@type":"PropertyValueSpecification","valueRequired":true,"valueName":"search_term_string"}}],"inLanguage":"de"}]}},"_links":{"self":[{"href":"https:\/\/usa-gv.com\/de\/wp-json\/wp\/v2\/pages\/2714","targetHints":{"allow":["GET"]}}],"collection":[{"href":"https:\/\/usa-gv.com\/de\/wp-json\/wp\/v2\/pages"}],"about":[{"href":"https:\/\/usa-gv.com\/de\/wp-json\/wp\/v2\/types\/page"}],"author":[{"embeddable":true,"href":"https:\/\/usa-gv.com\/de\/wp-json\/wp\/v2\/users\/1"}],"replies":[{"embeddable":true,"href":"https:\/\/usa-gv.com\/de\/wp-json\/wp\/v2\/comments?post=2714"}],"version-history":[{"count":1,"href":"https:\/\/usa-gv.com\/de\/wp-json\/wp\/v2\/pages\/2714\/revisions"}],"predecessor-version":[{"id":7501,"href":"https:\/\/usa-gv.com\/de\/wp-json\/wp\/v2\/pages\/2714\/revisions\/7501"}],"wp:attachment":[{"href":"https:\/\/usa-gv.com\/de\/wp-json\/wp\/v2\/media?parent=2714"}],"curies":[{"name":"wp","href":"https:\/\/api.w.org\/{rel}","templated":true}]}}