{"id":2687,"date":"2024-03-19T10:45:13","date_gmt":"2024-03-19T10:45:13","guid":{"rendered":"https:\/\/usa-gv.com\/esta-los-angeles\/"},"modified":"2025-02-25T11:49:38","modified_gmt":"2025-02-25T11:49:38","slug":"esta-los-angeles","status":"publish","type":"page","link":"https:\/\/usa-gv.com\/de\/esta-los-angeles\/","title":{"rendered":"ESTA f\u00fcr Los Angeles"},"content":{"rendered":"\n<h1 class=\"wp-block-heading\">ESTA online f\u00fcr Reisen nach Los Angeles<\/h1>\n\n<p><a href=\"https:\/\/usa-gv.com\/de\/besuchen-los-angeles\/\">Los Angeles<\/a> ist die gr\u00f6\u00dfte Stadt der USA in Kalifornien. Um sich in Los Angeles aufhalten zu k\u00f6nnen, m\u00fcssen ausl\u00e4ndische Staatsangeh\u00f6rige im Besitz einer g\u00fcltigen Reisegenehmigung oder eines g\u00fcltigen Visums sein.<\/p>\n\n<h2 class=\"wp-block-heading\">Kann man mit einem ESTA nach Los Angeles reisen?<\/h2>\n\n<p>Bei einem Aufenthalt von weniger als 90 Tagen k\u00f6nnen Reisende aus L\u00e4ndern, die dem <a href=\"https:\/\/usa-gv.com\/de\/visa-waiver-program-usa\/\">Visa Waiver Program<\/a> angeh\u00f6ren, mit einer ESTA-Reisegenehmigung in Los Angeles landen.  <\/p>\n\n<h2 class=\"wp-block-heading\">Wie erhalte ich ein ESTA f\u00fcr Los Angeles?<\/h2>\n\n<p>Die Beantragung einer ESTA-Genehmigung erfolgt vollst\u00e4ndig online. Das <a href=\"https:\/\/usa-gv.com\/de\/fullen-sie-das-esta-formular-online-aus\/\">Ausf\u00fcllen des ESTA-Formulars<\/a> dauert nur wenige Minuten, wenn der Antragsteller im Besitz eines <a href=\"https:\/\/usa-gv.com\/de\/reisepass-fur-die-usa\/\">g\u00fcltigen Reisepasses ist mit dem er in die USA reisen<\/a> kann. Der Online-Antrag muss mindestens drei Tage vor dem Flug nach Los Angeles gestellt werden.  <\/p>\n\n<p><strong>Um eine ESTA-Genehmigung f\u00fcr Los Angeles<\/strong> zu erhalten, klicken Sie einfach auf <a href=\"https:\/\/usa-gv.com\/de\/esta-online-formular\/\">ESTA-Online-Formular<\/a>.<\/p>\n\n<div style=\"height:10px\" aria-hidden=\"true\" class=\"wp-block-spacer\"><\/div>\n\n<h2 class=\"wp-block-heading\">Ben\u00f6tige ich ein ESTA, um in Los Angeles einen Zwischenstopp einzulegen?<\/h2>\n\n<p>Ein Reisender mit ESTA kann in <a href=\"https:\/\/usa-gv.com\/de\/besuchen-los-angeles\/\">Los Angeles<\/a> einen Zwischenstopp einlegen, ohne ein US-Visum haben zu m\u00fcssen. Mit der ESTA-Genehmigung k\u00f6nnen Sie \u00fcberall in den Vereinigten Staaten einen Zwischenstopp einlegen. Der Reisende muss im Besitz seiner <a href=\"https:\/\/usa-gv.com\/de\/reisedokumente-fur-die-usa\/\">Reisedokumente f\u00fcr die USA<\/a> sein.<\/p>\n\n<p>Andererseits ist es nicht notwendig, dass Sie Ihr <a href=\"https:\/\/usa-gv.com\/de\/ausdrucken-esta\/\">ESTA vor der Fahrt zum Flughafen ausgedruckt<\/a> haben.<\/p>\n\n<h2 class=\"wp-block-heading\">Was kostet ein ESTA f\u00fcr Los Angeles?<\/h2>\n\n<p>Der <a href=\"https:\/\/usa-gv.com\/de\/us-esta-preis\/\">Preis f\u00fcr das ESTA<\/a> f\u00fcr Los Angeles wird von der US-Regierung festgelegt. Der Preis hat sich seit der Einf\u00fchrung des Visa Waiver Program ge\u00e4ndert: Die Grundgeb\u00fchr betr\u00e4gt seit Mai 2022 21 US-Dollar. Die <a href=\"https:\/\/usa-gv.com\/de\/so-bezahlen-sie-ein-esta\/\">Bezahlung des ESTA<\/a> erfolgt online ausschlie\u00dflich per Kreditkarte. Die Bearbeitung des Antrags erfolgt erst, wenn die Zahlung best\u00e4tigt wurde.<\/p>\n\n<h2 class=\"wp-block-heading\">ESTA-Bild f\u00fcr Los Angeles<\/h2>\n\n<p>Mit einer ESTA-Genehmigung k\u00f6nnen Sie die wundersch\u00f6ne Stadt <a href=\"https:\/\/usa-gv.com\/de\/besuchen-los-angeles\/\">Los Angeles<\/a> ohne Visum erkunden. Reisende k\u00f6nnen w\u00e4hrend der <a href=\"https:\/\/usa-gv.com\/de\/esta-gultigkeitsdauer\/\">G\u00fcltigkeitsdauer von ESTA<\/a> mehrere Aufenthalte in Los Angeles absolvieren.<\/p>\n\n<figure class=\"wp-block-image size-large\"><img fetchpriority=\"high\" decoding=\"async\" width=\"1406\" height=\"610\" src=\"https:\/\/usa-gv.com\/wp-content\/uploads\/2024\/04\/esta-los-angeles-e1736171770188.jpg\" alt=\"ESTA-Reisegenehmigung f&#xFC;r Los Angeles\" class=\"wp-image-3340\" srcset=\"https:\/\/usa-gv.com\/wp-content\/uploads\/2024\/04\/esta-los-angeles-e1736171770188.jpg 1406w, https:\/\/usa-gv.com\/wp-content\/uploads\/2024\/04\/esta-los-angeles-e1736171770188-300x130.jpg 300w, https:\/\/usa-gv.com\/wp-content\/uploads\/2024\/04\/esta-los-angeles-e1736171770188-1024x444.jpg 1024w, https:\/\/usa-gv.com\/wp-content\/uploads\/2024\/04\/esta-los-angeles-e1736171770188-768x333.jpg 768w\" sizes=\"(max-width: 1406px) 100vw, 1406px\" \/><figcaption class=\"wp-element-caption\">Foto von Los Angeles, wo man mit ESTA reisen kann<\/figcaption><\/figure>\n","protected":false},"excerpt":{"rendered":"<p>ESTA online f\u00fcr Reisen nach Los Angeles Los Angeles ist die gr\u00f6\u00dfte Stadt der USA in Kalifornien. Um sich in Los Angeles aufhalten zu k\u00f6nnen, m\u00fcssen ausl\u00e4ndische Staatsangeh\u00f6rige im Besitz einer g\u00fcltigen Reisegenehmigung oder eines g\u00fcltigen Visums sein. Kann man mit einem ESTA nach Los Angeles reisen? Bei einem Aufenthalt von weniger als 90 Tagen [&hellip;]<\/p>\n","protected":false},"author":1,"featured_media":0,"parent":0,"menu_order":0,"comment_status":"closed","ping_status":"closed","template":"","meta":{"footnotes":""},"class_list":["post-2687","page","type-page","status-publish","hentry"],"yoast_head":"<!-- This site is optimized with the Yoast SEO plugin v26.6 - https:\/\/yoast.com\/wordpress\/plugins\/seo\/ -->\n<title>ESTA f\u00fcr Los Angeles - USA-GV.COM<\/title>\n<meta name=\"description\" content=\"Online eine ESTA-Genehmigung f\u00fcr eine Reise nach Los Angeles in den USA beantragen\" \/>\n<meta name=\"robots\" content=\"index, follow, max-snippet:-1, max-image-preview:large, max-video-preview:-1\" \/>\n<link rel=\"canonical\" href=\"https:\/\/usa-gv.com\/de\/esta-los-angeles\/\" \/>\n<meta property=\"og:locale\" content=\"de_DE\" \/>\n<meta property=\"og:type\" content=\"article\" \/>\n<meta property=\"og:title\" content=\"ESTA f\u00fcr Los Angeles - USA-GV.COM\" \/>\n<meta property=\"og:description\" content=\"Online eine ESTA-Genehmigung f\u00fcr eine Reise nach Los Angeles in den USA beantragen\" \/>\n<meta property=\"og:url\" content=\"https:\/\/usa-gv.com\/de\/esta-los-angeles\/\" \/>\n<meta property=\"og:site_name\" content=\"USA-GV.COM\" \/>\n<meta property=\"article:modified_time\" content=\"2025-02-25T11:49:38+00:00\" \/>\n<meta property=\"og:image\" content=\"https:\/\/usa-gv.com\/wp-content\/uploads\/2024\/04\/esta-los-angeles-e1736171770188.jpg\" \/>\n<meta name=\"twitter:card\" content=\"summary_large_image\" \/>\n<meta name=\"twitter:label1\" content=\"Gesch\u00e4tzte Lesezeit\" \/>\n\t<meta name=\"twitter:data1\" content=\"2\u00a0Minuten\" \/>\n<script type=\"application\/ld+json\" class=\"yoast-schema-graph\">{\"@context\":\"https:\/\/schema.org\",\"@graph\":[{\"@type\":\"WebPage\",\"@id\":\"https:\/\/usa-gv.com\/de\/esta-los-angeles\/\",\"url\":\"https:\/\/usa-gv.com\/de\/esta-los-angeles\/\",\"name\":\"ESTA f\u00fcr Los Angeles - USA-GV.COM\",\"isPartOf\":{\"@id\":\"https:\/\/usa-gv.com\/de\/#website\"},\"primaryImageOfPage\":{\"@id\":\"https:\/\/usa-gv.com\/de\/esta-los-angeles\/#primaryimage\"},\"image\":{\"@id\":\"https:\/\/usa-gv.com\/de\/esta-los-angeles\/#primaryimage\"},\"thumbnailUrl\":\"https:\/\/usa-gv.com\/wp-content\/uploads\/2024\/04\/esta-los-angeles-e1736171770188.jpg\",\"datePublished\":\"2024-03-19T10:45:13+00:00\",\"dateModified\":\"2025-02-25T11:49:38+00:00\",\"description\":\"Online eine ESTA-Genehmigung f\u00fcr eine Reise nach Los Angeles in den USA beantragen\",\"breadcrumb\":{\"@id\":\"https:\/\/usa-gv.com\/de\/esta-los-angeles\/#breadcrumb\"},\"inLanguage\":\"de\",\"potentialAction\":[{\"@type\":\"ReadAction\",\"target\":[\"https:\/\/usa-gv.com\/de\/esta-los-angeles\/\"]}]},{\"@type\":\"ImageObject\",\"inLanguage\":\"de\",\"@id\":\"https:\/\/usa-gv.com\/de\/esta-los-angeles\/#primaryimage\",\"url\":\"https:\/\/usa-gv.com\/wp-content\/uploads\/2024\/04\/esta-los-angeles-e1736171770188.jpg\",\"contentUrl\":\"https:\/\/usa-gv.com\/wp-content\/uploads\/2024\/04\/esta-los-angeles-e1736171770188.jpg\"},{\"@type\":\"BreadcrumbList\",\"@id\":\"https:\/\/usa-gv.com\/de\/esta-los-angeles\/#breadcrumb\",\"itemListElement\":[{\"@type\":\"ListItem\",\"position\":1,\"name\":\"Home\",\"item\":\"https:\/\/usa-gv.com\/de\/usa-reisefuehrer\/\"},{\"@type\":\"ListItem\",\"position\":2,\"name\":\"ESTA f\u00fcr Los Angeles\"}]},{\"@type\":\"WebSite\",\"@id\":\"https:\/\/usa-gv.com\/de\/#website\",\"url\":\"https:\/\/usa-gv.com\/de\/\",\"name\":\"USA-GV.COM\",\"description\":\"\",\"potentialAction\":[{\"@type\":\"SearchAction\",\"target\":{\"@type\":\"EntryPoint\",\"urlTemplate\":\"https:\/\/usa-gv.com\/de\/?s={search_term_string}\"},\"query-input\":{\"@type\":\"PropertyValueSpecification\",\"valueRequired\":true,\"valueName\":\"search_term_string\"}}],\"inLanguage\":\"de\"}]}<\/script>\n<!-- \/ Yoast SEO plugin. -->","yoast_head_json":{"title":"ESTA f\u00fcr Los Angeles - USA-GV.COM","description":"Online eine ESTA-Genehmigung f\u00fcr eine Reise nach Los Angeles in den USA beantragen","robots":{"index":"index","follow":"follow","max-snippet":"max-snippet:-1","max-image-preview":"max-image-preview:large","max-video-preview":"max-video-preview:-1"},"canonical":"https:\/\/usa-gv.com\/de\/esta-los-angeles\/","og_locale":"de_DE","og_type":"article","og_title":"ESTA f\u00fcr Los Angeles - USA-GV.COM","og_description":"Online eine ESTA-Genehmigung f\u00fcr eine Reise nach Los Angeles in den USA beantragen","og_url":"https:\/\/usa-gv.com\/de\/esta-los-angeles\/","og_site_name":"USA-GV.COM","article_modified_time":"2025-02-25T11:49:38+00:00","og_image":[{"url":"https:\/\/usa-gv.com\/wp-content\/uploads\/2024\/04\/esta-los-angeles-e1736171770188.jpg","type":"","width":"","height":""}],"twitter_card":"summary_large_image","twitter_misc":{"Gesch\u00e4tzte Lesezeit":"2\u00a0Minuten"},"schema":{"@context":"https:\/\/schema.org","@graph":[{"@type":"WebPage","@id":"https:\/\/usa-gv.com\/de\/esta-los-angeles\/","url":"https:\/\/usa-gv.com\/de\/esta-los-angeles\/","name":"ESTA f\u00fcr Los Angeles - USA-GV.COM","isPartOf":{"@id":"https:\/\/usa-gv.com\/de\/#website"},"primaryImageOfPage":{"@id":"https:\/\/usa-gv.com\/de\/esta-los-angeles\/#primaryimage"},"image":{"@id":"https:\/\/usa-gv.com\/de\/esta-los-angeles\/#primaryimage"},"thumbnailUrl":"https:\/\/usa-gv.com\/wp-content\/uploads\/2024\/04\/esta-los-angeles-e1736171770188.jpg","datePublished":"2024-03-19T10:45:13+00:00","dateModified":"2025-02-25T11:49:38+00:00","description":"Online eine ESTA-Genehmigung f\u00fcr eine Reise nach Los Angeles in den USA beantragen","breadcrumb":{"@id":"https:\/\/usa-gv.com\/de\/esta-los-angeles\/#breadcrumb"},"inLanguage":"de","potentialAction":[{"@type":"ReadAction","target":["https:\/\/usa-gv.com\/de\/esta-los-angeles\/"]}]},{"@type":"ImageObject","inLanguage":"de","@id":"https:\/\/usa-gv.com\/de\/esta-los-angeles\/#primaryimage","url":"https:\/\/usa-gv.com\/wp-content\/uploads\/2024\/04\/esta-los-angeles-e1736171770188.jpg","contentUrl":"https:\/\/usa-gv.com\/wp-content\/uploads\/2024\/04\/esta-los-angeles-e1736171770188.jpg"},{"@type":"BreadcrumbList","@id":"https:\/\/usa-gv.com\/de\/esta-los-angeles\/#breadcrumb","itemListElement":[{"@type":"ListItem","position":1,"name":"Home","item":"https:\/\/usa-gv.com\/de\/usa-reisefuehrer\/"},{"@type":"ListItem","position":2,"name":"ESTA f\u00fcr Los Angeles"}]},{"@type":"WebSite","@id":"https:\/\/usa-gv.com\/de\/#website","url":"https:\/\/usa-gv.com\/de\/","name":"USA-GV.COM","description":"","potentialAction":[{"@type":"SearchAction","target":{"@type":"EntryPoint","urlTemplate":"https:\/\/usa-gv.com\/de\/?s={search_term_string}"},"query-input":{"@type":"PropertyValueSpecification","valueRequired":true,"valueName":"search_term_string"}}],"inLanguage":"de"}]}},"_links":{"self":[{"href":"https:\/\/usa-gv.com\/de\/wp-json\/wp\/v2\/pages\/2687","targetHints":{"allow":["GET"]}}],"collection":[{"href":"https:\/\/usa-gv.com\/de\/wp-json\/wp\/v2\/pages"}],"about":[{"href":"https:\/\/usa-gv.com\/de\/wp-json\/wp\/v2\/types\/page"}],"author":[{"embeddable":true,"href":"https:\/\/usa-gv.com\/de\/wp-json\/wp\/v2\/users\/1"}],"replies":[{"embeddable":true,"href":"https:\/\/usa-gv.com\/de\/wp-json\/wp\/v2\/comments?post=2687"}],"version-history":[{"count":2,"href":"https:\/\/usa-gv.com\/de\/wp-json\/wp\/v2\/pages\/2687\/revisions"}],"predecessor-version":[{"id":7068,"href":"https:\/\/usa-gv.com\/de\/wp-json\/wp\/v2\/pages\/2687\/revisions\/7068"}],"wp:attachment":[{"href":"https:\/\/usa-gv.com\/de\/wp-json\/wp\/v2\/media?parent=2687"}],"curies":[{"name":"wp","href":"https:\/\/api.w.org\/{rel}","templated":true}]}}