{"id":2667,"date":"2024-03-12T09:17:22","date_gmt":"2024-03-12T09:17:22","guid":{"rendered":"https:\/\/usa-gv.com\/so-bezahlen-sie-ein-esta\/"},"modified":"2025-02-25T11:49:12","modified_gmt":"2025-02-25T11:49:12","slug":"so-bezahlen-sie-ein-esta","status":"publish","type":"page","link":"https:\/\/usa-gv.com\/de\/so-bezahlen-sie-ein-esta\/","title":{"rendered":"Wie man ein ESTA online bezahlt"},"content":{"rendered":"\n<h1 class=\"wp-block-heading\">Wie man die Zahlung f\u00fcr einen ESTA-Antrag vornimmt<\/h1>\n\n<p>Das Verfahren zur Erlangung einer ESTA-Reisegenehmigung wird vollst\u00e4ndig online abgewickelt.\nDas Verfahren sieht die Zahlung einer Bearbeitungsgeb\u00fchr vor, um den Antrag zu best\u00e4tigen und seine elektronische Verarbeitung zu starten.\nHier erfahren Sie, was Sie \u00fcber die Bezahlung von ESTA wissen sollten.  <\/p>\n\n<p><strong>Um Ihren ESTA-Antrag zu stellen<\/strong>, klicken Sie einfach auf <a href=\"https:\/\/usa-gv.com\/de\/esta-online-formular\/\">ESTA-Online-Formular<\/a>.<\/p>\n\n<div style=\"height:10px\" aria-hidden=\"true\" class=\"wp-block-spacer\"><\/div>\n\n<h2 class=\"wp-block-heading\">Ist ESTA kostenpflichtig?<\/h2>\n\n<p>Die Einholung einer ESTA-Reisegenehmigung ist kostenpflichtig.\nEs ist nicht m\u00f6glich, ein <a href=\"https:\/\/usa-gv.com\/de\/kostenloses-esta\/\">kostenloses ESTA<\/a> zu erhalten.\nDer <a href=\"https:\/\/usa-gv.com\/de\/us-esta-preis\/\">Preis f\u00fcr das ESTA<\/a> deckt Bearbeitungsgeb\u00fchren und Kosten f\u00fcr die Entwicklung des Tourismus in den USA.  <\/p>\n\n<h2 class=\"wp-block-heading\">Wann erfolgt die Zahlung?<\/h2>\n\n<p>Bei einem <a href=\"https:\/\/usa-gv.com\/de\/so-beantragen-sie-esta\/\">Online-ESTA-Antrag<\/a> erreicht der Antragsteller im letzten Schritt des Verfahrens die Seite zur Zahlung der Geb\u00fchren. Der Antrag kann erst abgeschlossen werden, wenn die Zahlung der Geb\u00fchren auf der <a href=\"https:\/\/usa-gv.com\/de\/offizielle-esta-website\/\">offiziellen ESTA-Website<\/a> erfolgt ist.  <\/p>\n\n<p>Die Akte wird bis zu sieben Tage ohne Zahlung aufbewahrt.\nDie Frist f\u00fcr die Zahlung ist auf der Zahlungsseite angegeben. <strong>Die Bearbeitung des Antrags erfolgt erst, wenn die Zahlung der Geb\u00fchren best\u00e4tigt<\/strong> wurde. <\/p>\n\n<h2 class=\"wp-block-heading\">Wie mache ich die Zahlung?<\/h2>\n\n<p>Die <strong>Zahlung der ESTA-Geb\u00fchren erfolgt ausschlie\u00dflich per Kreditkarte<\/strong>.\nDie folgenden Kartentypen werden f\u00fcr die Online-Zahlung akzeptiert: Visa, MasterCard, American Express, Discover, Diner&#8217;s Club, Maestro oder JCB. <\/p>\n\n<h2 class=\"wp-block-heading\">Foto der ESTA-Zahlungsseite auf Deutsch<\/h2>\n\n<p>Hier ist ein Screenshot der Webseite, auf der der Reisende die Zahlung der ESTA-Geb\u00fchren vornehmen muss<\/p>\n\n<figure class=\"wp-block-image size-large\"><img decoding=\"async\" src=\"https:\/\/usa-gv.com\/wp-content\/uploads\/2024\/04\/zahlen-esta-DE-1024x724.jpg\" alt=\"Seite ESTA-Zahlung online\" class=\"wp-image-3375\"\/><figcaption class=\"wp-element-caption\">Foto der Seite, auf der Sie die ESTA-Zahlung vornehmen k\u00f6nnen<\/figcaption><\/figure>\n\n<p><\/p>\n","protected":false},"excerpt":{"rendered":"<p>Wie man die Zahlung f\u00fcr einen ESTA-Antrag vornimmt Das Verfahren zur Erlangung einer ESTA-Reisegenehmigung wird vollst\u00e4ndig online abgewickelt. Das Verfahren sieht die Zahlung einer Bearbeitungsgeb\u00fchr vor, um den Antrag zu best\u00e4tigen und seine elektronische Verarbeitung zu starten. Hier erfahren Sie, was Sie \u00fcber die Bezahlung von ESTA wissen sollten. Um Ihren ESTA-Antrag zu stellen, klicken [&hellip;]<\/p>\n","protected":false},"author":1,"featured_media":0,"parent":0,"menu_order":0,"comment_status":"closed","ping_status":"closed","template":"","meta":{"footnotes":""},"class_list":["post-2667","page","type-page","status-publish","hentry"],"yoast_head":"<!-- This site is optimized with the Yoast SEO plugin v26.6 - https:\/\/yoast.com\/wordpress\/plugins\/seo\/ -->\n<title>Wie man ein ESTA online bezahlt - USA-GV.COM<\/title>\n<meta name=\"description\" content=\"Wie man f\u00fcr einen ESTA-Antrag online bezahlt, um das Verfahren abzuschlie\u00dfen und die Reisegenehmigung f\u00fcr die USA zu erhalten\" \/>\n<meta name=\"robots\" content=\"index, follow, max-snippet:-1, max-image-preview:large, max-video-preview:-1\" \/>\n<link rel=\"canonical\" href=\"https:\/\/usa-gv.com\/de\/so-bezahlen-sie-ein-esta\/\" \/>\n<meta property=\"og:locale\" content=\"de_DE\" \/>\n<meta property=\"og:type\" content=\"article\" \/>\n<meta property=\"og:title\" content=\"Wie man ein ESTA online bezahlt - USA-GV.COM\" \/>\n<meta property=\"og:description\" content=\"Wie man f\u00fcr einen ESTA-Antrag online bezahlt, um das Verfahren abzuschlie\u00dfen und die Reisegenehmigung f\u00fcr die USA zu erhalten\" \/>\n<meta property=\"og:url\" content=\"https:\/\/usa-gv.com\/de\/so-bezahlen-sie-ein-esta\/\" \/>\n<meta property=\"og:site_name\" content=\"USA-GV.COM\" \/>\n<meta property=\"article:modified_time\" content=\"2025-02-25T11:49:12+00:00\" \/>\n<meta property=\"og:image\" content=\"https:\/\/usa-gv.com\/wp-content\/uploads\/2024\/04\/zahlen-esta-DE-1024x724.jpg\" \/>\n<meta name=\"twitter:card\" content=\"summary_large_image\" \/>\n<meta name=\"twitter:label1\" content=\"Gesch\u00e4tzte Lesezeit\" \/>\n\t<meta name=\"twitter:data1\" content=\"1\u00a0Minute\" \/>\n<script type=\"application\/ld+json\" class=\"yoast-schema-graph\">{\"@context\":\"https:\/\/schema.org\",\"@graph\":[{\"@type\":\"WebPage\",\"@id\":\"https:\/\/usa-gv.com\/de\/so-bezahlen-sie-ein-esta\/\",\"url\":\"https:\/\/usa-gv.com\/de\/so-bezahlen-sie-ein-esta\/\",\"name\":\"Wie man ein ESTA online bezahlt - USA-GV.COM\",\"isPartOf\":{\"@id\":\"https:\/\/usa-gv.com\/de\/#website\"},\"primaryImageOfPage\":{\"@id\":\"https:\/\/usa-gv.com\/de\/so-bezahlen-sie-ein-esta\/#primaryimage\"},\"image\":{\"@id\":\"https:\/\/usa-gv.com\/de\/so-bezahlen-sie-ein-esta\/#primaryimage\"},\"thumbnailUrl\":\"https:\/\/usa-gv.com\/wp-content\/uploads\/2024\/04\/zahlen-esta-DE-1024x724.jpg\",\"datePublished\":\"2024-03-12T09:17:22+00:00\",\"dateModified\":\"2025-02-25T11:49:12+00:00\",\"description\":\"Wie man f\u00fcr einen ESTA-Antrag online bezahlt, um das Verfahren abzuschlie\u00dfen und die Reisegenehmigung f\u00fcr die USA zu erhalten\",\"breadcrumb\":{\"@id\":\"https:\/\/usa-gv.com\/de\/so-bezahlen-sie-ein-esta\/#breadcrumb\"},\"inLanguage\":\"de\",\"potentialAction\":[{\"@type\":\"ReadAction\",\"target\":[\"https:\/\/usa-gv.com\/de\/so-bezahlen-sie-ein-esta\/\"]}]},{\"@type\":\"ImageObject\",\"inLanguage\":\"de\",\"@id\":\"https:\/\/usa-gv.com\/de\/so-bezahlen-sie-ein-esta\/#primaryimage\",\"url\":\"https:\/\/usa-gv.com\/wp-content\/uploads\/2024\/04\/zahlen-esta-DE-1024x724.jpg\",\"contentUrl\":\"https:\/\/usa-gv.com\/wp-content\/uploads\/2024\/04\/zahlen-esta-DE-1024x724.jpg\"},{\"@type\":\"BreadcrumbList\",\"@id\":\"https:\/\/usa-gv.com\/de\/so-bezahlen-sie-ein-esta\/#breadcrumb\",\"itemListElement\":[{\"@type\":\"ListItem\",\"position\":1,\"name\":\"Home\",\"item\":\"https:\/\/usa-gv.com\/de\/usa-reisefuehrer\/\"},{\"@type\":\"ListItem\",\"position\":2,\"name\":\"Wie man ein ESTA online bezahlt\"}]},{\"@type\":\"WebSite\",\"@id\":\"https:\/\/usa-gv.com\/de\/#website\",\"url\":\"https:\/\/usa-gv.com\/de\/\",\"name\":\"USA-GV.COM\",\"description\":\"\",\"potentialAction\":[{\"@type\":\"SearchAction\",\"target\":{\"@type\":\"EntryPoint\",\"urlTemplate\":\"https:\/\/usa-gv.com\/de\/?s={search_term_string}\"},\"query-input\":{\"@type\":\"PropertyValueSpecification\",\"valueRequired\":true,\"valueName\":\"search_term_string\"}}],\"inLanguage\":\"de\"}]}<\/script>\n<!-- \/ Yoast SEO plugin. -->","yoast_head_json":{"title":"Wie man ein ESTA online bezahlt - USA-GV.COM","description":"Wie man f\u00fcr einen ESTA-Antrag online bezahlt, um das Verfahren abzuschlie\u00dfen und die Reisegenehmigung f\u00fcr die USA zu erhalten","robots":{"index":"index","follow":"follow","max-snippet":"max-snippet:-1","max-image-preview":"max-image-preview:large","max-video-preview":"max-video-preview:-1"},"canonical":"https:\/\/usa-gv.com\/de\/so-bezahlen-sie-ein-esta\/","og_locale":"de_DE","og_type":"article","og_title":"Wie man ein ESTA online bezahlt - USA-GV.COM","og_description":"Wie man f\u00fcr einen ESTA-Antrag online bezahlt, um das Verfahren abzuschlie\u00dfen und die Reisegenehmigung f\u00fcr die USA zu erhalten","og_url":"https:\/\/usa-gv.com\/de\/so-bezahlen-sie-ein-esta\/","og_site_name":"USA-GV.COM","article_modified_time":"2025-02-25T11:49:12+00:00","og_image":[{"url":"https:\/\/usa-gv.com\/wp-content\/uploads\/2024\/04\/zahlen-esta-DE-1024x724.jpg","type":"","width":"","height":""}],"twitter_card":"summary_large_image","twitter_misc":{"Gesch\u00e4tzte Lesezeit":"1\u00a0Minute"},"schema":{"@context":"https:\/\/schema.org","@graph":[{"@type":"WebPage","@id":"https:\/\/usa-gv.com\/de\/so-bezahlen-sie-ein-esta\/","url":"https:\/\/usa-gv.com\/de\/so-bezahlen-sie-ein-esta\/","name":"Wie man ein ESTA online bezahlt - USA-GV.COM","isPartOf":{"@id":"https:\/\/usa-gv.com\/de\/#website"},"primaryImageOfPage":{"@id":"https:\/\/usa-gv.com\/de\/so-bezahlen-sie-ein-esta\/#primaryimage"},"image":{"@id":"https:\/\/usa-gv.com\/de\/so-bezahlen-sie-ein-esta\/#primaryimage"},"thumbnailUrl":"https:\/\/usa-gv.com\/wp-content\/uploads\/2024\/04\/zahlen-esta-DE-1024x724.jpg","datePublished":"2024-03-12T09:17:22+00:00","dateModified":"2025-02-25T11:49:12+00:00","description":"Wie man f\u00fcr einen ESTA-Antrag online bezahlt, um das Verfahren abzuschlie\u00dfen und die Reisegenehmigung f\u00fcr die USA zu erhalten","breadcrumb":{"@id":"https:\/\/usa-gv.com\/de\/so-bezahlen-sie-ein-esta\/#breadcrumb"},"inLanguage":"de","potentialAction":[{"@type":"ReadAction","target":["https:\/\/usa-gv.com\/de\/so-bezahlen-sie-ein-esta\/"]}]},{"@type":"ImageObject","inLanguage":"de","@id":"https:\/\/usa-gv.com\/de\/so-bezahlen-sie-ein-esta\/#primaryimage","url":"https:\/\/usa-gv.com\/wp-content\/uploads\/2024\/04\/zahlen-esta-DE-1024x724.jpg","contentUrl":"https:\/\/usa-gv.com\/wp-content\/uploads\/2024\/04\/zahlen-esta-DE-1024x724.jpg"},{"@type":"BreadcrumbList","@id":"https:\/\/usa-gv.com\/de\/so-bezahlen-sie-ein-esta\/#breadcrumb","itemListElement":[{"@type":"ListItem","position":1,"name":"Home","item":"https:\/\/usa-gv.com\/de\/usa-reisefuehrer\/"},{"@type":"ListItem","position":2,"name":"Wie man ein ESTA online bezahlt"}]},{"@type":"WebSite","@id":"https:\/\/usa-gv.com\/de\/#website","url":"https:\/\/usa-gv.com\/de\/","name":"USA-GV.COM","description":"","potentialAction":[{"@type":"SearchAction","target":{"@type":"EntryPoint","urlTemplate":"https:\/\/usa-gv.com\/de\/?s={search_term_string}"},"query-input":{"@type":"PropertyValueSpecification","valueRequired":true,"valueName":"search_term_string"}}],"inLanguage":"de"}]}},"_links":{"self":[{"href":"https:\/\/usa-gv.com\/de\/wp-json\/wp\/v2\/pages\/2667","targetHints":{"allow":["GET"]}}],"collection":[{"href":"https:\/\/usa-gv.com\/de\/wp-json\/wp\/v2\/pages"}],"about":[{"href":"https:\/\/usa-gv.com\/de\/wp-json\/wp\/v2\/types\/page"}],"author":[{"embeddable":true,"href":"https:\/\/usa-gv.com\/de\/wp-json\/wp\/v2\/users\/1"}],"replies":[{"embeddable":true,"href":"https:\/\/usa-gv.com\/de\/wp-json\/wp\/v2\/comments?post=2667"}],"version-history":[{"count":1,"href":"https:\/\/usa-gv.com\/de\/wp-json\/wp\/v2\/pages\/2667\/revisions"}],"predecessor-version":[{"id":7490,"href":"https:\/\/usa-gv.com\/de\/wp-json\/wp\/v2\/pages\/2667\/revisions\/7490"}],"wp:attachment":[{"href":"https:\/\/usa-gv.com\/de\/wp-json\/wp\/v2\/media?parent=2667"}],"curies":[{"name":"wp","href":"https:\/\/api.w.org\/{rel}","templated":true}]}}