{"id":2649,"date":"2024-03-11T21:50:43","date_gmt":"2024-03-11T21:50:43","guid":{"rendered":"https:\/\/usa-gv.com\/so-erhalten-sie-esta\/"},"modified":"2025-02-25T11:49:06","modified_gmt":"2025-02-25T11:49:06","slug":"so-erhalten-sie-esta","status":"publish","type":"page","link":"https:\/\/usa-gv.com\/de\/so-erhalten-sie-esta\/","title":{"rendered":"Wie man eine ESTA-Genehmigung erh\u00e4lt"},"content":{"rendered":"\n<h1 class=\"wp-block-heading\">Wie man ein ESTA erh\u00e4lt<\/h1>\n\n<p>Mit einer <a href=\"https:\/\/usa-gv.com\/de\/was-ist-eine-esta-genehmigung\/\">ESTA-Genehmigung<\/a> k\u00f6nnen Staatsangeh\u00f6rige der VWP-Mitgliedsl\u00e4nder ohne Visum in die USA reisen. Der ESTA-Prozess wird vollst\u00e4ndig online abgewickelt. Hier sind die Schritte, die Sie unternehmen m\u00fcssen, um eine ESTA-Genehmigung zu erhalten.<\/p>\n\n<h2 class=\"wp-block-heading\">\u00dcberpr\u00fcfen Sie Ihre Berechtigung, bevor Sie einen ESTA-Antrag stellen.<\/h2>\n\n<p>Bevor Sie das <a href=\"https:\/\/usa-gv.com\/de\/esta-online-formular\/\">ESTA-Formular online<\/a> ausf\u00fcllen, sollten Sie Ihre <a href=\"https:\/\/usa-gv.com\/de\/teilnahmebedingungen-fur-esta\/\">ESTA-F\u00e4higkeit \u00fcberpr\u00fcfen<\/a>. Die ESTA-Genehmigung wird nur f\u00fcr touristische oder gesch\u00e4ftliche Aufenthalte von weniger als 90 Tagen erteilt. Nur Staatsangeh\u00f6rige von L\u00e4ndern, die Mitglieder des US <a href=\"https:\/\/usa-gv.com\/de\/visa-waiver-program-usa\/\">Visa Waiver Program<\/a> sind, k\u00f6nnen sich um ein ESTA bewerben.  <\/p>\n\n<h2 class=\"wp-block-heading\">Online-Antrag stellen<\/h2>\n\n<p>Das Formular f\u00fcr die ESTA-Genehmigung finden Sie auf der <a href=\"https:\/\/usa-gv.com\/de\/offizielle-esta-website\/\">offiziellen ESTA-Website<\/a>. Der gesamte Prozess wird online abgewickelt. Der ESTA-Antragsteller muss alle <a href=\"https:\/\/usa-gv.com\/de\/fragen-zum-esta-formular\/\">Fragen des ESTA-Formulars<\/a> beantworten, um den Antrag online stellen zu k\u00f6nnen.<\/p>\n\n<p>Um den Antrag abzuschlie\u00dfen, muss der Antragsteller sein <a href=\"https:\/\/usa-gv.com\/de\/so-bezahlen-sie-ein-esta\/\">ESTA online per Kreditkarte bezahlen<\/a>. <\/p>\n\n<h2 class=\"wp-block-heading\">Die Schritte, um eine ESTA-Genehmigung online zu beantragen<\/h2>\n\n<figure class=\"wp-block-image size-large\"><img decoding=\"async\" src=\"https:\/\/usa-gv.com\/wp-content\/uploads\/2024\/05\/Schritte-zum-Erhalt-des-ESTA-Formulars-DE.jpg\" alt=\"Schritte des ESTA-Prozesses\" class=\"wp-image-4136\"\/><figcaption class=\"wp-element-caption\">Zusammenfassung der Online-Schritte zum ESTA-Antrag<\/figcaption><\/figure>\n","protected":false},"excerpt":{"rendered":"<p>Wie man ein ESTA erh\u00e4lt Mit einer ESTA-Genehmigung k\u00f6nnen Staatsangeh\u00f6rige der VWP-Mitgliedsl\u00e4nder ohne Visum in die USA reisen. Der ESTA-Prozess wird vollst\u00e4ndig online abgewickelt. Hier sind die Schritte, die Sie unternehmen m\u00fcssen, um eine ESTA-Genehmigung zu erhalten. \u00dcberpr\u00fcfen Sie Ihre Berechtigung, bevor Sie einen ESTA-Antrag stellen. Bevor Sie das ESTA-Formular online ausf\u00fcllen, sollten Sie Ihre [&hellip;]<\/p>\n","protected":false},"author":1,"featured_media":0,"parent":0,"menu_order":0,"comment_status":"closed","ping_status":"closed","template":"","meta":{"footnotes":""},"class_list":["post-2649","page","type-page","status-publish","hentry"],"yoast_head":"<!-- This site is optimized with the Yoast SEO plugin v26.6 - https:\/\/yoast.com\/wordpress\/plugins\/seo\/ -->\n<title>Wie man eine ESTA-Genehmigung erh\u00e4lt - USA-GV.COM<\/title>\n<meta name=\"description\" content=\"Wie man in wenigen Minuten online eine ESTA-Reisegenehmigung f\u00fcr einen Aufenthalt in den USA erh\u00e4lt\" \/>\n<meta name=\"robots\" content=\"index, follow, max-snippet:-1, max-image-preview:large, max-video-preview:-1\" \/>\n<link rel=\"canonical\" href=\"https:\/\/usa-gv.com\/de\/so-erhalten-sie-esta\/\" \/>\n<meta property=\"og:locale\" content=\"de_DE\" \/>\n<meta property=\"og:type\" content=\"article\" \/>\n<meta property=\"og:title\" content=\"Wie man eine ESTA-Genehmigung erh\u00e4lt - USA-GV.COM\" \/>\n<meta property=\"og:description\" content=\"Wie man in wenigen Minuten online eine ESTA-Reisegenehmigung f\u00fcr einen Aufenthalt in den USA erh\u00e4lt\" \/>\n<meta property=\"og:url\" content=\"https:\/\/usa-gv.com\/de\/so-erhalten-sie-esta\/\" \/>\n<meta property=\"og:site_name\" content=\"USA-GV.COM\" \/>\n<meta property=\"article:modified_time\" content=\"2025-02-25T11:49:06+00:00\" \/>\n<meta property=\"og:image\" content=\"https:\/\/usa-gv.com\/wp-content\/uploads\/2024\/05\/Schritte-zum-Erhalt-des-ESTA-Formulars-DE.jpg\" \/>\n<meta name=\"twitter:card\" content=\"summary_large_image\" \/>\n<meta name=\"twitter:label1\" content=\"Gesch\u00e4tzte Lesezeit\" \/>\n\t<meta name=\"twitter:data1\" content=\"1\u00a0Minute\" \/>\n<script type=\"application\/ld+json\" class=\"yoast-schema-graph\">{\"@context\":\"https:\/\/schema.org\",\"@graph\":[{\"@type\":\"WebPage\",\"@id\":\"https:\/\/usa-gv.com\/de\/so-erhalten-sie-esta\/\",\"url\":\"https:\/\/usa-gv.com\/de\/so-erhalten-sie-esta\/\",\"name\":\"Wie man eine ESTA-Genehmigung erh\u00e4lt - USA-GV.COM\",\"isPartOf\":{\"@id\":\"https:\/\/usa-gv.com\/de\/#website\"},\"primaryImageOfPage\":{\"@id\":\"https:\/\/usa-gv.com\/de\/so-erhalten-sie-esta\/#primaryimage\"},\"image\":{\"@id\":\"https:\/\/usa-gv.com\/de\/so-erhalten-sie-esta\/#primaryimage\"},\"thumbnailUrl\":\"https:\/\/usa-gv.com\/wp-content\/uploads\/2024\/05\/Schritte-zum-Erhalt-des-ESTA-Formulars-DE.jpg\",\"datePublished\":\"2024-03-11T21:50:43+00:00\",\"dateModified\":\"2025-02-25T11:49:06+00:00\",\"description\":\"Wie man in wenigen Minuten online eine ESTA-Reisegenehmigung f\u00fcr einen Aufenthalt in den USA erh\u00e4lt\",\"breadcrumb\":{\"@id\":\"https:\/\/usa-gv.com\/de\/so-erhalten-sie-esta\/#breadcrumb\"},\"inLanguage\":\"de\",\"potentialAction\":[{\"@type\":\"ReadAction\",\"target\":[\"https:\/\/usa-gv.com\/de\/so-erhalten-sie-esta\/\"]}]},{\"@type\":\"ImageObject\",\"inLanguage\":\"de\",\"@id\":\"https:\/\/usa-gv.com\/de\/so-erhalten-sie-esta\/#primaryimage\",\"url\":\"https:\/\/usa-gv.com\/wp-content\/uploads\/2024\/05\/Schritte-zum-Erhalt-des-ESTA-Formulars-DE.jpg\",\"contentUrl\":\"https:\/\/usa-gv.com\/wp-content\/uploads\/2024\/05\/Schritte-zum-Erhalt-des-ESTA-Formulars-DE.jpg\"},{\"@type\":\"BreadcrumbList\",\"@id\":\"https:\/\/usa-gv.com\/de\/so-erhalten-sie-esta\/#breadcrumb\",\"itemListElement\":[{\"@type\":\"ListItem\",\"position\":1,\"name\":\"Home\",\"item\":\"https:\/\/usa-gv.com\/de\/usa-reisefuehrer\/\"},{\"@type\":\"ListItem\",\"position\":2,\"name\":\"Wie man eine ESTA-Genehmigung erh\u00e4lt\"}]},{\"@type\":\"WebSite\",\"@id\":\"https:\/\/usa-gv.com\/de\/#website\",\"url\":\"https:\/\/usa-gv.com\/de\/\",\"name\":\"USA-GV.COM\",\"description\":\"\",\"potentialAction\":[{\"@type\":\"SearchAction\",\"target\":{\"@type\":\"EntryPoint\",\"urlTemplate\":\"https:\/\/usa-gv.com\/de\/?s={search_term_string}\"},\"query-input\":{\"@type\":\"PropertyValueSpecification\",\"valueRequired\":true,\"valueName\":\"search_term_string\"}}],\"inLanguage\":\"de\"}]}<\/script>\n<!-- \/ Yoast SEO plugin. -->","yoast_head_json":{"title":"Wie man eine ESTA-Genehmigung erh\u00e4lt - USA-GV.COM","description":"Wie man in wenigen Minuten online eine ESTA-Reisegenehmigung f\u00fcr einen Aufenthalt in den USA erh\u00e4lt","robots":{"index":"index","follow":"follow","max-snippet":"max-snippet:-1","max-image-preview":"max-image-preview:large","max-video-preview":"max-video-preview:-1"},"canonical":"https:\/\/usa-gv.com\/de\/so-erhalten-sie-esta\/","og_locale":"de_DE","og_type":"article","og_title":"Wie man eine ESTA-Genehmigung erh\u00e4lt - USA-GV.COM","og_description":"Wie man in wenigen Minuten online eine ESTA-Reisegenehmigung f\u00fcr einen Aufenthalt in den USA erh\u00e4lt","og_url":"https:\/\/usa-gv.com\/de\/so-erhalten-sie-esta\/","og_site_name":"USA-GV.COM","article_modified_time":"2025-02-25T11:49:06+00:00","og_image":[{"url":"https:\/\/usa-gv.com\/wp-content\/uploads\/2024\/05\/Schritte-zum-Erhalt-des-ESTA-Formulars-DE.jpg","type":"","width":"","height":""}],"twitter_card":"summary_large_image","twitter_misc":{"Gesch\u00e4tzte Lesezeit":"1\u00a0Minute"},"schema":{"@context":"https:\/\/schema.org","@graph":[{"@type":"WebPage","@id":"https:\/\/usa-gv.com\/de\/so-erhalten-sie-esta\/","url":"https:\/\/usa-gv.com\/de\/so-erhalten-sie-esta\/","name":"Wie man eine ESTA-Genehmigung erh\u00e4lt - USA-GV.COM","isPartOf":{"@id":"https:\/\/usa-gv.com\/de\/#website"},"primaryImageOfPage":{"@id":"https:\/\/usa-gv.com\/de\/so-erhalten-sie-esta\/#primaryimage"},"image":{"@id":"https:\/\/usa-gv.com\/de\/so-erhalten-sie-esta\/#primaryimage"},"thumbnailUrl":"https:\/\/usa-gv.com\/wp-content\/uploads\/2024\/05\/Schritte-zum-Erhalt-des-ESTA-Formulars-DE.jpg","datePublished":"2024-03-11T21:50:43+00:00","dateModified":"2025-02-25T11:49:06+00:00","description":"Wie man in wenigen Minuten online eine ESTA-Reisegenehmigung f\u00fcr einen Aufenthalt in den USA erh\u00e4lt","breadcrumb":{"@id":"https:\/\/usa-gv.com\/de\/so-erhalten-sie-esta\/#breadcrumb"},"inLanguage":"de","potentialAction":[{"@type":"ReadAction","target":["https:\/\/usa-gv.com\/de\/so-erhalten-sie-esta\/"]}]},{"@type":"ImageObject","inLanguage":"de","@id":"https:\/\/usa-gv.com\/de\/so-erhalten-sie-esta\/#primaryimage","url":"https:\/\/usa-gv.com\/wp-content\/uploads\/2024\/05\/Schritte-zum-Erhalt-des-ESTA-Formulars-DE.jpg","contentUrl":"https:\/\/usa-gv.com\/wp-content\/uploads\/2024\/05\/Schritte-zum-Erhalt-des-ESTA-Formulars-DE.jpg"},{"@type":"BreadcrumbList","@id":"https:\/\/usa-gv.com\/de\/so-erhalten-sie-esta\/#breadcrumb","itemListElement":[{"@type":"ListItem","position":1,"name":"Home","item":"https:\/\/usa-gv.com\/de\/usa-reisefuehrer\/"},{"@type":"ListItem","position":2,"name":"Wie man eine ESTA-Genehmigung erh\u00e4lt"}]},{"@type":"WebSite","@id":"https:\/\/usa-gv.com\/de\/#website","url":"https:\/\/usa-gv.com\/de\/","name":"USA-GV.COM","description":"","potentialAction":[{"@type":"SearchAction","target":{"@type":"EntryPoint","urlTemplate":"https:\/\/usa-gv.com\/de\/?s={search_term_string}"},"query-input":{"@type":"PropertyValueSpecification","valueRequired":true,"valueName":"search_term_string"}}],"inLanguage":"de"}]}},"_links":{"self":[{"href":"https:\/\/usa-gv.com\/de\/wp-json\/wp\/v2\/pages\/2649","targetHints":{"allow":["GET"]}}],"collection":[{"href":"https:\/\/usa-gv.com\/de\/wp-json\/wp\/v2\/pages"}],"about":[{"href":"https:\/\/usa-gv.com\/de\/wp-json\/wp\/v2\/types\/page"}],"author":[{"embeddable":true,"href":"https:\/\/usa-gv.com\/de\/wp-json\/wp\/v2\/users\/1"}],"replies":[{"embeddable":true,"href":"https:\/\/usa-gv.com\/de\/wp-json\/wp\/v2\/comments?post=2649"}],"version-history":[{"count":1,"href":"https:\/\/usa-gv.com\/de\/wp-json\/wp\/v2\/pages\/2649\/revisions"}],"predecessor-version":[{"id":7479,"href":"https:\/\/usa-gv.com\/de\/wp-json\/wp\/v2\/pages\/2649\/revisions\/7479"}],"wp:attachment":[{"href":"https:\/\/usa-gv.com\/de\/wp-json\/wp\/v2\/media?parent=2649"}],"curies":[{"name":"wp","href":"https:\/\/api.w.org\/{rel}","templated":true}]}}