{"id":2633,"date":"2024-03-19T10:25:52","date_gmt":"2024-03-19T10:25:52","guid":{"rendered":"https:\/\/usa-gv.com\/esta-bearbeiten\/"},"modified":"2025-02-25T11:48:58","modified_gmt":"2025-02-25T11:48:58","slug":"esta-bearbeiten","status":"publish","type":"page","link":"https:\/\/usa-gv.com\/de\/esta-bearbeiten\/","title":{"rendered":"Wie man seine ESTA-Genehmigung \u00e4ndert"},"content":{"rendered":"\n<h1 class=\"wp-block-heading\">Informationen in einer ESTA-Genehmigung \u00e4ndern<\/h1>\n\n<p>Es kann vorkommen, dass sich die pers\u00f6nlichen Daten eines ESTA-Reisenden ge\u00e4ndert haben.\nDer Reisende muss seinen ESTA \u00e4ndern, um die gespeicherten Informationen zu aktualisieren. <\/p>\n\n<h2 class=\"wp-block-heading\">Kann eine g\u00fcltige ESTA-Genehmigung ge\u00e4ndert werden?<\/h2>\n\n<p>Um Ihre Reisegenehmigung zu \u00e4ndern, m\u00fcssen Sie sich auf der <a href=\"https:\/\/usa-gv.com\/de\/offizielle-esta-website\/\">offiziellen ESTA-Website<\/a> anmelden. Der Reisende muss auf das Men\u00fc der Website klicken, um den <a href=\"https:\/\/usa-gv.com\/de\/uberprufen-sie-die-esta-gultigkeit\/\">Status des ESTA zu \u00fcberpr\u00fcfen<\/a>. Mit diesem Onlineverfahren k\u00f6nnen Sie <strong>nur die Kontakt-E-Mail-Adresse oder die Postanschrift<\/strong> des Wohnsitzes in den Vereinigten Staaten <strong>\u00e4ndern<\/strong>.<\/p>\n\n<p>F\u00fcr jede andere Information, die ge\u00e4ndert werden soll, muss der Reisende erneut einen <a href=\"https:\/\/usa-gv.com\/de\/so-beantragen-sie-esta\/\">ESTA-Antrag online<\/a> stellen.<\/p>\n\n<h2 class=\"wp-block-heading\">Wie kann ich einen Fehler in einer ESTA-Genehmigung korrigieren?<\/h2>\n\n<p>Wenn ein Fehler bei der Eingabe in das <a href=\"https:\/\/usa-gv.com\/de\/esta-online-formular\/\">ESTA-Online-Formular<\/a> gemacht wurde, kann der Reisende versuchen, den Fehler in den Antworten auf die <a href=\"https:\/\/usa-gv.com\/de\/fragen-zum-esta-formular\/\">Fragen im Formular<\/a> zu korrigieren. Wenn der ESTA-Antrag genehmigt wurde oder der <a href=\"https:\/\/usa-gv.com\/de\/esta-antrag-steht-noch-aus\/\">ESTA-Status<\/a> auf &#8222;pending&#8220; gesetzt wurde, k\u00f6nnen die gespeicherten Informationen nicht mehr ge\u00e4ndert werden. Der Reisende muss einen neuen Antrag stellen, um seine falschen pers\u00f6nlichen Informationen zu korrigieren. F\u00fcr jeden neu eingereichten Antrag wird der volle <a href=\"https:\/\/usa-gv.com\/de\/us-esta-preis\/\">ESTA-Preis<\/a> berechnet.<\/p>\n","protected":false},"excerpt":{"rendered":"<p>Informationen in einer ESTA-Genehmigung \u00e4ndern Es kann vorkommen, dass sich die pers\u00f6nlichen Daten eines ESTA-Reisenden ge\u00e4ndert haben. Der Reisende muss seinen ESTA \u00e4ndern, um die gespeicherten Informationen zu aktualisieren. Kann eine g\u00fcltige ESTA-Genehmigung ge\u00e4ndert werden? Um Ihre Reisegenehmigung zu \u00e4ndern, m\u00fcssen Sie sich auf der offiziellen ESTA-Website anmelden. Der Reisende muss auf das Men\u00fc der [&hellip;]<\/p>\n","protected":false},"author":1,"featured_media":0,"parent":0,"menu_order":0,"comment_status":"closed","ping_status":"closed","template":"","meta":{"footnotes":""},"class_list":["post-2633","page","type-page","status-publish","hentry"],"yoast_head":"<!-- This site is optimized with the Yoast SEO plugin v26.6 - https:\/\/yoast.com\/wordpress\/plugins\/seo\/ -->\n<title>Wie man seine ESTA-Genehmigung \u00e4ndert - USA-GV.COM<\/title>\n<meta name=\"description\" content=\"Sie k\u00f6nnen die Informationen \u00e4ndern, die Sie bei einem Online-Antrag auf eine ESTA-Genehmigung f\u00fcr die USA eingegeben haben.\" \/>\n<meta name=\"robots\" content=\"index, follow, max-snippet:-1, max-image-preview:large, max-video-preview:-1\" \/>\n<link rel=\"canonical\" href=\"https:\/\/usa-gv.com\/de\/esta-bearbeiten\/\" \/>\n<meta property=\"og:locale\" content=\"de_DE\" \/>\n<meta property=\"og:type\" content=\"article\" \/>\n<meta property=\"og:title\" content=\"Wie man seine ESTA-Genehmigung \u00e4ndert - USA-GV.COM\" \/>\n<meta property=\"og:description\" content=\"Sie k\u00f6nnen die Informationen \u00e4ndern, die Sie bei einem Online-Antrag auf eine ESTA-Genehmigung f\u00fcr die USA eingegeben haben.\" \/>\n<meta property=\"og:url\" content=\"https:\/\/usa-gv.com\/de\/esta-bearbeiten\/\" \/>\n<meta property=\"og:site_name\" content=\"USA-GV.COM\" \/>\n<meta property=\"article:modified_time\" content=\"2025-02-25T11:48:58+00:00\" \/>\n<meta name=\"twitter:card\" content=\"summary_large_image\" \/>\n<meta name=\"twitter:label1\" content=\"Gesch\u00e4tzte Lesezeit\" \/>\n\t<meta name=\"twitter:data1\" content=\"1\u00a0Minute\" \/>\n<script type=\"application\/ld+json\" class=\"yoast-schema-graph\">{\"@context\":\"https:\/\/schema.org\",\"@graph\":[{\"@type\":\"WebPage\",\"@id\":\"https:\/\/usa-gv.com\/de\/esta-bearbeiten\/\",\"url\":\"https:\/\/usa-gv.com\/de\/esta-bearbeiten\/\",\"name\":\"Wie man seine ESTA-Genehmigung \u00e4ndert - USA-GV.COM\",\"isPartOf\":{\"@id\":\"https:\/\/usa-gv.com\/de\/#website\"},\"datePublished\":\"2024-03-19T10:25:52+00:00\",\"dateModified\":\"2025-02-25T11:48:58+00:00\",\"description\":\"Sie k\u00f6nnen die Informationen \u00e4ndern, die Sie bei einem Online-Antrag auf eine ESTA-Genehmigung f\u00fcr die USA eingegeben haben.\",\"breadcrumb\":{\"@id\":\"https:\/\/usa-gv.com\/de\/esta-bearbeiten\/#breadcrumb\"},\"inLanguage\":\"de\",\"potentialAction\":[{\"@type\":\"ReadAction\",\"target\":[\"https:\/\/usa-gv.com\/de\/esta-bearbeiten\/\"]}]},{\"@type\":\"BreadcrumbList\",\"@id\":\"https:\/\/usa-gv.com\/de\/esta-bearbeiten\/#breadcrumb\",\"itemListElement\":[{\"@type\":\"ListItem\",\"position\":1,\"name\":\"Home\",\"item\":\"https:\/\/usa-gv.com\/de\/usa-reisefuehrer\/\"},{\"@type\":\"ListItem\",\"position\":2,\"name\":\"Wie man seine ESTA-Genehmigung \u00e4ndert\"}]},{\"@type\":\"WebSite\",\"@id\":\"https:\/\/usa-gv.com\/de\/#website\",\"url\":\"https:\/\/usa-gv.com\/de\/\",\"name\":\"USA-GV.COM\",\"description\":\"\",\"potentialAction\":[{\"@type\":\"SearchAction\",\"target\":{\"@type\":\"EntryPoint\",\"urlTemplate\":\"https:\/\/usa-gv.com\/de\/?s={search_term_string}\"},\"query-input\":{\"@type\":\"PropertyValueSpecification\",\"valueRequired\":true,\"valueName\":\"search_term_string\"}}],\"inLanguage\":\"de\"}]}<\/script>\n<!-- \/ Yoast SEO plugin. -->","yoast_head_json":{"title":"Wie man seine ESTA-Genehmigung \u00e4ndert - USA-GV.COM","description":"Sie k\u00f6nnen die Informationen \u00e4ndern, die Sie bei einem Online-Antrag auf eine ESTA-Genehmigung f\u00fcr die USA eingegeben haben.","robots":{"index":"index","follow":"follow","max-snippet":"max-snippet:-1","max-image-preview":"max-image-preview:large","max-video-preview":"max-video-preview:-1"},"canonical":"https:\/\/usa-gv.com\/de\/esta-bearbeiten\/","og_locale":"de_DE","og_type":"article","og_title":"Wie man seine ESTA-Genehmigung \u00e4ndert - USA-GV.COM","og_description":"Sie k\u00f6nnen die Informationen \u00e4ndern, die Sie bei einem Online-Antrag auf eine ESTA-Genehmigung f\u00fcr die USA eingegeben haben.","og_url":"https:\/\/usa-gv.com\/de\/esta-bearbeiten\/","og_site_name":"USA-GV.COM","article_modified_time":"2025-02-25T11:48:58+00:00","twitter_card":"summary_large_image","twitter_misc":{"Gesch\u00e4tzte Lesezeit":"1\u00a0Minute"},"schema":{"@context":"https:\/\/schema.org","@graph":[{"@type":"WebPage","@id":"https:\/\/usa-gv.com\/de\/esta-bearbeiten\/","url":"https:\/\/usa-gv.com\/de\/esta-bearbeiten\/","name":"Wie man seine ESTA-Genehmigung \u00e4ndert - USA-GV.COM","isPartOf":{"@id":"https:\/\/usa-gv.com\/de\/#website"},"datePublished":"2024-03-19T10:25:52+00:00","dateModified":"2025-02-25T11:48:58+00:00","description":"Sie k\u00f6nnen die Informationen \u00e4ndern, die Sie bei einem Online-Antrag auf eine ESTA-Genehmigung f\u00fcr die USA eingegeben haben.","breadcrumb":{"@id":"https:\/\/usa-gv.com\/de\/esta-bearbeiten\/#breadcrumb"},"inLanguage":"de","potentialAction":[{"@type":"ReadAction","target":["https:\/\/usa-gv.com\/de\/esta-bearbeiten\/"]}]},{"@type":"BreadcrumbList","@id":"https:\/\/usa-gv.com\/de\/esta-bearbeiten\/#breadcrumb","itemListElement":[{"@type":"ListItem","position":1,"name":"Home","item":"https:\/\/usa-gv.com\/de\/usa-reisefuehrer\/"},{"@type":"ListItem","position":2,"name":"Wie man seine ESTA-Genehmigung \u00e4ndert"}]},{"@type":"WebSite","@id":"https:\/\/usa-gv.com\/de\/#website","url":"https:\/\/usa-gv.com\/de\/","name":"USA-GV.COM","description":"","potentialAction":[{"@type":"SearchAction","target":{"@type":"EntryPoint","urlTemplate":"https:\/\/usa-gv.com\/de\/?s={search_term_string}"},"query-input":{"@type":"PropertyValueSpecification","valueRequired":true,"valueName":"search_term_string"}}],"inLanguage":"de"}]}},"_links":{"self":[{"href":"https:\/\/usa-gv.com\/de\/wp-json\/wp\/v2\/pages\/2633","targetHints":{"allow":["GET"]}}],"collection":[{"href":"https:\/\/usa-gv.com\/de\/wp-json\/wp\/v2\/pages"}],"about":[{"href":"https:\/\/usa-gv.com\/de\/wp-json\/wp\/v2\/types\/page"}],"author":[{"embeddable":true,"href":"https:\/\/usa-gv.com\/de\/wp-json\/wp\/v2\/users\/1"}],"replies":[{"embeddable":true,"href":"https:\/\/usa-gv.com\/de\/wp-json\/wp\/v2\/comments?post=2633"}],"version-history":[{"count":1,"href":"https:\/\/usa-gv.com\/de\/wp-json\/wp\/v2\/pages\/2633\/revisions"}],"predecessor-version":[{"id":7468,"href":"https:\/\/usa-gv.com\/de\/wp-json\/wp\/v2\/pages\/2633\/revisions\/7468"}],"wp:attachment":[{"href":"https:\/\/usa-gv.com\/de\/wp-json\/wp\/v2\/media?parent=2633"}],"curies":[{"name":"wp","href":"https:\/\/api.w.org\/{rel}","templated":true}]}}