{"id":2611,"date":"2024-03-19T10:29:17","date_gmt":"2024-03-19T10:29:17","guid":{"rendered":"https:\/\/usa-gv.com\/esta-update\/"},"modified":"2025-02-25T11:48:54","modified_gmt":"2025-02-25T11:48:54","slug":"esta-update","status":"publish","type":"page","link":"https:\/\/usa-gv.com\/de\/esta-update\/","title":{"rendered":"Wie man seinen ESTA aktualisiert"},"content":{"rendered":"\n<h1 class=\"wp-block-heading\">Aktualisierung einer ESTA-Genehmigung<\/h1>\n\n<h2 class=\"wp-block-heading\">Wann muss der ESTA aktualisiert werden?<\/h2>\n\n<p>Der Inhaber einer ESTA-Genehmigung, der eine Reise in die Vereinigten Staaten plant, muss \u00fcberpr\u00fcfen, ob seine pers\u00f6nlichen Daten seit der Erteilung des ESTA unver\u00e4ndert geblieben sind.\nWenn sich einige der Informationen, die im urspr\u00fcnglichen ESTA-Antrag angegeben wurden, ge\u00e4ndert haben, ist die ESTA-Genehmigung wahrscheinlich nicht mehr g\u00fcltig f\u00fcr eine erneute Reise in die USA. <\/p>\n\n<p><strong>Um einen Antrag innerhalb weniger Minuten zu erneuern<\/strong>, klicken Sie einfach auf das <a href=\"https:\/\/usa-gv.com\/de\/esta-online-formular\/\">ESTA-Online-Formular<\/a>.<\/p>\n\n<div style=\"height:10px\" aria-hidden=\"true\" class=\"wp-block-spacer\"><\/div>\n\n<h2 class=\"wp-block-heading\">Welche Informationen k\u00f6nnen im ESTA aktualisiert werden?<\/h2>\n\n<p>Vor der Einreichung eines ESTA-Antrags kann der Antragsteller alle pers\u00f6nlichen Informationen im ESTA-Formular \u00e4ndern.\nNach der Genehmigung des ESTA-Antrags k\u00f6nnen nur die folgenden Informationen ge\u00e4ndert werden: <\/p>\n\n<ul class=\"wp-block-list\">\n<li>Die Kontakt-E-Mail-Adresse ;<\/li>\n\n\n\n<li>Die Postanschrift des Wohnsitzes in den Vereinigten Staaten w\u00e4hrend des Aufenthalts.<\/li>\n<\/ul>\n\n<div style=\"height:10px\" aria-hidden=\"true\" class=\"wp-block-spacer\"><\/div>\n\n<p>Alle pers\u00f6nlichen Informationen zur Identit\u00e4t des Reisenden k\u00f6nnen daher nicht ge\u00e4ndert werden.<\/p>\n\n<h2 class=\"wp-block-heading\">Wie kann ich meine ESTA-Genehmigung aktualisieren?<\/h2>\n\n<p>Um Ihre Reisegenehmigung zu aktualisieren, m\u00fcssen Sie sich auf der <a href=\"https:\/\/usa-gv.com\/de\/offizielle-esta-website\/\">offiziellen ESTA-Website<\/a> einloggen und dann im Men\u00fc auf <a href=\"https:\/\/usa-gv.com\/de\/uberprufen-sie-die-esta-gultigkeit\/\">ESTA-Status pr\u00fcfen<\/a> klicken. Mit diesem Schritt k\u00f6nnen Sie nur die Kontakt-E-Mail-Adresse oder die Postanschrift des Wohnsitzes in den Vereinigten Staaten \u00e4ndern.<\/p>\n\n<p>F\u00fcr alle anderen Informationen, die aktualisiert werden m\u00fcssen, muss der ESTA-Inhaber <a href=\"https:\/\/usa-gv.com\/de\/esta-erneuerung\/\">sein ESTA erneuern<\/a>.<\/p>\n\n<h2 class=\"wp-block-heading\">Wie kann ich einen Fehler im ESTA-Antrag korrigieren?<\/h2>\n\n<p>Vor der <a href=\"https:\/\/usa-gv.com\/de\/so-beantragen-sie-esta\/\">Validierung eines ESTA-Antrags<\/a> kann der Antragsteller einen Fehler in den Antworten auf die Fragen des Formulars korrigieren. Wenn der ESTA-Antrag genehmigt wurde oder der <a href=\"https:\/\/usa-gv.com\/de\/esta-antrag-steht-noch-aus\/\">ESTA-Status auf &#8222;pending&#8220;<\/a> gesetzt wurde, kann der ESTA-Inhaber die eingegebenen Informationen nicht mehr \u00e4ndern. Er muss einen neuen Antrag stellen, um seine falschen pers\u00f6nlichen Informationen zu korrigieren. F\u00fcr jeden neu eingereichten Antrag wird der volle <a href=\"https:\/\/usa-gv.com\/de\/us-esta-preis\/\">ESTA-Preis<\/a> berechnet.<\/p>\n\n<p>Wenn der Reisende bei der Beantwortung der <a href=\"https:\/\/usa-gv.com\/de\/fragen-zum-esta-formular\/\">ESTA-Antragsfragen<\/a> einen Fehler gemacht hat, sollte er sich an das <a href=\"https:\/\/help.cbp.gov\/s\/?language=en_US\">CBP Info Center<\/a> wenden.<\/p>\n\n<h2 class=\"wp-block-heading\">Wie lange dauert es, bis das ESTA aktualisiert wird?<\/h2>\n\n<p>Die Aktualisierung der ESTA-Informationen kann nur die Kontakt-E-Mail-Adresse und die Postadresse des Wohnsitzes in den USA w\u00e4hrend des Aufenthalts betreffen.\nDie Frist f\u00fcr die Aktualisierung der Angaben zum Wohnsitz ist unmittelbar.\nWenn die E-Mail-Adresse jedoch ge\u00e4ndert wird, wird sie durch eine R\u00fccksendung der zu best\u00e4tigenden E-Mail verifiziert.\nDie Aktualisierungszeit h\u00e4ngt also davon ab, wie schnell der Antragsteller seine neue E-Mail-Adresse best\u00e4tigt.     <\/p>\n\n<p>Bei einem neuen Antrag auf Reisegenehmigung gelten wieder die <a href=\"https:\/\/usa-gv.com\/de\/fristen-den-erhalt-esta\/\">ESTA-Fristen<\/a>.<\/p>\n","protected":false},"excerpt":{"rendered":"<p>Aktualisierung einer ESTA-Genehmigung Wann muss der ESTA aktualisiert werden? Der Inhaber einer ESTA-Genehmigung, der eine Reise in die Vereinigten Staaten plant, muss \u00fcberpr\u00fcfen, ob seine pers\u00f6nlichen Daten seit der Erteilung des ESTA unver\u00e4ndert geblieben sind. Wenn sich einige der Informationen, die im urspr\u00fcnglichen ESTA-Antrag angegeben wurden, ge\u00e4ndert haben, ist die ESTA-Genehmigung wahrscheinlich nicht mehr g\u00fcltig [&hellip;]<\/p>\n","protected":false},"author":1,"featured_media":0,"parent":0,"menu_order":0,"comment_status":"closed","ping_status":"closed","template":"","meta":{"footnotes":""},"class_list":["post-2611","page","type-page","status-publish","hentry"],"yoast_head":"<!-- This site is optimized with the Yoast SEO plugin v26.6 - https:\/\/yoast.com\/wordpress\/plugins\/seo\/ -->\n<title>Wie man seinen ESTA aktualisiert - USA-GV.COM<\/title>\n<meta name=\"description\" content=\"Wenn sich Ihre pers\u00f6nlichen Informationen ge\u00e4ndert haben, m\u00fcssen Sie Ihre ESTA-Genehmigung f\u00fcr die USA online aktualisieren.\" \/>\n<meta name=\"robots\" content=\"index, follow, max-snippet:-1, max-image-preview:large, max-video-preview:-1\" \/>\n<link rel=\"canonical\" href=\"https:\/\/usa-gv.com\/de\/esta-update\/\" \/>\n<meta property=\"og:locale\" content=\"de_DE\" \/>\n<meta property=\"og:type\" content=\"article\" \/>\n<meta property=\"og:title\" content=\"Wie man seinen ESTA aktualisiert - USA-GV.COM\" \/>\n<meta property=\"og:description\" content=\"Wenn sich Ihre pers\u00f6nlichen Informationen ge\u00e4ndert haben, m\u00fcssen Sie Ihre ESTA-Genehmigung f\u00fcr die USA online aktualisieren.\" \/>\n<meta property=\"og:url\" content=\"https:\/\/usa-gv.com\/de\/esta-update\/\" \/>\n<meta property=\"og:site_name\" content=\"USA-GV.COM\" \/>\n<meta property=\"article:modified_time\" content=\"2025-02-25T11:48:54+00:00\" \/>\n<meta name=\"twitter:card\" content=\"summary_large_image\" \/>\n<meta name=\"twitter:label1\" content=\"Gesch\u00e4tzte Lesezeit\" \/>\n\t<meta name=\"twitter:data1\" content=\"2\u00a0Minuten\" \/>\n<script type=\"application\/ld+json\" class=\"yoast-schema-graph\">{\"@context\":\"https:\/\/schema.org\",\"@graph\":[{\"@type\":\"WebPage\",\"@id\":\"https:\/\/usa-gv.com\/de\/esta-update\/\",\"url\":\"https:\/\/usa-gv.com\/de\/esta-update\/\",\"name\":\"Wie man seinen ESTA aktualisiert - USA-GV.COM\",\"isPartOf\":{\"@id\":\"https:\/\/usa-gv.com\/de\/#website\"},\"datePublished\":\"2024-03-19T10:29:17+00:00\",\"dateModified\":\"2025-02-25T11:48:54+00:00\",\"description\":\"Wenn sich Ihre pers\u00f6nlichen Informationen ge\u00e4ndert haben, m\u00fcssen Sie Ihre ESTA-Genehmigung f\u00fcr die USA online aktualisieren.\",\"breadcrumb\":{\"@id\":\"https:\/\/usa-gv.com\/de\/esta-update\/#breadcrumb\"},\"inLanguage\":\"de\",\"potentialAction\":[{\"@type\":\"ReadAction\",\"target\":[\"https:\/\/usa-gv.com\/de\/esta-update\/\"]}]},{\"@type\":\"BreadcrumbList\",\"@id\":\"https:\/\/usa-gv.com\/de\/esta-update\/#breadcrumb\",\"itemListElement\":[{\"@type\":\"ListItem\",\"position\":1,\"name\":\"Home\",\"item\":\"https:\/\/usa-gv.com\/de\/usa-reisefuehrer\/\"},{\"@type\":\"ListItem\",\"position\":2,\"name\":\"Wie man seinen ESTA aktualisiert\"}]},{\"@type\":\"WebSite\",\"@id\":\"https:\/\/usa-gv.com\/de\/#website\",\"url\":\"https:\/\/usa-gv.com\/de\/\",\"name\":\"USA-GV.COM\",\"description\":\"\",\"potentialAction\":[{\"@type\":\"SearchAction\",\"target\":{\"@type\":\"EntryPoint\",\"urlTemplate\":\"https:\/\/usa-gv.com\/de\/?s={search_term_string}\"},\"query-input\":{\"@type\":\"PropertyValueSpecification\",\"valueRequired\":true,\"valueName\":\"search_term_string\"}}],\"inLanguage\":\"de\"}]}<\/script>\n<!-- \/ Yoast SEO plugin. -->","yoast_head_json":{"title":"Wie man seinen ESTA aktualisiert - USA-GV.COM","description":"Wenn sich Ihre pers\u00f6nlichen Informationen ge\u00e4ndert haben, m\u00fcssen Sie Ihre ESTA-Genehmigung f\u00fcr die USA online aktualisieren.","robots":{"index":"index","follow":"follow","max-snippet":"max-snippet:-1","max-image-preview":"max-image-preview:large","max-video-preview":"max-video-preview:-1"},"canonical":"https:\/\/usa-gv.com\/de\/esta-update\/","og_locale":"de_DE","og_type":"article","og_title":"Wie man seinen ESTA aktualisiert - USA-GV.COM","og_description":"Wenn sich Ihre pers\u00f6nlichen Informationen ge\u00e4ndert haben, m\u00fcssen Sie Ihre ESTA-Genehmigung f\u00fcr die USA online aktualisieren.","og_url":"https:\/\/usa-gv.com\/de\/esta-update\/","og_site_name":"USA-GV.COM","article_modified_time":"2025-02-25T11:48:54+00:00","twitter_card":"summary_large_image","twitter_misc":{"Gesch\u00e4tzte Lesezeit":"2\u00a0Minuten"},"schema":{"@context":"https:\/\/schema.org","@graph":[{"@type":"WebPage","@id":"https:\/\/usa-gv.com\/de\/esta-update\/","url":"https:\/\/usa-gv.com\/de\/esta-update\/","name":"Wie man seinen ESTA aktualisiert - USA-GV.COM","isPartOf":{"@id":"https:\/\/usa-gv.com\/de\/#website"},"datePublished":"2024-03-19T10:29:17+00:00","dateModified":"2025-02-25T11:48:54+00:00","description":"Wenn sich Ihre pers\u00f6nlichen Informationen ge\u00e4ndert haben, m\u00fcssen Sie Ihre ESTA-Genehmigung f\u00fcr die USA online aktualisieren.","breadcrumb":{"@id":"https:\/\/usa-gv.com\/de\/esta-update\/#breadcrumb"},"inLanguage":"de","potentialAction":[{"@type":"ReadAction","target":["https:\/\/usa-gv.com\/de\/esta-update\/"]}]},{"@type":"BreadcrumbList","@id":"https:\/\/usa-gv.com\/de\/esta-update\/#breadcrumb","itemListElement":[{"@type":"ListItem","position":1,"name":"Home","item":"https:\/\/usa-gv.com\/de\/usa-reisefuehrer\/"},{"@type":"ListItem","position":2,"name":"Wie man seinen ESTA aktualisiert"}]},{"@type":"WebSite","@id":"https:\/\/usa-gv.com\/de\/#website","url":"https:\/\/usa-gv.com\/de\/","name":"USA-GV.COM","description":"","potentialAction":[{"@type":"SearchAction","target":{"@type":"EntryPoint","urlTemplate":"https:\/\/usa-gv.com\/de\/?s={search_term_string}"},"query-input":{"@type":"PropertyValueSpecification","valueRequired":true,"valueName":"search_term_string"}}],"inLanguage":"de"}]}},"_links":{"self":[{"href":"https:\/\/usa-gv.com\/de\/wp-json\/wp\/v2\/pages\/2611","targetHints":{"allow":["GET"]}}],"collection":[{"href":"https:\/\/usa-gv.com\/de\/wp-json\/wp\/v2\/pages"}],"about":[{"href":"https:\/\/usa-gv.com\/de\/wp-json\/wp\/v2\/types\/page"}],"author":[{"embeddable":true,"href":"https:\/\/usa-gv.com\/de\/wp-json\/wp\/v2\/users\/1"}],"replies":[{"embeddable":true,"href":"https:\/\/usa-gv.com\/de\/wp-json\/wp\/v2\/comments?post=2611"}],"version-history":[{"count":1,"href":"https:\/\/usa-gv.com\/de\/wp-json\/wp\/v2\/pages\/2611\/revisions"}],"predecessor-version":[{"id":7457,"href":"https:\/\/usa-gv.com\/de\/wp-json\/wp\/v2\/pages\/2611\/revisions\/7457"}],"wp:attachment":[{"href":"https:\/\/usa-gv.com\/de\/wp-json\/wp\/v2\/media?parent=2611"}],"curies":[{"name":"wp","href":"https:\/\/api.w.org\/{rel}","templated":true}]}}