{"id":2593,"date":"2024-03-12T09:05:20","date_gmt":"2024-03-12T09:05:20","guid":{"rendered":"https:\/\/usa-gv.com\/so-beantragen-sie-esta\/"},"modified":"2025-02-25T11:48:48","modified_gmt":"2025-02-25T11:48:48","slug":"so-beantragen-sie-esta","status":"publish","type":"page","link":"https:\/\/usa-gv.com\/de\/so-beantragen-sie-esta\/","title":{"rendered":"Wie man einen ESTA-Antrag f\u00fcr die USA stellt"},"content":{"rendered":"\n<h1 class=\"wp-block-heading\">Wie man einen ESTA-Antrag f\u00fcr die Vereinigten Staaten stellt<\/h1>\n\n<p>ESTA ist eine elektronische Reisegenehmigung.\nSie ist nur online erh\u00e4ltlich, Reisende m\u00fcssen ihren Antrag online stellen.\nHier sind die Schritte f\u00fcr die Beantragung einer ESTA-Genehmigung.    <\/p>\n\n<h2 class=\"wp-block-heading\">Sicherstellen, dass die Bedingungen des Aufenthalts f\u00fcr eine ESTA-Genehmigung geeignet sind.<\/h2>\n\n<p>Alle Reisenden, die in die Vereinigten Staaten einreisen m\u00f6chten, m\u00fcssen eine Reisegenehmigung besitzen.\nReisende sollten <a href=\"https:\/\/usa-gv.com\/de\/teilnahmebedingungen-fur-esta\/\">ihre ESTA-Berechtigung pr\u00fcfen<\/a>, bevor sie einen Online-Antrag stellen.\nHier sind die wichtigsten Bedingungen:  <\/p>\n\n<ul class=\"wp-block-list\">\n<li>Nur Staatsangeh\u00f6rige von L\u00e4ndern, die am <a href=\"https:\/\/usa-gv.com\/de\/visa-waiver-program-usa\/\">Visa Vaiwer Program<\/a> teilnehmen, k\u00f6nnen ein ESTA beantragen;<\/li>\n\n\n\n<li>Der Aufenthalt in den Vereinigten Staaten darf nicht l\u00e4nger als 90 Tage dauern.<\/li>\n\n\n\n<li>Der Grund f\u00fcr den Aufenthalt kann nur eine touristische Reise oder eine Gesch\u00e4ftsreise sein.\nEs ist auch m\u00f6glich, ein <a href=\"https:\/\/usa-gv.com\/de\/esta-transit-usa\/\">ESTA f\u00fcr den Transit durch die USA<\/a> zu erhalten.   <\/li>\n<\/ul>\n\n<div style=\"height:10px\" aria-hidden=\"true\" class=\"wp-block-spacer\"><\/div>\n\n<h2 class=\"wp-block-heading\">Online-Antrag stellen<\/h2>\n\n<p>Um einen Antrag zu stellen, f\u00fcllen Sie einfach das <a href=\"https:\/\/usa-gv.com\/de\/esta-online-formular\/\">ESTA-Formular online<\/a> aus, indem Sie alle Informationen zur pers\u00f6nlichen Identit\u00e4t und zur Reise in die USA angeben. F\u00fcr weitere Informationen zu den <a href=\"https:\/\/usa-gv.com\/de\/fragen-zum-esta-formular\/\">Fragen im ESTA-Formular<\/a> haben wir die Schritte zum korrekten <a href=\"https:\/\/usa-gv.com\/de\/fullen-sie-das-esta-formular-online-aus\/\">Ausf\u00fcllen des ESTA-Formulars<\/a> beschrieben.<\/p>\n\n<p>Der Vorgang dauert nur wenige Minuten, wenn der Reisende im Besitz eines <a href=\"https:\/\/usa-gv.com\/de\/reisepass-fur-die-usa\/\">f\u00fcr die USA g\u00fcltigen Reisepasses<\/a> ist.<\/p>\n\n<h2 class=\"wp-block-heading\">Zahlung der obligatorischen Verwaltungsgeb\u00fchren<\/h2>\n\n<p>Um den Antrag online zu best\u00e4tigen, muss der Reisende die <a href=\"https:\/\/usa-gv.com\/de\/so-bezahlen-sie-ein-esta\/\">ESTA-Zahlung<\/a> per Kreditkarte direkt nach der Einreichung des ausgef\u00fcllten Formulars vornehmen. Der Preis hat sich seit Bestehen der ESTA-Genehmigung mehrmals ge\u00e4ndert. Diese Geb\u00fchren werden zur Finanzierung von :<\/p>\n\n<ul class=\"wp-block-list\">\n<li>Die Dienststellen des <a href=\"https:\/\/www.dhs.gov\/\">Homeland Security Department<\/a> (DHS), die die ESTA-Genehmigungen verwalten;<\/li>\n\n\n\n<li>Die Entwicklung des Tourismus in den Vereinigten Staaten<\/li>\n<\/ul>\n\n<div style=\"height:10px\" aria-hidden=\"true\" class=\"wp-block-spacer\"><\/div>\n\n<h2 class=\"wp-block-heading\">Warten auf die Antwort des DHS<\/h2>\n\n<p>Der Reisende erh\u00e4lt innerhalb von 72 Stunden eine Antwort per E-Mail von der DHS-Dienststelle.\nAnschlie\u00dfend kann er sich auf der <a href=\"https:\/\/usa-gv.com\/de\/offizielle-esta-website\/\">offiziellen ESTA-Website<\/a> anmelden, um <a href=\"https:\/\/usa-gv.com\/de\/uberprufen-sie-die-esta-gultigkeit\/\">die G\u00fcltigkeit seines ESTA zu \u00fcberpr\u00fcfen<\/a>. <\/p>\n\n<h2 class=\"wp-block-heading\">Drucken Sie Ihre genehmigte ESTA-Genehmigung aus<\/h2>\n\n<p>Wanneer de ESTA-autorisatie is goedgekeurd, is het raadzaam uw <a href=\"https:\/\/usa-gv.com\/de\/drucken-esta\/\">ESTA uit te printen<\/a> voordat u aan boord gaat. Es ist nicht erforderlich, das ESTA am Flughafen oder bei der Ankunft in den USA vorzulegen. Es ist jedoch immer sicherer, wenn Sie es zusammen mit Ihren <a href=\"https:\/\/usa-gv.com\/de\/reisedokumente-fur-die-usa\/\">Reisedokumenten f\u00fcr die USA<\/a> mit sich f\u00fchren.  <\/p>\n\n<h2 class=\"wp-block-heading\">Erneuter Antrag, wenn ESTA abgelehnt wurde<\/h2>\n\n<p>Es kann vorkommen, dass ein <a href=\"https:\/\/usa-gv.com\/de\/esta-antrag-abgelehnt\/\">ESTA-Antrag abgelehnt wird<\/a>. In diesem Fall enth\u00e4lt die Antwort-E-Mail keine Erkl\u00e4rung. Der abgelehnte Antragsteller muss alle im ESTA-Formular eingereichten Informationen \u00fcberpr\u00fcfen, um m\u00f6gliche Fehler oder Bedingungen zu identifizieren, die nicht den <a href=\"https:\/\/usa-gv.com\/de\/teilnahmebedingungen-fur-esta\/\">ESTA-Berechtigungsregeln<\/a> entsprechen. Der Antragsteller kann dann versuchen, einen neuen ESTA-Antrag zu stellen.<\/p>\n","protected":false},"excerpt":{"rendered":"<p>Wie man einen ESTA-Antrag f\u00fcr die Vereinigten Staaten stellt ESTA ist eine elektronische Reisegenehmigung. Sie ist nur online erh\u00e4ltlich, Reisende m\u00fcssen ihren Antrag online stellen. Hier sind die Schritte f\u00fcr die Beantragung einer ESTA-Genehmigung. Sicherstellen, dass die Bedingungen des Aufenthalts f\u00fcr eine ESTA-Genehmigung geeignet sind. Alle Reisenden, die in die Vereinigten Staaten einreisen m\u00f6chten, m\u00fcssen [&hellip;]<\/p>\n","protected":false},"author":1,"featured_media":0,"parent":0,"menu_order":0,"comment_status":"closed","ping_status":"closed","template":"","meta":{"footnotes":""},"class_list":["post-2593","page","type-page","status-publish","hentry"],"yoast_head":"<!-- This site is optimized with the Yoast SEO plugin v26.6 - https:\/\/yoast.com\/wordpress\/plugins\/seo\/ -->\n<title>Wie man einen ESTA-Antrag f\u00fcr die USA stellt - USA-GV.COM<\/title>\n<meta name=\"description\" content=\"Wie man online einen ESTA-Antrag stellt, um in die USA reisen zu k\u00f6nnen, ohne ein US-Visum zu erhalten\" \/>\n<meta name=\"robots\" content=\"index, follow, max-snippet:-1, max-image-preview:large, max-video-preview:-1\" \/>\n<link rel=\"canonical\" href=\"https:\/\/usa-gv.com\/de\/so-beantragen-sie-esta\/\" \/>\n<meta property=\"og:locale\" content=\"de_DE\" \/>\n<meta property=\"og:type\" content=\"article\" \/>\n<meta property=\"og:title\" content=\"Wie man einen ESTA-Antrag f\u00fcr die USA stellt - USA-GV.COM\" \/>\n<meta property=\"og:description\" content=\"Wie man online einen ESTA-Antrag stellt, um in die USA reisen zu k\u00f6nnen, ohne ein US-Visum zu erhalten\" \/>\n<meta property=\"og:url\" content=\"https:\/\/usa-gv.com\/de\/so-beantragen-sie-esta\/\" \/>\n<meta property=\"og:site_name\" content=\"USA-GV.COM\" \/>\n<meta property=\"article:modified_time\" content=\"2025-02-25T11:48:48+00:00\" \/>\n<meta name=\"twitter:card\" content=\"summary_large_image\" \/>\n<meta name=\"twitter:label1\" content=\"Gesch\u00e4tzte Lesezeit\" \/>\n\t<meta name=\"twitter:data1\" content=\"2\u00a0Minuten\" \/>\n<script type=\"application\/ld+json\" class=\"yoast-schema-graph\">{\"@context\":\"https:\/\/schema.org\",\"@graph\":[{\"@type\":\"WebPage\",\"@id\":\"https:\/\/usa-gv.com\/de\/so-beantragen-sie-esta\/\",\"url\":\"https:\/\/usa-gv.com\/de\/so-beantragen-sie-esta\/\",\"name\":\"Wie man einen ESTA-Antrag f\u00fcr die USA stellt - USA-GV.COM\",\"isPartOf\":{\"@id\":\"https:\/\/usa-gv.com\/de\/#website\"},\"datePublished\":\"2024-03-12T09:05:20+00:00\",\"dateModified\":\"2025-02-25T11:48:48+00:00\",\"description\":\"Wie man online einen ESTA-Antrag stellt, um in die USA reisen zu k\u00f6nnen, ohne ein US-Visum zu erhalten\",\"breadcrumb\":{\"@id\":\"https:\/\/usa-gv.com\/de\/so-beantragen-sie-esta\/#breadcrumb\"},\"inLanguage\":\"de\",\"potentialAction\":[{\"@type\":\"ReadAction\",\"target\":[\"https:\/\/usa-gv.com\/de\/so-beantragen-sie-esta\/\"]}]},{\"@type\":\"BreadcrumbList\",\"@id\":\"https:\/\/usa-gv.com\/de\/so-beantragen-sie-esta\/#breadcrumb\",\"itemListElement\":[{\"@type\":\"ListItem\",\"position\":1,\"name\":\"Home\",\"item\":\"https:\/\/usa-gv.com\/de\/usa-reisefuehrer\/\"},{\"@type\":\"ListItem\",\"position\":2,\"name\":\"Wie man einen ESTA-Antrag f\u00fcr die USA stellt\"}]},{\"@type\":\"WebSite\",\"@id\":\"https:\/\/usa-gv.com\/de\/#website\",\"url\":\"https:\/\/usa-gv.com\/de\/\",\"name\":\"USA-GV.COM\",\"description\":\"\",\"potentialAction\":[{\"@type\":\"SearchAction\",\"target\":{\"@type\":\"EntryPoint\",\"urlTemplate\":\"https:\/\/usa-gv.com\/de\/?s={search_term_string}\"},\"query-input\":{\"@type\":\"PropertyValueSpecification\",\"valueRequired\":true,\"valueName\":\"search_term_string\"}}],\"inLanguage\":\"de\"}]}<\/script>\n<!-- \/ Yoast SEO plugin. -->","yoast_head_json":{"title":"Wie man einen ESTA-Antrag f\u00fcr die USA stellt - USA-GV.COM","description":"Wie man online einen ESTA-Antrag stellt, um in die USA reisen zu k\u00f6nnen, ohne ein US-Visum zu erhalten","robots":{"index":"index","follow":"follow","max-snippet":"max-snippet:-1","max-image-preview":"max-image-preview:large","max-video-preview":"max-video-preview:-1"},"canonical":"https:\/\/usa-gv.com\/de\/so-beantragen-sie-esta\/","og_locale":"de_DE","og_type":"article","og_title":"Wie man einen ESTA-Antrag f\u00fcr die USA stellt - USA-GV.COM","og_description":"Wie man online einen ESTA-Antrag stellt, um in die USA reisen zu k\u00f6nnen, ohne ein US-Visum zu erhalten","og_url":"https:\/\/usa-gv.com\/de\/so-beantragen-sie-esta\/","og_site_name":"USA-GV.COM","article_modified_time":"2025-02-25T11:48:48+00:00","twitter_card":"summary_large_image","twitter_misc":{"Gesch\u00e4tzte Lesezeit":"2\u00a0Minuten"},"schema":{"@context":"https:\/\/schema.org","@graph":[{"@type":"WebPage","@id":"https:\/\/usa-gv.com\/de\/so-beantragen-sie-esta\/","url":"https:\/\/usa-gv.com\/de\/so-beantragen-sie-esta\/","name":"Wie man einen ESTA-Antrag f\u00fcr die USA stellt - USA-GV.COM","isPartOf":{"@id":"https:\/\/usa-gv.com\/de\/#website"},"datePublished":"2024-03-12T09:05:20+00:00","dateModified":"2025-02-25T11:48:48+00:00","description":"Wie man online einen ESTA-Antrag stellt, um in die USA reisen zu k\u00f6nnen, ohne ein US-Visum zu erhalten","breadcrumb":{"@id":"https:\/\/usa-gv.com\/de\/so-beantragen-sie-esta\/#breadcrumb"},"inLanguage":"de","potentialAction":[{"@type":"ReadAction","target":["https:\/\/usa-gv.com\/de\/so-beantragen-sie-esta\/"]}]},{"@type":"BreadcrumbList","@id":"https:\/\/usa-gv.com\/de\/so-beantragen-sie-esta\/#breadcrumb","itemListElement":[{"@type":"ListItem","position":1,"name":"Home","item":"https:\/\/usa-gv.com\/de\/usa-reisefuehrer\/"},{"@type":"ListItem","position":2,"name":"Wie man einen ESTA-Antrag f\u00fcr die USA stellt"}]},{"@type":"WebSite","@id":"https:\/\/usa-gv.com\/de\/#website","url":"https:\/\/usa-gv.com\/de\/","name":"USA-GV.COM","description":"","potentialAction":[{"@type":"SearchAction","target":{"@type":"EntryPoint","urlTemplate":"https:\/\/usa-gv.com\/de\/?s={search_term_string}"},"query-input":{"@type":"PropertyValueSpecification","valueRequired":true,"valueName":"search_term_string"}}],"inLanguage":"de"}]}},"_links":{"self":[{"href":"https:\/\/usa-gv.com\/de\/wp-json\/wp\/v2\/pages\/2593","targetHints":{"allow":["GET"]}}],"collection":[{"href":"https:\/\/usa-gv.com\/de\/wp-json\/wp\/v2\/pages"}],"about":[{"href":"https:\/\/usa-gv.com\/de\/wp-json\/wp\/v2\/types\/page"}],"author":[{"embeddable":true,"href":"https:\/\/usa-gv.com\/de\/wp-json\/wp\/v2\/users\/1"}],"replies":[{"embeddable":true,"href":"https:\/\/usa-gv.com\/de\/wp-json\/wp\/v2\/comments?post=2593"}],"version-history":[{"count":1,"href":"https:\/\/usa-gv.com\/de\/wp-json\/wp\/v2\/pages\/2593\/revisions"}],"predecessor-version":[{"id":7446,"href":"https:\/\/usa-gv.com\/de\/wp-json\/wp\/v2\/pages\/2593\/revisions\/7446"}],"wp:attachment":[{"href":"https:\/\/usa-gv.com\/de\/wp-json\/wp\/v2\/media?parent=2593"}],"curies":[{"name":"wp","href":"https:\/\/api.w.org\/{rel}","templated":true}]}}