{"id":2575,"date":"2024-03-19T10:33:57","date_gmt":"2024-03-19T10:33:57","guid":{"rendered":"https:\/\/usa-gv.com\/esta-erneuerung\/"},"modified":"2025-02-25T11:48:41","modified_gmt":"2025-02-25T11:48:41","slug":"esta-erneuerung","status":"publish","type":"page","link":"https:\/\/usa-gv.com\/de\/esta-erneuerung\/","title":{"rendered":"Wie man eine ESTA-Verl\u00e4ngerung durchf\u00fchrt"},"content":{"rendered":"\n<h1 class=\"wp-block-heading\">Wie Sie Ihre ESTA-Genehmigung verl\u00e4ngern k\u00f6nnen<\/h1>\n\n<p>Mit der ESTA-Genehmigung k\u00f6nnen Staatsangeh\u00f6rige von L\u00e4ndern, die am Visa Waiver Program teilnehmen, ohne Visum in die Vereinigten Staaten reisen, wenn sie sich dort weniger als 90 Tage aufhalten.  <\/p>\n\n<p><strong>Die Genehmigung kann innerhalb weniger Minuten erneuert<\/strong> werden, indem Sie auf das <a href=\"https:\/\/usa-gv.com\/de\/esta-online-formular\/\">ESTA-Online-Formular<\/a> klicken.<\/p>\n\n<div style=\"height:10px\" aria-hidden=\"true\" class=\"wp-block-spacer\"><\/div>\n\n<p>Die <a href=\"https:\/\/usa-gv.com\/de\/esta-gultigkeitsdauer\/\">G\u00fcltigkeitsdauer des ESTA<\/a> ist zeitlich begrenzt. Die h\u00e4ufigste anf\u00e4ngliche Dauer ist 2 Jahre, aber es kann vorkommen, dass die ESTA-Genehmigung schon fr\u00fcher ung\u00fcltig wird. Es wird empfohlen, die <a href=\"https:\/\/usa-gv.com\/de\/uberprufen-sie-die-esta-gultigkeit\/\">G\u00fcltigkeit des ESTA<\/a> mindestens 3 Tage vor dem Einsteigen in die USA zu \u00fcberpr\u00fcfen. <\/p>\n\n<p>Wenn die ESTA-Genehmigung nicht mehr g\u00fcltig ist, muss der ESTA-Antrag erneuert werden.\nUm die Verl\u00e4ngerung online zu beantragen, m\u00fcssen Sie das <a href=\"https:\/\/usa-gv.com\/de\/fullen-sie-das-esta-formular-online-aus\/\">ESTA-Formular ausf\u00fcllen<\/a>.\nDie Vorgehensweise ist die gleiche wie bei dem vorherigen ESTA-Antrag.    <\/p>\n\n<h2 class=\"wp-block-heading\">Wird das ESTA automatisch verl\u00e4ngert?<\/h2>\n\n<p>Es gibt keine automatische oder stillschweigende Verl\u00e4ngerung der ESTA-Genehmigung.\nDer Reisende muss einen neuen <a href=\"https:\/\/usa-gv.com\/de\/so-beantragen-sie-esta\/\">ESTA-Antrag<\/a> stellen, der wie der erste Antrag behandelt wird.\nAlle <a href=\"https:\/\/usa-gv.com\/de\/fragen-zum-esta-formular\/\">ESTA-Fragen<\/a> sind auszuf\u00fcllen und es sind die Informationen des <a href=\"https:\/\/usa-gv.com\/de\/reisepass-fur-die-usa\/\">g\u00fcltigen Reisepasses f\u00fcr die Reise in die USA<\/a> anzugeben.  <\/p>\n\n<h2 class=\"wp-block-heading\">Wie hoch sind die Geb\u00fchren f\u00fcr die Verl\u00e4ngerung des ESTA?<\/h2>\n\n<p>Die Erneuerung des ESTA-Antrags wird wie ein neuer Antrag behandelt, unabh\u00e4ngig von den zuvor erhaltenen ESTA-Genehmigungen.\nDer ESTA-Antragsteller muss erneut den vollen <a href=\"https:\/\/usa-gv.com\/de\/us-esta-preis\/\">Preis f\u00fcr das ESTA<\/a> bezahlen.\nDie Bearbeitung des Antrags beginnt erst, wenn die <a href=\"https:\/\/usa-gv.com\/de\/so-bezahlen-sie-ein-esta\/\">Zahlung der ESTA-Geb\u00fchr<\/a> erfolgt ist.  <\/p>\n","protected":false},"excerpt":{"rendered":"<p>Wie Sie Ihre ESTA-Genehmigung verl\u00e4ngern k\u00f6nnen Mit der ESTA-Genehmigung k\u00f6nnen Staatsangeh\u00f6rige von L\u00e4ndern, die am Visa Waiver Program teilnehmen, ohne Visum in die Vereinigten Staaten reisen, wenn sie sich dort weniger als 90 Tage aufhalten. Die Genehmigung kann innerhalb weniger Minuten erneuert werden, indem Sie auf das ESTA-Online-Formular klicken. Die G\u00fcltigkeitsdauer des ESTA ist zeitlich [&hellip;]<\/p>\n","protected":false},"author":1,"featured_media":0,"parent":0,"menu_order":0,"comment_status":"closed","ping_status":"closed","template":"","meta":{"footnotes":""},"class_list":["post-2575","page","type-page","status-publish","hentry"],"yoast_head":"<!-- This site is optimized with the Yoast SEO plugin v26.6 - https:\/\/yoast.com\/wordpress\/plugins\/seo\/ -->\n<title>Wie man eine ESTA-Verl\u00e4ngerung durchf\u00fchrt - USA-GV.COM<\/title>\n<meta name=\"description\" content=\"Sie k\u00f6nnen eine ESTA-Genehmigung leicht erneuern, indem Sie dem Online-Verfahren folgen, wenn Sie Ihre Reiseinformationen haben.\" \/>\n<meta name=\"robots\" content=\"index, follow, max-snippet:-1, max-image-preview:large, max-video-preview:-1\" \/>\n<link rel=\"canonical\" href=\"https:\/\/usa-gv.com\/de\/esta-erneuerung\/\" \/>\n<meta property=\"og:locale\" content=\"de_DE\" \/>\n<meta property=\"og:type\" content=\"article\" \/>\n<meta property=\"og:title\" content=\"Wie man eine ESTA-Verl\u00e4ngerung durchf\u00fchrt - USA-GV.COM\" \/>\n<meta property=\"og:description\" content=\"Sie k\u00f6nnen eine ESTA-Genehmigung leicht erneuern, indem Sie dem Online-Verfahren folgen, wenn Sie Ihre Reiseinformationen haben.\" \/>\n<meta property=\"og:url\" content=\"https:\/\/usa-gv.com\/de\/esta-erneuerung\/\" \/>\n<meta property=\"og:site_name\" content=\"USA-GV.COM\" \/>\n<meta property=\"article:modified_time\" content=\"2025-02-25T11:48:41+00:00\" \/>\n<meta name=\"twitter:card\" content=\"summary_large_image\" \/>\n<meta name=\"twitter:label1\" content=\"Gesch\u00e4tzte Lesezeit\" \/>\n\t<meta name=\"twitter:data1\" content=\"1\u00a0Minute\" \/>\n<script type=\"application\/ld+json\" class=\"yoast-schema-graph\">{\"@context\":\"https:\/\/schema.org\",\"@graph\":[{\"@type\":\"WebPage\",\"@id\":\"https:\/\/usa-gv.com\/de\/esta-erneuerung\/\",\"url\":\"https:\/\/usa-gv.com\/de\/esta-erneuerung\/\",\"name\":\"Wie man eine ESTA-Verl\u00e4ngerung durchf\u00fchrt - USA-GV.COM\",\"isPartOf\":{\"@id\":\"https:\/\/usa-gv.com\/de\/#website\"},\"datePublished\":\"2024-03-19T10:33:57+00:00\",\"dateModified\":\"2025-02-25T11:48:41+00:00\",\"description\":\"Sie k\u00f6nnen eine ESTA-Genehmigung leicht erneuern, indem Sie dem Online-Verfahren folgen, wenn Sie Ihre Reiseinformationen haben.\",\"breadcrumb\":{\"@id\":\"https:\/\/usa-gv.com\/de\/esta-erneuerung\/#breadcrumb\"},\"inLanguage\":\"de\",\"potentialAction\":[{\"@type\":\"ReadAction\",\"target\":[\"https:\/\/usa-gv.com\/de\/esta-erneuerung\/\"]}]},{\"@type\":\"BreadcrumbList\",\"@id\":\"https:\/\/usa-gv.com\/de\/esta-erneuerung\/#breadcrumb\",\"itemListElement\":[{\"@type\":\"ListItem\",\"position\":1,\"name\":\"Home\",\"item\":\"https:\/\/usa-gv.com\/de\/usa-reisefuehrer\/\"},{\"@type\":\"ListItem\",\"position\":2,\"name\":\"Wie man eine ESTA-Verl\u00e4ngerung durchf\u00fchrt\"}]},{\"@type\":\"WebSite\",\"@id\":\"https:\/\/usa-gv.com\/de\/#website\",\"url\":\"https:\/\/usa-gv.com\/de\/\",\"name\":\"USA-GV.COM\",\"description\":\"\",\"potentialAction\":[{\"@type\":\"SearchAction\",\"target\":{\"@type\":\"EntryPoint\",\"urlTemplate\":\"https:\/\/usa-gv.com\/de\/?s={search_term_string}\"},\"query-input\":{\"@type\":\"PropertyValueSpecification\",\"valueRequired\":true,\"valueName\":\"search_term_string\"}}],\"inLanguage\":\"de\"}]}<\/script>\n<!-- \/ Yoast SEO plugin. -->","yoast_head_json":{"title":"Wie man eine ESTA-Verl\u00e4ngerung durchf\u00fchrt - USA-GV.COM","description":"Sie k\u00f6nnen eine ESTA-Genehmigung leicht erneuern, indem Sie dem Online-Verfahren folgen, wenn Sie Ihre Reiseinformationen haben.","robots":{"index":"index","follow":"follow","max-snippet":"max-snippet:-1","max-image-preview":"max-image-preview:large","max-video-preview":"max-video-preview:-1"},"canonical":"https:\/\/usa-gv.com\/de\/esta-erneuerung\/","og_locale":"de_DE","og_type":"article","og_title":"Wie man eine ESTA-Verl\u00e4ngerung durchf\u00fchrt - USA-GV.COM","og_description":"Sie k\u00f6nnen eine ESTA-Genehmigung leicht erneuern, indem Sie dem Online-Verfahren folgen, wenn Sie Ihre Reiseinformationen haben.","og_url":"https:\/\/usa-gv.com\/de\/esta-erneuerung\/","og_site_name":"USA-GV.COM","article_modified_time":"2025-02-25T11:48:41+00:00","twitter_card":"summary_large_image","twitter_misc":{"Gesch\u00e4tzte Lesezeit":"1\u00a0Minute"},"schema":{"@context":"https:\/\/schema.org","@graph":[{"@type":"WebPage","@id":"https:\/\/usa-gv.com\/de\/esta-erneuerung\/","url":"https:\/\/usa-gv.com\/de\/esta-erneuerung\/","name":"Wie man eine ESTA-Verl\u00e4ngerung durchf\u00fchrt - USA-GV.COM","isPartOf":{"@id":"https:\/\/usa-gv.com\/de\/#website"},"datePublished":"2024-03-19T10:33:57+00:00","dateModified":"2025-02-25T11:48:41+00:00","description":"Sie k\u00f6nnen eine ESTA-Genehmigung leicht erneuern, indem Sie dem Online-Verfahren folgen, wenn Sie Ihre Reiseinformationen haben.","breadcrumb":{"@id":"https:\/\/usa-gv.com\/de\/esta-erneuerung\/#breadcrumb"},"inLanguage":"de","potentialAction":[{"@type":"ReadAction","target":["https:\/\/usa-gv.com\/de\/esta-erneuerung\/"]}]},{"@type":"BreadcrumbList","@id":"https:\/\/usa-gv.com\/de\/esta-erneuerung\/#breadcrumb","itemListElement":[{"@type":"ListItem","position":1,"name":"Home","item":"https:\/\/usa-gv.com\/de\/usa-reisefuehrer\/"},{"@type":"ListItem","position":2,"name":"Wie man eine ESTA-Verl\u00e4ngerung durchf\u00fchrt"}]},{"@type":"WebSite","@id":"https:\/\/usa-gv.com\/de\/#website","url":"https:\/\/usa-gv.com\/de\/","name":"USA-GV.COM","description":"","potentialAction":[{"@type":"SearchAction","target":{"@type":"EntryPoint","urlTemplate":"https:\/\/usa-gv.com\/de\/?s={search_term_string}"},"query-input":{"@type":"PropertyValueSpecification","valueRequired":true,"valueName":"search_term_string"}}],"inLanguage":"de"}]}},"_links":{"self":[{"href":"https:\/\/usa-gv.com\/de\/wp-json\/wp\/v2\/pages\/2575","targetHints":{"allow":["GET"]}}],"collection":[{"href":"https:\/\/usa-gv.com\/de\/wp-json\/wp\/v2\/pages"}],"about":[{"href":"https:\/\/usa-gv.com\/de\/wp-json\/wp\/v2\/types\/page"}],"author":[{"embeddable":true,"href":"https:\/\/usa-gv.com\/de\/wp-json\/wp\/v2\/users\/1"}],"replies":[{"embeddable":true,"href":"https:\/\/usa-gv.com\/de\/wp-json\/wp\/v2\/comments?post=2575"}],"version-history":[{"count":1,"href":"https:\/\/usa-gv.com\/de\/wp-json\/wp\/v2\/pages\/2575\/revisions"}],"predecessor-version":[{"id":7435,"href":"https:\/\/usa-gv.com\/de\/wp-json\/wp\/v2\/pages\/2575\/revisions\/7435"}],"wp:attachment":[{"href":"https:\/\/usa-gv.com\/de\/wp-json\/wp\/v2\/media?parent=2575"}],"curies":[{"name":"wp","href":"https:\/\/api.w.org\/{rel}","templated":true}]}}