{"id":2555,"date":"2024-03-12T09:24:57","date_gmt":"2024-03-12T09:24:57","guid":{"rendered":"https:\/\/usa-gv.com\/kostenloses-esta\/"},"modified":"2025-02-25T11:48:35","modified_gmt":"2025-02-25T11:48:35","slug":"kostenloses-esta","status":"publish","type":"page","link":"https:\/\/usa-gv.com\/de\/kostenloses-esta\/","title":{"rendered":"Kostenlose ESTA-Genehmigung"},"content":{"rendered":"\n<h1 class=\"wp-block-heading\">Erhalten Sie eine kostenlose ESTA-Genehmigung<\/h1>\n\n<p>Das US-Visumbefreiungsprogramm erm\u00f6glicht es berechtigten Reisenden, eine ESTA-Bescheinigung f\u00fcr einen Aufenthalt von weniger als 90 Tagen in den Vereinigten Staaten zu erhalten.\nDie <a href=\"https:\/\/usa-gv.com\/de\/so-beantragen-sie-esta\/\">Beantragung eines ESTA<\/a> erfolgt online. <\/p>\n\n<h2 class=\"wp-block-heading\">Ist die ESTA-Genehmigung kostenlos oder geb\u00fchrenpflichtig?<\/h2>\n\n<p>Das <a href=\"https:\/\/usa-gv.com\/de\/esta-online-formular\/\">ESTA-Online-Formular<\/a> enth\u00e4lt eine Reihe von <a href=\"https:\/\/usa-gv.com\/de\/fragen-zum-esta-formular\/\">Fragen \u00fcber den Reisenden<\/a> und endet mit einer Seite f\u00fcr die Bezahlung. Der Reisende muss sein <a href=\"https:\/\/usa-gv.com\/de\/so-bezahlen-sie-ein-esta\/\">ESTA online per Kreditkarte bezahlen<\/a>, um den Antrag zu best\u00e4tigen. Der <a href=\"https:\/\/usa-gv.com\/de\/us-esta-preis\/\">Preis f\u00fcr das ESTA<\/a> wird vom US-Au\u00dfenministerium festgelegt. Seit der Einf\u00fchrung des <a href=\"https:\/\/usa-gv.com\/de\/visa-waiver-program-usa\/\">Visa Waiver Program<\/a> im Jahr 2009 wurde es mehrmals ge\u00e4ndert.<\/p>\n\n<p><strong>Das ESTA-Formular ist daher auf der offiziellen ESTA-Website nicht kostenlos<\/strong>.\nDie zu zahlende Geb\u00fchr dient der Finanzierung des Programms f\u00fcr visumfreies Reisen und der F\u00f6rderung des Tourismus in den USA. <\/p>\n\n<h2 class=\"wp-block-heading\">Wie kann ich ein ESTA kostenlos finden?<\/h2>\n\n<p>Um den Status Ihrer ESTA-Genehmigung abzurufen, m\u00fcssen Sie sich nur auf der <a href=\"https:\/\/usa-gv.com\/de\/offizielle-esta-website\/\">offiziellen ESTA-Website<\/a> anmelden und <a href=\"https:\/\/usa-gv.com\/de\/uberprufen-sie-die-esta-gultigkeit\/\">die G\u00fcltigkeit Ihres ESTA \u00fcberpr\u00fcfen<\/a>. Der Vorgang ist kostenlos und dauert nur wenige Minuten, wenn der Reisende im Besitz seiner Reiseinformationen ist.<\/p>\n\n<p>Die <a href=\"https:\/\/usa-gv.com\/de\/esta-gultigkeitsdauer\/\">G\u00fcltigkeitsdauer des ESTA<\/a> betr\u00e4gt zun\u00e4chst zwei Jahre. Es kann jedoch vorkommen, dass diese Frist aus bestimmten Gr\u00fcnden verk\u00fcrzt wird. Der Hauptgrund ist die G\u00fcltigkeit des <a href=\"https:\/\/usa-gv.com\/de\/reisepass-fur-die-usa\/\">Reisepasses, der f\u00fcr die Beantragung von ESTA verwendet<\/a> wird. Wenn der Reisepass nicht mehr g\u00fcltig ist, ist auch das erhaltene ESTA nicht mehr g\u00fcltig.<\/p>\n","protected":false},"excerpt":{"rendered":"<p>Erhalten Sie eine kostenlose ESTA-Genehmigung Das US-Visumbefreiungsprogramm erm\u00f6glicht es berechtigten Reisenden, eine ESTA-Bescheinigung f\u00fcr einen Aufenthalt von weniger als 90 Tagen in den Vereinigten Staaten zu erhalten. Die Beantragung eines ESTA erfolgt online. Ist die ESTA-Genehmigung kostenlos oder geb\u00fchrenpflichtig? Das ESTA-Online-Formular enth\u00e4lt eine Reihe von Fragen \u00fcber den Reisenden und endet mit einer Seite f\u00fcr [&hellip;]<\/p>\n","protected":false},"author":1,"featured_media":0,"parent":0,"menu_order":0,"comment_status":"closed","ping_status":"closed","template":"","meta":{"footnotes":""},"class_list":["post-2555","page","type-page","status-publish","hentry"],"yoast_head":"<!-- This site is optimized with the Yoast SEO plugin v26.6 - https:\/\/yoast.com\/wordpress\/plugins\/seo\/ -->\n<title>Kostenlose ESTA-Genehmigung - USA-GV.COM<\/title>\n<meta name=\"description\" content=\"Die ESTA-Genehmigung f\u00fcr Reisen in die Vereinigten Staaten kann online beantragt werden. Das Online-Formular ist auf der offiziellen ESTA-Website kostenpflichtig.\" \/>\n<meta name=\"robots\" content=\"index, follow, max-snippet:-1, max-image-preview:large, max-video-preview:-1\" \/>\n<link rel=\"canonical\" href=\"https:\/\/usa-gv.com\/de\/kostenloses-esta\/\" \/>\n<meta property=\"og:locale\" content=\"de_DE\" \/>\n<meta property=\"og:type\" content=\"article\" \/>\n<meta property=\"og:title\" content=\"Kostenlose ESTA-Genehmigung - USA-GV.COM\" \/>\n<meta property=\"og:description\" content=\"Die ESTA-Genehmigung f\u00fcr Reisen in die Vereinigten Staaten kann online beantragt werden. Das Online-Formular ist auf der offiziellen ESTA-Website kostenpflichtig.\" \/>\n<meta property=\"og:url\" content=\"https:\/\/usa-gv.com\/de\/kostenloses-esta\/\" \/>\n<meta property=\"og:site_name\" content=\"USA-GV.COM\" \/>\n<meta property=\"article:modified_time\" content=\"2025-02-25T11:48:35+00:00\" \/>\n<meta name=\"twitter:card\" content=\"summary_large_image\" \/>\n<meta name=\"twitter:label1\" content=\"Gesch\u00e4tzte Lesezeit\" \/>\n\t<meta name=\"twitter:data1\" content=\"1\u00a0Minute\" \/>\n<script type=\"application\/ld+json\" class=\"yoast-schema-graph\">{\"@context\":\"https:\/\/schema.org\",\"@graph\":[{\"@type\":\"WebPage\",\"@id\":\"https:\/\/usa-gv.com\/de\/kostenloses-esta\/\",\"url\":\"https:\/\/usa-gv.com\/de\/kostenloses-esta\/\",\"name\":\"Kostenlose ESTA-Genehmigung - USA-GV.COM\",\"isPartOf\":{\"@id\":\"https:\/\/usa-gv.com\/de\/#website\"},\"datePublished\":\"2024-03-12T09:24:57+00:00\",\"dateModified\":\"2025-02-25T11:48:35+00:00\",\"description\":\"Die ESTA-Genehmigung f\u00fcr Reisen in die Vereinigten Staaten kann online beantragt werden. Das Online-Formular ist auf der offiziellen ESTA-Website kostenpflichtig.\",\"breadcrumb\":{\"@id\":\"https:\/\/usa-gv.com\/de\/kostenloses-esta\/#breadcrumb\"},\"inLanguage\":\"de\",\"potentialAction\":[{\"@type\":\"ReadAction\",\"target\":[\"https:\/\/usa-gv.com\/de\/kostenloses-esta\/\"]}]},{\"@type\":\"BreadcrumbList\",\"@id\":\"https:\/\/usa-gv.com\/de\/kostenloses-esta\/#breadcrumb\",\"itemListElement\":[{\"@type\":\"ListItem\",\"position\":1,\"name\":\"Home\",\"item\":\"https:\/\/usa-gv.com\/de\/usa-reisefuehrer\/\"},{\"@type\":\"ListItem\",\"position\":2,\"name\":\"Kostenlose ESTA-Genehmigung\"}]},{\"@type\":\"WebSite\",\"@id\":\"https:\/\/usa-gv.com\/de\/#website\",\"url\":\"https:\/\/usa-gv.com\/de\/\",\"name\":\"USA-GV.COM\",\"description\":\"\",\"potentialAction\":[{\"@type\":\"SearchAction\",\"target\":{\"@type\":\"EntryPoint\",\"urlTemplate\":\"https:\/\/usa-gv.com\/de\/?s={search_term_string}\"},\"query-input\":{\"@type\":\"PropertyValueSpecification\",\"valueRequired\":true,\"valueName\":\"search_term_string\"}}],\"inLanguage\":\"de\"}]}<\/script>\n<!-- \/ Yoast SEO plugin. -->","yoast_head_json":{"title":"Kostenlose ESTA-Genehmigung - USA-GV.COM","description":"Die ESTA-Genehmigung f\u00fcr Reisen in die Vereinigten Staaten kann online beantragt werden. Das Online-Formular ist auf der offiziellen ESTA-Website kostenpflichtig.","robots":{"index":"index","follow":"follow","max-snippet":"max-snippet:-1","max-image-preview":"max-image-preview:large","max-video-preview":"max-video-preview:-1"},"canonical":"https:\/\/usa-gv.com\/de\/kostenloses-esta\/","og_locale":"de_DE","og_type":"article","og_title":"Kostenlose ESTA-Genehmigung - USA-GV.COM","og_description":"Die ESTA-Genehmigung f\u00fcr Reisen in die Vereinigten Staaten kann online beantragt werden. Das Online-Formular ist auf der offiziellen ESTA-Website kostenpflichtig.","og_url":"https:\/\/usa-gv.com\/de\/kostenloses-esta\/","og_site_name":"USA-GV.COM","article_modified_time":"2025-02-25T11:48:35+00:00","twitter_card":"summary_large_image","twitter_misc":{"Gesch\u00e4tzte Lesezeit":"1\u00a0Minute"},"schema":{"@context":"https:\/\/schema.org","@graph":[{"@type":"WebPage","@id":"https:\/\/usa-gv.com\/de\/kostenloses-esta\/","url":"https:\/\/usa-gv.com\/de\/kostenloses-esta\/","name":"Kostenlose ESTA-Genehmigung - USA-GV.COM","isPartOf":{"@id":"https:\/\/usa-gv.com\/de\/#website"},"datePublished":"2024-03-12T09:24:57+00:00","dateModified":"2025-02-25T11:48:35+00:00","description":"Die ESTA-Genehmigung f\u00fcr Reisen in die Vereinigten Staaten kann online beantragt werden. Das Online-Formular ist auf der offiziellen ESTA-Website kostenpflichtig.","breadcrumb":{"@id":"https:\/\/usa-gv.com\/de\/kostenloses-esta\/#breadcrumb"},"inLanguage":"de","potentialAction":[{"@type":"ReadAction","target":["https:\/\/usa-gv.com\/de\/kostenloses-esta\/"]}]},{"@type":"BreadcrumbList","@id":"https:\/\/usa-gv.com\/de\/kostenloses-esta\/#breadcrumb","itemListElement":[{"@type":"ListItem","position":1,"name":"Home","item":"https:\/\/usa-gv.com\/de\/usa-reisefuehrer\/"},{"@type":"ListItem","position":2,"name":"Kostenlose ESTA-Genehmigung"}]},{"@type":"WebSite","@id":"https:\/\/usa-gv.com\/de\/#website","url":"https:\/\/usa-gv.com\/de\/","name":"USA-GV.COM","description":"","potentialAction":[{"@type":"SearchAction","target":{"@type":"EntryPoint","urlTemplate":"https:\/\/usa-gv.com\/de\/?s={search_term_string}"},"query-input":{"@type":"PropertyValueSpecification","valueRequired":true,"valueName":"search_term_string"}}],"inLanguage":"de"}]}},"_links":{"self":[{"href":"https:\/\/usa-gv.com\/de\/wp-json\/wp\/v2\/pages\/2555","targetHints":{"allow":["GET"]}}],"collection":[{"href":"https:\/\/usa-gv.com\/de\/wp-json\/wp\/v2\/pages"}],"about":[{"href":"https:\/\/usa-gv.com\/de\/wp-json\/wp\/v2\/types\/page"}],"author":[{"embeddable":true,"href":"https:\/\/usa-gv.com\/de\/wp-json\/wp\/v2\/users\/1"}],"replies":[{"embeddable":true,"href":"https:\/\/usa-gv.com\/de\/wp-json\/wp\/v2\/comments?post=2555"}],"version-history":[{"count":1,"href":"https:\/\/usa-gv.com\/de\/wp-json\/wp\/v2\/pages\/2555\/revisions"}],"predecessor-version":[{"id":7424,"href":"https:\/\/usa-gv.com\/de\/wp-json\/wp\/v2\/pages\/2555\/revisions\/7424"}],"wp:attachment":[{"href":"https:\/\/usa-gv.com\/de\/wp-json\/wp\/v2\/media?parent=2555"}],"curies":[{"name":"wp","href":"https:\/\/api.w.org\/{rel}","templated":true}]}}