{"id":2537,"date":"2024-03-10T21:30:51","date_gmt":"2024-03-10T21:30:51","guid":{"rendered":"https:\/\/usa-gv.com\/esta-dienstprogramm\/"},"modified":"2025-02-25T11:48:30","modified_gmt":"2025-02-25T11:48:30","slug":"esta-dienstprogramm","status":"publish","type":"page","link":"https:\/\/usa-gv.com\/de\/esta-dienstprogramm\/","title":{"rendered":"Wozu dient eine ESTA-Genehmigung f\u00fcr die USA?"},"content":{"rendered":"\n<h1 class=\"wp-block-heading\">Welche Aktivit\u00e4ten sind in den USA f\u00fcr Reisende mit ESTA erlaubt?  <\/h1>\n\n<p>Eine <a href=\"https:\/\/usa-gv.com\/de\/was-ist-eine-esta-genehmigung\/\">ESTA-Genehmigung<\/a> erm\u00f6glicht B\u00fcrgern aus L\u00e4ndern, die am <a href=\"https:\/\/usa-gv.com\/de\/visa-waiver-program-usa\/\">Visa Waiver Program<\/a> teilnehmen, ohne Visum f\u00fcr einen Aufenthalt von weniger als 90 Tagen in die USA einzureisen. Nur bestimmte Aktivit\u00e4ten sind in den USA f\u00fcr ESTA-Reisende erlaubt.<\/p>\n\n<p><strong>Um eine Reisebescheinigung in wenigen Minuten zu erhalten<\/strong>, klicken Sie einfach auf <a href=\"https:\/\/usa-gv.com\/de\/esta-online-formular\/\">ESTA-Online-Formular<\/a>.<\/p>\n\n<div style=\"height:10px\" aria-hidden=\"true\" class=\"wp-block-spacer\"><\/div>\n\n<h2 class=\"wp-block-heading\">Was kann man mit einem ESTA in den USA tun<\/h2>\n\n<p>Reisende mit einem ESTA k\u00f6nnen f\u00fcr verschiedene Arten von Aktivit\u00e4ten in die USA einreisen, die haupts\u00e4chlich mit Tourismus oder Gesch\u00e4ftsreisen zu tun haben.\nHier sind die Aktivit\u00e4ten, die mit einem ESTA erlaubt sind. <\/p>\n\n<h3 class=\"wp-block-heading\">Tourismusaktivit\u00e4ten, die mit einem ESTA in den USA erlaubt sind<\/h3>\n\n<ul class=\"wp-block-list\">\n<li>Besuchen Sie Sehensw\u00fcrdigkeiten, Denkm\u00e4ler und Nationalparks;<\/li>\n\n\n\n<li>Teilnahme an Freizeitaktivit\u00e4ten wie Museumsbesuchen, Auff\u00fchrungen, Konzerten oder Sportveranstaltungen;<\/li>\n\n\n\n<li>Teilnahme an sozialen Aktivit\u00e4ten mit Freunden oder der Familie.<\/li>\n<\/ul>\n\n<div style=\"height:10px\" aria-hidden=\"true\" class=\"wp-block-spacer\"><\/div>\n\n<h3 class=\"wp-block-heading\">Gesch\u00e4ftsbezogene Aktivit\u00e4ten, die mit einem ESTA in den USA erlaubt sind<\/h3>\n\n<ul class=\"wp-block-list\">\n<li>Teilnahme an Gesch\u00e4ftstreffen, Konferenzen oder Seminaren;<\/li>\n\n\n\n<li>Verhandlungen \u00fcber Vertr\u00e4ge oder Beratungen mit Gesch\u00e4ftspartnern ;<\/li>\n\n\n\n<li>Besuch von Ausstellungen oder Fachmessen.<\/li>\n<\/ul>\n\n<div style=\"height:10px\" aria-hidden=\"true\" class=\"wp-block-spacer\"><\/div>\n\n<h3 class=\"wp-block-heading\">Teilnahme an Veranstaltungen, die mit einem ESTA in den USA erlaubt sind<\/h3>\n\n<ul class=\"wp-block-list\">\n<li>An kurzen Veranstaltungen teilnehmen oder kurze Kurse besuchen.\nDiese Kurse k\u00f6nnen nicht durch ein Diplom oder eine akademische Zertifizierung angerechnet werden; <\/li>\n\n\n\n<li>Teilnahme an Amateurveranstaltungen im Zusammenhang mit Musik oder Sport, ohne eine Zahlung zu erhalten.<\/li>\n<\/ul>\n\n<div style=\"height:10px\" aria-hidden=\"true\" class=\"wp-block-spacer\"><\/div>\n\n<p><strong>Wichtiger Hinweis<\/strong>: ESTA erm\u00f6glicht auch den Aufenthalt in den Vereinigten Staaten f\u00fcr <strong>eine kurzfristige medizinische Behandlung<\/strong>.<\/p>\n\n<div style=\"height:20px\" aria-hidden=\"true\" class=\"wp-block-spacer\"><\/div>\n\n<h2 class=\"wp-block-heading\">Welche Aktivit\u00e4ten sind in den USA mit einem ESTA verboten?<\/h2>\n\n<p>Hier sind die wichtigsten Aktivit\u00e4ten, die f\u00fcr ESTA-Reisende in den Vereinigten Staaten verboten sind.<\/p>\n\n<h3 class=\"wp-block-heading\">Arbeitsbezogene Aktivit\u00e4ten, die in den USA f\u00fcr ESTA-Inhaber verboten sind<\/h3>\n\n<ul class=\"wp-block-list\">\n<li>Reisende mit einem ESTA d\u00fcrfen in den USA keine bezahlte Arbeit annehmen.\nDies schlie\u00dft jede Arbeit mit einem Gehalt oder einer Verg\u00fctung von einem US-Arbeitgeber ein; <\/li>\n\n\n\n<li>Pressearbeit: Journalisten oder Pressevertreter, die beabsichtigen, in den USA zu arbeiten, k\u00f6nnen dies nicht mit einem ESTA tun.\nSie m\u00fcssen ein spezielles Medienvisum beantragen. <\/li>\n<\/ul>\n\n<div style=\"height:10px\" aria-hidden=\"true\" class=\"wp-block-spacer\"><\/div>\n\n<h3 class=\"wp-block-heading\">Andere verbotene Aktivit\u00e4ten in den USA f\u00fcr Reisende mit ESTA<\/h3>\n\n<ul class=\"wp-block-list\">\n<li><strong>Einen st\u00e4ndigen Wohnsitz erw\u00e4gen<\/strong>: Ein Reisender kann kein ESTA verwenden, um in die USA einzureisen, um dort einen dauerhaften Wohnsitz zu haben oder einzuwandern.<\/li>\n\n\n\n<li><strong>Langzeitstudium<\/strong>: F\u00fcr ein Vollzeitstudium ist ein Studentenvisum erforderlich.<\/li>\n\n\n\n<li><strong>Austauschprogramm<\/strong>: Teilnehmer an einem Austauschprogramm f\u00fcr Studenten k\u00f6nnen kein ESTA verwenden und m\u00fcssen ein J1-Visum beantragen.<\/li>\n\n\n\n<li>Staatliche <strong>Leistungen<\/strong>: Reisende, die mit einer ESTA-Genehmigung in die USA einreisen, sind nicht berechtigt, staatliche Leistungen oder \u00f6ffentliche Hilfsprogramme in Anspruch zu nehmen.<\/li>\n<\/ul>\n\n<div style=\"height:20px\" aria-hidden=\"true\" class=\"wp-block-spacer\"><\/div>\n\n<h2 class=\"wp-block-heading\">Kann ich mit einem ESTA einen Zwischenstopp in den USA einlegen?<\/h2>\n\n<p>Ein <a href=\"https:\/\/usa-gv.com\/de\/esta-transit-usa\/\">Transit durch die USA ist mit einem ESTA<\/a> m\u00f6glich. Der Inhaber einer ESTA-Genehmigung kann die USA als Transitland zu einem anderen internationalen Ziel nutzen.<\/p>\n","protected":false},"excerpt":{"rendered":"<p>Welche Aktivit\u00e4ten sind in den USA f\u00fcr Reisende mit ESTA erlaubt? Eine ESTA-Genehmigung erm\u00f6glicht B\u00fcrgern aus L\u00e4ndern, die am Visa Waiver Program teilnehmen, ohne Visum f\u00fcr einen Aufenthalt von weniger als 90 Tagen in die USA einzureisen. Nur bestimmte Aktivit\u00e4ten sind in den USA f\u00fcr ESTA-Reisende erlaubt. Um eine Reisebescheinigung in wenigen Minuten zu erhalten, [&hellip;]<\/p>\n","protected":false},"author":1,"featured_media":0,"parent":0,"menu_order":0,"comment_status":"closed","ping_status":"closed","template":"","meta":{"footnotes":""},"class_list":["post-2537","page","type-page","status-publish","hentry"],"yoast_head":"<!-- This site is optimized with the Yoast SEO plugin v26.6 - https:\/\/yoast.com\/wordpress\/plugins\/seo\/ -->\n<title>Wozu dient eine ESTA-Genehmigung f\u00fcr die USA? - USA-GV.COM<\/title>\n<meta name=\"description\" content=\"Finden Sie heraus, was man mit einer ESTA-Genehmigung bei einem Aufenthalt in den USA tun oder nicht tun kann.\" \/>\n<meta name=\"robots\" content=\"index, follow, max-snippet:-1, max-image-preview:large, max-video-preview:-1\" \/>\n<link rel=\"canonical\" href=\"https:\/\/usa-gv.com\/de\/esta-dienstprogramm\/\" \/>\n<meta property=\"og:locale\" content=\"de_DE\" \/>\n<meta property=\"og:type\" content=\"article\" \/>\n<meta property=\"og:title\" content=\"Wozu dient eine ESTA-Genehmigung f\u00fcr die USA? - USA-GV.COM\" \/>\n<meta property=\"og:description\" content=\"Finden Sie heraus, was man mit einer ESTA-Genehmigung bei einem Aufenthalt in den USA tun oder nicht tun kann.\" \/>\n<meta property=\"og:url\" content=\"https:\/\/usa-gv.com\/de\/esta-dienstprogramm\/\" \/>\n<meta property=\"og:site_name\" content=\"USA-GV.COM\" \/>\n<meta property=\"article:modified_time\" content=\"2025-02-25T11:48:30+00:00\" \/>\n<meta name=\"twitter:card\" content=\"summary_large_image\" \/>\n<meta name=\"twitter:label1\" content=\"Gesch\u00e4tzte Lesezeit\" \/>\n\t<meta name=\"twitter:data1\" content=\"2\u00a0Minuten\" \/>\n<script type=\"application\/ld+json\" class=\"yoast-schema-graph\">{\"@context\":\"https:\/\/schema.org\",\"@graph\":[{\"@type\":\"WebPage\",\"@id\":\"https:\/\/usa-gv.com\/de\/esta-dienstprogramm\/\",\"url\":\"https:\/\/usa-gv.com\/de\/esta-dienstprogramm\/\",\"name\":\"Wozu dient eine ESTA-Genehmigung f\u00fcr die USA? - USA-GV.COM\",\"isPartOf\":{\"@id\":\"https:\/\/usa-gv.com\/de\/#website\"},\"datePublished\":\"2024-03-10T21:30:51+00:00\",\"dateModified\":\"2025-02-25T11:48:30+00:00\",\"description\":\"Finden Sie heraus, was man mit einer ESTA-Genehmigung bei einem Aufenthalt in den USA tun oder nicht tun kann.\",\"breadcrumb\":{\"@id\":\"https:\/\/usa-gv.com\/de\/esta-dienstprogramm\/#breadcrumb\"},\"inLanguage\":\"de\",\"potentialAction\":[{\"@type\":\"ReadAction\",\"target\":[\"https:\/\/usa-gv.com\/de\/esta-dienstprogramm\/\"]}]},{\"@type\":\"BreadcrumbList\",\"@id\":\"https:\/\/usa-gv.com\/de\/esta-dienstprogramm\/#breadcrumb\",\"itemListElement\":[{\"@type\":\"ListItem\",\"position\":1,\"name\":\"Home\",\"item\":\"https:\/\/usa-gv.com\/de\/usa-reisefuehrer\/\"},{\"@type\":\"ListItem\",\"position\":2,\"name\":\"Wozu dient eine ESTA-Genehmigung f\u00fcr die USA?\"}]},{\"@type\":\"WebSite\",\"@id\":\"https:\/\/usa-gv.com\/de\/#website\",\"url\":\"https:\/\/usa-gv.com\/de\/\",\"name\":\"USA-GV.COM\",\"description\":\"\",\"potentialAction\":[{\"@type\":\"SearchAction\",\"target\":{\"@type\":\"EntryPoint\",\"urlTemplate\":\"https:\/\/usa-gv.com\/de\/?s={search_term_string}\"},\"query-input\":{\"@type\":\"PropertyValueSpecification\",\"valueRequired\":true,\"valueName\":\"search_term_string\"}}],\"inLanguage\":\"de\"}]}<\/script>\n<!-- \/ Yoast SEO plugin. -->","yoast_head_json":{"title":"Wozu dient eine ESTA-Genehmigung f\u00fcr die USA? - USA-GV.COM","description":"Finden Sie heraus, was man mit einer ESTA-Genehmigung bei einem Aufenthalt in den USA tun oder nicht tun kann.","robots":{"index":"index","follow":"follow","max-snippet":"max-snippet:-1","max-image-preview":"max-image-preview:large","max-video-preview":"max-video-preview:-1"},"canonical":"https:\/\/usa-gv.com\/de\/esta-dienstprogramm\/","og_locale":"de_DE","og_type":"article","og_title":"Wozu dient eine ESTA-Genehmigung f\u00fcr die USA? - USA-GV.COM","og_description":"Finden Sie heraus, was man mit einer ESTA-Genehmigung bei einem Aufenthalt in den USA tun oder nicht tun kann.","og_url":"https:\/\/usa-gv.com\/de\/esta-dienstprogramm\/","og_site_name":"USA-GV.COM","article_modified_time":"2025-02-25T11:48:30+00:00","twitter_card":"summary_large_image","twitter_misc":{"Gesch\u00e4tzte Lesezeit":"2\u00a0Minuten"},"schema":{"@context":"https:\/\/schema.org","@graph":[{"@type":"WebPage","@id":"https:\/\/usa-gv.com\/de\/esta-dienstprogramm\/","url":"https:\/\/usa-gv.com\/de\/esta-dienstprogramm\/","name":"Wozu dient eine ESTA-Genehmigung f\u00fcr die USA? - USA-GV.COM","isPartOf":{"@id":"https:\/\/usa-gv.com\/de\/#website"},"datePublished":"2024-03-10T21:30:51+00:00","dateModified":"2025-02-25T11:48:30+00:00","description":"Finden Sie heraus, was man mit einer ESTA-Genehmigung bei einem Aufenthalt in den USA tun oder nicht tun kann.","breadcrumb":{"@id":"https:\/\/usa-gv.com\/de\/esta-dienstprogramm\/#breadcrumb"},"inLanguage":"de","potentialAction":[{"@type":"ReadAction","target":["https:\/\/usa-gv.com\/de\/esta-dienstprogramm\/"]}]},{"@type":"BreadcrumbList","@id":"https:\/\/usa-gv.com\/de\/esta-dienstprogramm\/#breadcrumb","itemListElement":[{"@type":"ListItem","position":1,"name":"Home","item":"https:\/\/usa-gv.com\/de\/usa-reisefuehrer\/"},{"@type":"ListItem","position":2,"name":"Wozu dient eine ESTA-Genehmigung f\u00fcr die USA?"}]},{"@type":"WebSite","@id":"https:\/\/usa-gv.com\/de\/#website","url":"https:\/\/usa-gv.com\/de\/","name":"USA-GV.COM","description":"","potentialAction":[{"@type":"SearchAction","target":{"@type":"EntryPoint","urlTemplate":"https:\/\/usa-gv.com\/de\/?s={search_term_string}"},"query-input":{"@type":"PropertyValueSpecification","valueRequired":true,"valueName":"search_term_string"}}],"inLanguage":"de"}]}},"_links":{"self":[{"href":"https:\/\/usa-gv.com\/de\/wp-json\/wp\/v2\/pages\/2537","targetHints":{"allow":["GET"]}}],"collection":[{"href":"https:\/\/usa-gv.com\/de\/wp-json\/wp\/v2\/pages"}],"about":[{"href":"https:\/\/usa-gv.com\/de\/wp-json\/wp\/v2\/types\/page"}],"author":[{"embeddable":true,"href":"https:\/\/usa-gv.com\/de\/wp-json\/wp\/v2\/users\/1"}],"replies":[{"embeddable":true,"href":"https:\/\/usa-gv.com\/de\/wp-json\/wp\/v2\/comments?post=2537"}],"version-history":[{"count":1,"href":"https:\/\/usa-gv.com\/de\/wp-json\/wp\/v2\/pages\/2537\/revisions"}],"predecessor-version":[{"id":7413,"href":"https:\/\/usa-gv.com\/de\/wp-json\/wp\/v2\/pages\/2537\/revisions\/7413"}],"wp:attachment":[{"href":"https:\/\/usa-gv.com\/de\/wp-json\/wp\/v2\/media?parent=2537"}],"curies":[{"name":"wp","href":"https:\/\/api.w.org\/{rel}","templated":true}]}}