{"id":2404,"date":"2024-03-11T21:27:16","date_gmt":"2024-03-11T21:27:16","guid":{"rendered":"https:\/\/usa-gv.com\/esta-online-formular\/"},"modified":"2025-02-25T11:50:24","modified_gmt":"2025-02-25T11:50:24","slug":"esta-online-formular","status":"publish","type":"page","link":"https:\/\/usa-gv.com\/de\/esta-online-formular\/","title":{"rendered":"Online-Formular f\u00fcr den ESTA-Antrag"},"content":{"rendered":"\t\t<div data-elementor-type=\"wp-page\" data-elementor-id=\"2404\" class=\"elementor elementor-2404 elementor-2197\" data-elementor-post-type=\"page\">\n\t\t\t\t\t\t<section class=\"elementor-section elementor-top-section elementor-element elementor-element-31254f0 elementor-section-boxed elementor-section-height-default elementor-section-height-default\" data-id=\"31254f0\" data-element_type=\"section\">\n\t\t\t\t\t\t<div class=\"elementor-container elementor-column-gap-default\">\n\t\t\t\t\t<div class=\"elementor-column elementor-col-100 elementor-top-column elementor-element elementor-element-6d4d5ef\" data-id=\"6d4d5ef\" data-element_type=\"column\">\n\t\t\t<div class=\"elementor-widget-wrap elementor-element-populated\">\n\t\t\t\t\t\t<div class=\"elementor-element elementor-element-00397ac elementor-widget elementor-widget-spacer\" data-id=\"00397ac\" data-element_type=\"widget\" data-widget_type=\"spacer.default\">\n\t\t\t\t<div class=\"elementor-widget-container\">\n\t\t\t\t\t\t\t<div class=\"elementor-spacer\">\n\t\t\t<div class=\"elementor-spacer-inner\"><\/div>\n\t\t<\/div>\n\t\t\t\t\t\t<\/div>\n\t\t\t\t<\/div>\n\t\t\t\t\t<\/div>\n\t\t<\/div>\n\t\t\t\t\t<\/div>\n\t\t<\/section>\n\t\t\t\t<section class=\"elementor-section elementor-top-section elementor-element elementor-element-ba64e19 elementor-section-boxed elementor-section-height-default elementor-section-height-default\" data-id=\"ba64e19\" data-element_type=\"section\">\n\t\t\t\t\t\t<div class=\"elementor-container elementor-column-gap-default\">\n\t\t\t\t\t<div class=\"elementor-column elementor-col-100 elementor-top-column elementor-element elementor-element-3a6bfcf\" data-id=\"3a6bfcf\" data-element_type=\"column\">\n\t\t\t<div class=\"elementor-widget-wrap elementor-element-populated\">\n\t\t\t\t\t\t<div class=\"elementor-element elementor-element-9f54b60 elementor-widget elementor-widget-heading\" data-id=\"9f54b60\" data-element_type=\"widget\" data-widget_type=\"heading.default\">\n\t\t\t\t<div class=\"elementor-widget-container\">\n\t\t\t\t\t<h1 class=\"elementor-heading-title elementor-size-default\">Ausf\u00fcllen des ESTA-Formulars<\/h1>\t\t\t\t<\/div>\n\t\t\t\t<\/div>\n\t\t\t\t\t<\/div>\n\t\t<\/div>\n\t\t\t\t\t<\/div>\n\t\t<\/section>\n\t\t\t\t<section class=\"elementor-section elementor-top-section elementor-element elementor-element-3323a1c elementor-section-boxed elementor-section-height-default elementor-section-height-default\" data-id=\"3323a1c\" data-element_type=\"section\">\n\t\t\t\t\t\t<div class=\"elementor-container elementor-column-gap-default\">\n\t\t\t\t\t<div class=\"elementor-column elementor-col-100 elementor-top-column elementor-element elementor-element-cf3ec87\" data-id=\"cf3ec87\" data-element_type=\"column\">\n\t\t\t<div class=\"elementor-widget-wrap elementor-element-populated\">\n\t\t\t\t\t\t<div class=\"elementor-element elementor-element-9eca5e9 elementor-widget elementor-widget-text-editor\" data-id=\"9eca5e9\" data-element_type=\"widget\" data-widget_type=\"text-editor.default\">\n\t\t\t\t<div class=\"elementor-widget-container\">\n\t\t\t\t\t\t\t\t\t<p>Das Antragsformular f\u00fcr eine ESTA-Reisegenehmigung l\u00e4sst sich direkt online ausf\u00fcllen.<br \/>\nDas Online-Verfahren ist einfach und schnell.<br \/>\nDer Computerprozess erm\u00f6glicht eine sofortige Bearbeitung des Antrags.  <\/p>\n\t\t\t\t\t\t\t\t<\/div>\n\t\t\t\t<\/div>\n\t\t\t\t\t<\/div>\n\t\t<\/div>\n\t\t\t\t\t<\/div>\n\t\t<\/section>\n\t\t\t\t<section class=\"elementor-section elementor-top-section elementor-element elementor-element-10b213f6 elementor-section-boxed elementor-section-height-default elementor-section-height-default\" data-id=\"10b213f6\" data-element_type=\"section\">\n\t\t\t\t\t\t<div class=\"elementor-container elementor-column-gap-default\">\n\t\t\t\t\t<div class=\"elementor-column elementor-col-100 elementor-top-column elementor-element elementor-element-2f6790ff\" data-id=\"2f6790ff\" data-element_type=\"column\">\n\t\t\t<div class=\"elementor-widget-wrap elementor-element-populated\">\n\t\t\t\t\t\t<div class=\"elementor-element elementor-element-532786cd elementor-widget elementor-widget-text-editor\" data-id=\"532786cd\" data-element_type=\"widget\" data-widget_type=\"text-editor.default\">\n\t\t\t\t<div class=\"elementor-widget-container\">\n\t\t\t\t\t\t\t\t\t<p><span style=\"text-decoration: underline;\">Wichtiger Hinweis<\/span>: Im Rahmen des Online-ESTA-Antrags muss der Antragsteller seinen Reisepass hochladen, um seine Identit\u00e4t beim Ausf\u00fcllen des Formulars zu best\u00e4tigen.<\/p>\n\t\t\t\t\t\t\t\t<\/div>\n\t\t\t\t<\/div>\n\t\t\t\t\t<\/div>\n\t\t<\/div>\n\t\t\t\t\t<\/div>\n\t\t<\/section>\n\t\t\t\t<section class=\"elementor-section elementor-top-section elementor-element elementor-element-82b1396 elementor-section-boxed elementor-section-height-default elementor-section-height-default\" data-id=\"82b1396\" data-element_type=\"section\">\n\t\t\t\t\t\t<div class=\"elementor-container elementor-column-gap-default\">\n\t\t\t\t\t<div class=\"elementor-column elementor-col-100 elementor-top-column elementor-element elementor-element-e5718a7\" data-id=\"e5718a7\" data-element_type=\"column\">\n\t\t\t<div class=\"elementor-widget-wrap elementor-element-populated\">\n\t\t\t\t\t\t<div class=\"elementor-element elementor-element-5dc1667 elementor-widget elementor-widget-text-editor\" data-id=\"5dc1667\" data-element_type=\"widget\" data-widget_type=\"text-editor.default\">\n\t\t\t\t<div class=\"elementor-widget-container\">\n\t\t\t\t\t\t\t\t\t<p>Die <a href=\"https:\/\/usa-gv.com\/de\/fragen-zum-esta-formular\/\">Fragen im ESTA-Formular<\/a> sind in vier Rubriken zusammengefasst, die wie folgt lauten:<\/p>\n<ul>\n<li>Informationen aus dem <a href=\"https:\/\/usa-gv.com\/de\/reisepass-fur-die-usa\/\">Reisepass, die den Anforderungen der USA entsprechen<\/a>, und die vollst\u00e4ndige Identit\u00e4t des Antragstellers ;<\/li>\n<li>Informationen \u00fcber die Reise in die Vereinigten Staaten ;<\/li>\n<li>Fragen zur medizinischen und strafrechtlichen Vorgeschichte des Bewerbers ;<\/li>\n<li>Fragen zu seiner m\u00f6glichen Verweigerung eines Visums oder seiner Beteiligung an terroristischen Aktivit\u00e4ten.<\/li>\n<\/ul>\t\t\t\t\t\t\t\t<\/div>\n\t\t\t\t<\/div>\n\t\t\t\t\t<\/div>\n\t\t<\/div>\n\t\t\t\t\t<\/div>\n\t\t<\/section>\n\t\t\t\t<section class=\"elementor-section elementor-top-section elementor-element elementor-element-a0394c2 elementor-section-boxed elementor-section-height-default elementor-section-height-default\" data-id=\"a0394c2\" data-element_type=\"section\">\n\t\t\t\t\t\t<div class=\"elementor-container elementor-column-gap-default\">\n\t\t\t\t\t<div class=\"elementor-column elementor-col-100 elementor-top-column elementor-element elementor-element-28612e6\" data-id=\"28612e6\" data-element_type=\"column\">\n\t\t\t<div class=\"elementor-widget-wrap elementor-element-populated\">\n\t\t\t\t\t\t<div class=\"elementor-element elementor-element-cf95e67 elementor-widget elementor-widget-spacer\" data-id=\"cf95e67\" data-element_type=\"widget\" data-widget_type=\"spacer.default\">\n\t\t\t\t<div class=\"elementor-widget-container\">\n\t\t\t\t\t\t\t<div class=\"elementor-spacer\">\n\t\t\t<div class=\"elementor-spacer-inner\"><\/div>\n\t\t<\/div>\n\t\t\t\t\t\t<\/div>\n\t\t\t\t<\/div>\n\t\t\t\t\t<\/div>\n\t\t<\/div>\n\t\t\t\t\t<\/div>\n\t\t<\/section>\n\t\t\t\t<section class=\"elementor-section elementor-top-section elementor-element elementor-element-650ceda elementor-section-boxed elementor-section-height-default elementor-section-height-default\" data-id=\"650ceda\" data-element_type=\"section\">\n\t\t\t\t\t\t<div class=\"elementor-container elementor-column-gap-default\">\n\t\t\t\t\t<div class=\"elementor-column elementor-col-100 elementor-top-column elementor-element elementor-element-6e9ed8c\" data-id=\"6e9ed8c\" data-element_type=\"column\">\n\t\t\t<div class=\"elementor-widget-wrap elementor-element-populated\">\n\t\t\t\t\t\t<div class=\"elementor-element elementor-element-7f0854e elementor-widget elementor-widget-text-editor\" data-id=\"7f0854e\" data-element_type=\"widget\" data-widget_type=\"text-editor.default\">\n\t\t\t\t<div class=\"elementor-widget-container\">\n\t\t\t\t\t\t\t\t\t<h2>Fristen f\u00fcr die Erteilung einer ESTA-Genehmigung<\/h2>\n<p>Die Bearbeitung des Antrags beginnt, wenn der Antragsteller <a href=\"https:\/\/usa-gv.com\/de\/so-bezahlen-sie-ein-esta\/\">die Geb\u00fchr f\u00fcr das ESTA bezahlt<\/a> hat. Dank der Computerverarbeitung erhalten die meisten Antragsteller innerhalb weniger Minuten eine Antwort.<\/p>\n<p>Die <a href=\"https:\/\/usa-gv.com\/de\/fristen-den-erhalt-esta\/\">Fristen f\u00fcr die Beantragung des ESTA<\/a> k\u00f6nnen in einigen F\u00e4llen l\u00e4nger sein. In einigen F\u00e4llen erfordert die Validierung des Antrags eine menschliche Bearbeitung. Der <a href=\"https:\/\/usa-gv.com\/de\/esta-antrag-steht-noch-aus\/\">ESTA-Status<\/a> in der Warteschleife kann maximal drei Tage dauern, bis Sie eine endg\u00fcltige Antwort erhalten.<\/p>\n<p>Wenn die Genehmigung erteilt wurde, ist das <a href=\"https:\/\/usa-gv.com\/de\/ausdrucken-esta\/\">Ausdrucken der ESTA-Bescheinigung<\/a> nicht erforderlich. Fluggesellschaften k\u00f6nnen die Bordkarte eines Reisenden f\u00fcr die USA nur dann ausdrucken, wenn das ESTA im Computersystem elektronisch validiert wurde.<\/p>\t\t\t\t\t\t\t\t<\/div>\n\t\t\t\t<\/div>\n\t\t\t\t\t<\/div>\n\t\t<\/div>\n\t\t\t\t\t<\/div>\n\t\t<\/section>\n\t\t\t\t<\/div>\n\t\t","protected":false},"excerpt":{"rendered":"<p>Ausf\u00fcllen des ESTA-Formulars Das Antragsformular f\u00fcr eine ESTA-Reisegenehmigung l\u00e4sst sich direkt online ausf\u00fcllen. Das Online-Verfahren ist einfach und schnell. Der Computerprozess erm\u00f6glicht eine sofortige Bearbeitung des Antrags. Wichtiger Hinweis: Im Rahmen des Online-ESTA-Antrags muss der Antragsteller seinen Reisepass hochladen, um seine Identit\u00e4t beim Ausf\u00fcllen des Formulars zu best\u00e4tigen. Die Fragen im ESTA-Formular sind in vier [&hellip;]<\/p>\n","protected":false},"author":1,"featured_media":0,"parent":0,"menu_order":0,"comment_status":"closed","ping_status":"closed","template":"","meta":{"footnotes":""},"class_list":["post-2404","page","type-page","status-publish","hentry"],"yoast_head":"<!-- This site is optimized with the Yoast SEO plugin v26.6 - https:\/\/yoast.com\/wordpress\/plugins\/seo\/ -->\n<title>Online-Formular f\u00fcr den ESTA-Antrag - USA-GV.COM<\/title>\n<meta name=\"description\" content=\"F\u00fcllen Sie das ESTA-Formular online in wenigen Minuten aus und erhalten Sie die Erlaubnis, ohne Visum in die USA zu reisen.\" \/>\n<meta name=\"robots\" content=\"index, follow, max-snippet:-1, max-image-preview:large, max-video-preview:-1\" \/>\n<link rel=\"canonical\" href=\"https:\/\/usa-gv.com\/de\/esta-online-formular\/\" \/>\n<meta property=\"og:locale\" content=\"de_DE\" \/>\n<meta property=\"og:type\" content=\"article\" \/>\n<meta property=\"og:title\" content=\"Online-Formular f\u00fcr den ESTA-Antrag - USA-GV.COM\" \/>\n<meta property=\"og:description\" content=\"F\u00fcllen Sie das ESTA-Formular online in wenigen Minuten aus und erhalten Sie die Erlaubnis, ohne Visum in die USA zu reisen.\" \/>\n<meta property=\"og:url\" content=\"https:\/\/usa-gv.com\/de\/esta-online-formular\/\" \/>\n<meta property=\"og:site_name\" content=\"USA-GV.COM\" \/>\n<meta property=\"article:modified_time\" content=\"2025-02-25T11:50:24+00:00\" \/>\n<meta name=\"twitter:card\" content=\"summary_large_image\" \/>\n<meta name=\"twitter:label1\" content=\"Gesch\u00e4tzte Lesezeit\" \/>\n\t<meta name=\"twitter:data1\" content=\"1\u00a0Minute\" \/>\n<script type=\"application\/ld+json\" class=\"yoast-schema-graph\">{\"@context\":\"https:\/\/schema.org\",\"@graph\":[{\"@type\":\"WebPage\",\"@id\":\"https:\/\/usa-gv.com\/de\/esta-online-formular\/\",\"url\":\"https:\/\/usa-gv.com\/de\/esta-online-formular\/\",\"name\":\"Online-Formular f\u00fcr den ESTA-Antrag - USA-GV.COM\",\"isPartOf\":{\"@id\":\"https:\/\/usa-gv.com\/de\/#website\"},\"datePublished\":\"2024-03-11T21:27:16+00:00\",\"dateModified\":\"2025-02-25T11:50:24+00:00\",\"description\":\"F\u00fcllen Sie das ESTA-Formular online in wenigen Minuten aus und erhalten Sie die Erlaubnis, ohne Visum in die USA zu reisen.\",\"breadcrumb\":{\"@id\":\"https:\/\/usa-gv.com\/de\/esta-online-formular\/#breadcrumb\"},\"inLanguage\":\"de\",\"potentialAction\":[{\"@type\":\"ReadAction\",\"target\":[\"https:\/\/usa-gv.com\/de\/esta-online-formular\/\"]}]},{\"@type\":\"BreadcrumbList\",\"@id\":\"https:\/\/usa-gv.com\/de\/esta-online-formular\/#breadcrumb\",\"itemListElement\":[{\"@type\":\"ListItem\",\"position\":1,\"name\":\"Home\",\"item\":\"https:\/\/usa-gv.com\/de\/usa-reisefuehrer\/\"},{\"@type\":\"ListItem\",\"position\":2,\"name\":\"Online-Formular f\u00fcr den ESTA-Antrag\"}]},{\"@type\":\"WebSite\",\"@id\":\"https:\/\/usa-gv.com\/de\/#website\",\"url\":\"https:\/\/usa-gv.com\/de\/\",\"name\":\"USA-GV.COM\",\"description\":\"\",\"potentialAction\":[{\"@type\":\"SearchAction\",\"target\":{\"@type\":\"EntryPoint\",\"urlTemplate\":\"https:\/\/usa-gv.com\/de\/?s={search_term_string}\"},\"query-input\":{\"@type\":\"PropertyValueSpecification\",\"valueRequired\":true,\"valueName\":\"search_term_string\"}}],\"inLanguage\":\"de\"}]}<\/script>\n<!-- \/ Yoast SEO plugin. -->","yoast_head_json":{"title":"Online-Formular f\u00fcr den ESTA-Antrag - USA-GV.COM","description":"F\u00fcllen Sie das ESTA-Formular online in wenigen Minuten aus und erhalten Sie die Erlaubnis, ohne Visum in die USA zu reisen.","robots":{"index":"index","follow":"follow","max-snippet":"max-snippet:-1","max-image-preview":"max-image-preview:large","max-video-preview":"max-video-preview:-1"},"canonical":"https:\/\/usa-gv.com\/de\/esta-online-formular\/","og_locale":"de_DE","og_type":"article","og_title":"Online-Formular f\u00fcr den ESTA-Antrag - USA-GV.COM","og_description":"F\u00fcllen Sie das ESTA-Formular online in wenigen Minuten aus und erhalten Sie die Erlaubnis, ohne Visum in die USA zu reisen.","og_url":"https:\/\/usa-gv.com\/de\/esta-online-formular\/","og_site_name":"USA-GV.COM","article_modified_time":"2025-02-25T11:50:24+00:00","twitter_card":"summary_large_image","twitter_misc":{"Gesch\u00e4tzte Lesezeit":"1\u00a0Minute"},"schema":{"@context":"https:\/\/schema.org","@graph":[{"@type":"WebPage","@id":"https:\/\/usa-gv.com\/de\/esta-online-formular\/","url":"https:\/\/usa-gv.com\/de\/esta-online-formular\/","name":"Online-Formular f\u00fcr den ESTA-Antrag - USA-GV.COM","isPartOf":{"@id":"https:\/\/usa-gv.com\/de\/#website"},"datePublished":"2024-03-11T21:27:16+00:00","dateModified":"2025-02-25T11:50:24+00:00","description":"F\u00fcllen Sie das ESTA-Formular online in wenigen Minuten aus und erhalten Sie die Erlaubnis, ohne Visum in die USA zu reisen.","breadcrumb":{"@id":"https:\/\/usa-gv.com\/de\/esta-online-formular\/#breadcrumb"},"inLanguage":"de","potentialAction":[{"@type":"ReadAction","target":["https:\/\/usa-gv.com\/de\/esta-online-formular\/"]}]},{"@type":"BreadcrumbList","@id":"https:\/\/usa-gv.com\/de\/esta-online-formular\/#breadcrumb","itemListElement":[{"@type":"ListItem","position":1,"name":"Home","item":"https:\/\/usa-gv.com\/de\/usa-reisefuehrer\/"},{"@type":"ListItem","position":2,"name":"Online-Formular f\u00fcr den ESTA-Antrag"}]},{"@type":"WebSite","@id":"https:\/\/usa-gv.com\/de\/#website","url":"https:\/\/usa-gv.com\/de\/","name":"USA-GV.COM","description":"","potentialAction":[{"@type":"SearchAction","target":{"@type":"EntryPoint","urlTemplate":"https:\/\/usa-gv.com\/de\/?s={search_term_string}"},"query-input":{"@type":"PropertyValueSpecification","valueRequired":true,"valueName":"search_term_string"}}],"inLanguage":"de"}]}},"_links":{"self":[{"href":"https:\/\/usa-gv.com\/de\/wp-json\/wp\/v2\/pages\/2404","targetHints":{"allow":["GET"]}}],"collection":[{"href":"https:\/\/usa-gv.com\/de\/wp-json\/wp\/v2\/pages"}],"about":[{"href":"https:\/\/usa-gv.com\/de\/wp-json\/wp\/v2\/types\/page"}],"author":[{"embeddable":true,"href":"https:\/\/usa-gv.com\/de\/wp-json\/wp\/v2\/users\/1"}],"replies":[{"embeddable":true,"href":"https:\/\/usa-gv.com\/de\/wp-json\/wp\/v2\/comments?post=2404"}],"version-history":[{"count":2,"href":"https:\/\/usa-gv.com\/de\/wp-json\/wp\/v2\/pages\/2404\/revisions"}],"predecessor-version":[{"id":7392,"href":"https:\/\/usa-gv.com\/de\/wp-json\/wp\/v2\/pages\/2404\/revisions\/7392"}],"wp:attachment":[{"href":"https:\/\/usa-gv.com\/de\/wp-json\/wp\/v2\/media?parent=2404"}],"curies":[{"name":"wp","href":"https:\/\/api.w.org\/{rel}","templated":true}]}}