{"id":2335,"date":"2020-01-31T17:54:31","date_gmt":"2020-01-31T17:54:31","guid":{"rendered":"https:\/\/usa-gv.com\/esta\/"},"modified":"2025-02-25T11:50:15","modified_gmt":"2025-02-25T11:50:15","slug":"formalitaten-usa","status":"publish","type":"page","link":"https:\/\/usa-gv.com\/de\/formalitaten-usa\/","title":{"rendered":"Reiseformalit\u00e4ten f\u00fcr die USA"},"content":{"rendered":"\n<h1 class=\"wp-block-heading\">Vorl\u00e4ufige Formalit\u00e4ten f\u00fcr die Einreise in die USA<\/h1>\n\n<p>Das US-Ministerium f\u00fcr Heimatschutz hat ein Computersystem eingerichtet, um die nationale Sicherheit zu erh\u00f6hen und Kurzaufenthalte von Ausl\u00e4ndern zu erleichtern.\nDiese Plattform erm\u00f6glicht es, die Risiken von Reisenden vor ihrer Ankunft in den USA zu bewerten.\nReisende f\u00fcllen vor ihrer Abreise einen Online-Antrag aus, um ein Electronic System for Travel Authorization (ESTA) zu erhalten.    <\/p>\n\n<p><strong>Eine ESTA-Genehmigung kann innerhalb weniger Minuten<\/strong> beantragt werden, indem Sie das <a href=\"https:\/\/usa-gv.com\/de\/esta-online-formular\/\">ESTA-Formular online<\/a> ausf\u00fcllen.<\/p>\n\n<div style=\"height:10px\" aria-hidden=\"true\" class=\"wp-block-spacer\"><\/div>\n\n<p>Die USA haben dieses <a href=\"https:\/\/usa-gv.com\/de\/was-ist-eine-esta-genehmigung\/\">System der vorherigen Reisegenehmigung<\/a> aus drei Hauptgr\u00fcnden eingef\u00fchrt:<\/p>\n\n<ol class=\"wp-block-list\">\n<li><strong>Zur St\u00e4rkung der nationalen Sicherheit<\/strong>: Mit dem ESTA k\u00f6nnen die US-Beh\u00f6rden Reisende, die ohne Visum in die USA reisen, besser kontrollieren und \u00fcberwachen, indem sie pers\u00f6nliche Daten abfragen und vor der Einreise Sicherheits\u00fcberpr\u00fcfungen durchf\u00fchren.<\/li>\n\n\n\n<li><strong>Reiseerleichterung<\/strong>: F\u00fcr Reisende aus berechtigten L\u00e4ndern vereinfacht ESTA das Antragsverfahren im Vergleich zu einem herk\u00f6mmlichen Visum.\nDies erleichtert Reisen in die USA zu touristischen oder gesch\u00e4ftlichen Zwecken sowie Kurzaufenthalte. <\/li>\n\n\n\n<li><strong>Zur Verringerung der papierbasierten Bearbeitung<\/strong>: Durch die Automatisierung eines Teils des \u00dcberpr\u00fcfungs- und Antragsverfahrens verringert ESTA den Verwaltungsaufwand f\u00fcr Reisende und die zust\u00e4ndigen Einwanderungsbeh\u00f6rden.<\/li>\n<\/ol>\n\n<p>Besuchen Sie unsere Seite, um zu verstehen, <a href=\"https:\/\/usa-gv.com\/de\/esta-dienstprogramm\/\">wozu ESTA dient<\/a>.  <\/p>\n\n<div style=\"height:10px\" aria-hidden=\"true\" class=\"wp-block-spacer\"><\/div>\n\n<h2 class=\"wp-block-heading\">ESTA im Rahmen des amerikanischen Programms f\u00fcr visumfreies Reisen (Visa Waiver Program)<\/h2>\n\n<p>Die Einf\u00fchrung von ESTA ist Teil des <a href=\"https:\/\/usa-gv.com\/de\/visa-waiver-program-usa\/\">Visa Waiver Program<\/a>. Dieses US-amerikanische Programm f\u00fcr visumfreies Reisen erm\u00f6glicht es Staatsangeh\u00f6rigen bestimmter L\u00e4nder, ohne Visum in die USA zu reisen, wenn sie sich dort als Touristen, Gesch\u00e4ftsreisende oder f\u00fcr kurze Aufenthalte zur Durchreise aufhalten. Die Mitgliedsl\u00e4nder des Visa Waiver Program arbeiten bei der Terrorismusbek\u00e4mpfung effektiv mit den Vereinigten Staaten zusammen. Sie verst\u00e4rken die Grenzkontrollen und erm\u00f6glichen die Durchsetzung der US-amerikanischen Gesetze zur nationalen Sicherheit.<\/p>\n\n<h2 class=\"wp-block-heading\">Einen Antrag auf ESTA-Genehmigung stellen<\/h2>\n\n<p>Nicht alle Reisenden k\u00f6nnen <a href=\"https:\/\/usa-gv.com\/de\/so-erhalten-sie-esta\/\">ein ESTA erhalten<\/a>. Reisende, die einen Antrag stellen m\u00f6chten, m\u00fcssen zun\u00e4chst pr\u00fcfen, ob sie die <a href=\"https:\/\/usa-gv.com\/de\/teilnahmebedingungen-fur-esta\/\">ESTA-Anforderungen<\/a> erf\u00fcllen. Anhand dieser Bedingungen wird festgelegt, welche Staatsangeh\u00f6rigen der VWP-Mitgliedsl\u00e4nder f\u00fcr einen Aufenthalt von weniger als 90 Tagen in die USA reisen d\u00fcrfen, ohne ein herk\u00f6mmliches Visum zu ben\u00f6tigen.  <\/p>\n\n<p>Mit einer ESTA-Genehmigung k\u00f6nnen Sie als Tourist oder Gesch\u00e4ftsreisender in die Vereinigten Staaten reisen. Auch ein <a href=\"https:\/\/usa-gv.com\/de\/esta-transit-usa\/\">Transit durch die USA ist mit einer ESTA<\/a> m\u00f6glich. Alle Reisenden ben\u00f6tigen eine pers\u00f6nliche Genehmigung f\u00fcr die Reise. Die Eltern m\u00fcssen f\u00fcr jedes Kind, unabh\u00e4ngig vom Alter, einen <a href=\"https:\/\/usa-gv.com\/de\/esta-fur-minderjahrige\/\">ESTA-Antrag f\u00fcr Minderj\u00e4hrige<\/a> stellen.    <\/p>\n\n<p>Um <a href=\"https:\/\/usa-gv.com\/de\/so-beantragen-sie-esta\/\">einen ESTA-Antrag zu stellen<\/a>, muss sich der Antragsteller auf der <a href=\"https:\/\/usa-gv.com\/de\/offizielle-esta-website\/\">offiziellen ESTA-Online-Website<\/a> anmelden und <a href=\"https:\/\/usa-gv.com\/de\/fullen-sie-das-esta-formular-online-aus\/\">das ESTA-Formular ausf\u00fcllen<\/a>. Der Online-Prozess dauert nur wenige Minuten, wenn der Antragsteller \u00fcber alle seine Reisedaten verf\u00fcgt. Die <a href=\"https:\/\/usa-gv.com\/de\/fragen-zum-esta-formular\/\">Fragen im ESTA-Formular<\/a> sind in vier verschiedene Kategorien unterteilt: <\/p>\n\n<ul class=\"wp-block-list\">\n<li>Identit\u00e4ts- und <a href=\"https:\/\/usa-gv.com\/de\/reisepass-fur-die-usa\/\">Passinformationen f\u00fcr die USA<\/a>;<\/li>\n\n\n\n<li>Reiseinformationen ;<\/li>\n\n\n\n<li>Fragen zur medizinischen und strafrechtlichen Vorgeschichte<\/li>\n\n\n\n<li>Und Fragen \u00fcber die m\u00f6gliche Beteiligung an terroristischen Aktivit\u00e4ten.<\/li>\n<\/ul>\n\n<div style=\"height:10px\" aria-hidden=\"true\" class=\"wp-block-spacer\"><\/div>\n\n<p>Es ist wichtig, dass Sie alle Fragen im ESTA-Formular genau und wahrheitsgem\u00e4\u00df beantworten. Falsche Angaben k\u00f6nnen zur <a href=\"https:\/\/usa-gv.com\/de\/esta-antrag-abgelehnt\/\">Ablehnung des ESTA-Formulars<\/a> und sogar zu einem Reiseverbot in die USA f\u00fchren. <\/p>\n\n<h2 class=\"wp-block-heading\">Erhalt der ESTA-Genehmigung f\u00fcr Reisen in die USA<\/h2>\n\n<p>Um den Antrag abzuschlie\u00dfen, muss der Antragsteller <a href=\"https:\/\/usa-gv.com\/de\/so-bezahlen-sie-ein-esta\/\">f\u00fcr das ESTA bezahlen<\/a>. Trotz der weit verbreiteten Meinung einiger Reisender gibt es kein<a href=\"https:\/\/usa-gv.com\/de\/kostenloses-esta\/\">kostenloses ESTA<\/a>. In den letzten Jahren ist der <a href=\"https:\/\/usa-gv.com\/de\/us-esta-preis\/\">Preis f\u00fcr ESTA<\/a> gestiegen, um die Verwaltungskosten zu decken, die der US-Regierung durch die Verwaltung des Programms entstehen. Die Zahlung l\u00f6st die automatische Bearbeitung des ESTA-Antrags aus. In den meisten F\u00e4llen erh\u00e4lt der Bewerber die Antwort innerhalb weniger Minuten per E-Mail.<\/p>\n\n<p>Bei einigen Antr\u00e4gen ist der <a href=\"https:\/\/usa-gv.com\/de\/esta-antrag-steht-noch-aus\/\">ESTA-Status in der Warteschleife<\/a>. Das bedeutet, dass die Bearbeitung l\u00e4nger dauern wird, aber es bedeutet nicht, dass der Antrag abgelehnt wird. <a href=\"https:\/\/www.usembassy.gov\/\">Die US-Beh\u00f6rde<\/a> verpflichtet sich, eine <a href=\"https:\/\/usa-gv.com\/de\/fristen-den-erhalt-esta\/\">ESTA-Frist<\/a> von maximal drei Tagen einzuhalten, um ihre Antwort zu geben.<\/p>\n\n<p>Sobald die Genehmigung akzeptiert wurde, kann der Reisende innerhalb der <a href=\"https:\/\/usa-gv.com\/de\/esta-gultigkeitsdauer\/\">G\u00fcltigkeitsdauer des ESTA<\/a> mehrere Aufenthalte von bis zu 90 Tagen in den Vereinigten Staaten absolvieren.<\/p>\n\n<h2 class=\"wp-block-heading\">Mit einer ESTA-Genehmigung in die USA abheben<\/h2>\n\n<p>Ein ausl\u00e4ndischer Staatsangeh\u00f6riger, der im Besitz einer g\u00fcltigen ESTA-Genehmigung ist, kann in die Vereinigten Staaten einreisen. Der Reisende muss im Besitz der <a href=\"https:\/\/usa-gv.com\/de\/reisedokumente-fur-die-usa\/\">f\u00fcr die USA erforderlichen Reisedokumente<\/a> sein. Es ist nicht notwendig, <a href=\"https:\/\/usa-gv.com\/de\/ausdrucken-esta\/\">das ESTA auszudrucken<\/a>, um sich zum Flughafen zu begeben. Der Status des ESTA kann von den Zollbeamten an den US-Grenzen elektronisch abgefragt werden.   <\/p>\n\n<p>Die <a href=\"https:\/\/usa-gv.com\/de\/esta-visum-usa\/\">ESTA-Genehmigung ist hingegen kein US-Visum<\/a> und garantiert nicht automatisch die Einreise in die USA. Der Inhaber eines ESTA muss die Grenzkontrolle passieren, um in die USA einreisen zu k\u00f6nnen.<\/p>\n\n<h2 class=\"wp-block-heading\">W\u00e4hrend der G\u00fcltigkeitsdauer von ESTA  <\/h2>\n\n<p>Die ESTA-Genehmigung ist maximal 2 Jahre g\u00fcltig. Unter bestimmten Bedingungen wird die G\u00fcltigkeitsdauer verk\u00fcrzt: Wenn z.B. der Reisepass, mit dem das ESTA beantragt wurde, nicht mehr g\u00fcltig ist, ist auch das ESTA nicht mehr g\u00fcltig. Es ist sehr einfach, den <a href=\"https:\/\/usa-gv.com\/de\/uberprufen-sie-die-esta-gultigkeit\/\">ESTA-Status<\/a> online auf der <a href=\"https:\/\/usa-gv.com\/de\/offizielle-esta-website\/\">offiziellen ESTA-Website<\/a> zu \u00fcberpr\u00fcfen.   <\/p>\n\n<p>Unter bestimmten Bedingungen kann ein Reisender auch <a href=\"https:\/\/usa-gv.com\/de\/esta-bearbeiten\/\">sein ESTA \u00e4ndern<\/a> Die <a href=\"https:\/\/usa-gv.com\/de\/esta-update\/\">Aktualisierung des ESTA<\/a> kann ganz einfach online durchgef\u00fchrt werden. Sie stellt sicher, dass die pers\u00f6nlichen Informationen, die bei der Beantragung des ESTA angegeben wurden, noch g\u00fcltig sind.<\/p>\n\n<p>Bei einer \u00c4nderung des Reisepasses oder der Identit\u00e4tsdaten kann der Reisende nicht einfach eine Online-\u00c4nderung der Daten vornehmen. Der Reisende muss <a href=\"https:\/\/usa-gv.com\/de\/esta-erneuerung\/\">sein ESTA erneuern<\/a>. <\/p>\n\n<p>Mit einer ESTA-Genehmigung k\u00f6nnen Sie in alle Staaten der Vereinigten Staaten reisen. Die am h\u00e4ufigsten beantragte Reisegenehmigung f\u00fcr die USA ist ein <a href=\"https:\/\/usa-gv.com\/de\/esta-new-york\/\">ESTA f\u00fcr New York<\/a>. Wenn Touristen die Westk\u00fcste der USA erkunden m\u00f6chten, beantragen sie ein <a href=\"https:\/\/usa-gv.com\/de\/esta-los-angeles\/\">ESTA f\u00fcr Los Angeles<\/a>. F\u00fcr die Westk\u00fcste der USA beantragen viele Touristen ein <a href=\"https:\/\/usa-gv.com\/de\/esta-miami\/\">ESTA f\u00fcr Miami<\/a>. Um die Hauptstadt der Vereinigten Staaten zu entdecken, beantragen ausl\u00e4ndische Besucher ein <a href=\"https:\/\/usa-gv.com\/de\/esta-washington\/\">ESTA f\u00fcr Washington<\/a>.    <\/p>\n\n<p><strong>In Bezug auf die US-Grenzl\u00e4nder<\/strong>: Um die US-Grenze im Norden der Vereinigten Staaten zu \u00fcberqueren, m\u00fcssen ausl\u00e4ndische Reisende vorab ein sogenanntes <a href=\"https:\/\/usa-gv.com\/de\/esta-kanada\/\">ESTA Kanada<\/a> beantragen. Dabei handelt es sich im Grunde um eine elektronische Reisegenehmigung eTA Kanada, \u00e4hnlich wie ESTA f\u00fcr die USA, die f\u00fcr die Einreise nach Kanada ohne Visum erforderlich ist.<\/p>\n\n<h2 class=\"wp-block-heading\">Bild der Website, um ein ESTA f\u00fcr Reisen in die USA zu erhalten<\/h2>\n\n<p>Hier ist ein Screenshot der Website des US-Ministeriums f\u00fcr Heimatschutz, auf der Sie eine ESTA-Reisebescheinigung f\u00fcr die USA beantragen k\u00f6nnen:<\/p>\n\n<figure class=\"wp-block-image aligncenter size-large\"><img decoding=\"async\" src=\"https:\/\/usa-gv.com\/wp-content\/uploads\/2024\/04\/esta-DE-1024x901.jpg\" alt=\"Offizielle ESTA-Website f&#xFC;r die USA\" class=\"wp-image-3279\"\/><figcaption class=\"wp-element-caption\">Website zur Beantragung einer ESTA-Genehmigung<\/figcaption><\/figure>\n","protected":false},"excerpt":{"rendered":"<p>Vorl\u00e4ufige Formalit\u00e4ten f\u00fcr die Einreise in die USA Das US-Ministerium f\u00fcr Heimatschutz hat ein Computersystem eingerichtet, um die nationale Sicherheit zu erh\u00f6hen und Kurzaufenthalte von Ausl\u00e4ndern zu erleichtern. Diese Plattform erm\u00f6glicht es, die Risiken von Reisenden vor ihrer Ankunft in den USA zu bewerten. Reisende f\u00fcllen vor ihrer Abreise einen Online-Antrag aus, um ein Electronic [&hellip;]<\/p>\n","protected":false},"author":1,"featured_media":0,"parent":0,"menu_order":0,"comment_status":"closed","ping_status":"closed","template":"","meta":{"footnotes":""},"class_list":["post-2335","page","type-page","status-publish","hentry"],"yoast_head":"<!-- This site is optimized with the Yoast SEO plugin v26.6 - https:\/\/yoast.com\/wordpress\/plugins\/seo\/ -->\n<title>Reiseformalit\u00e4ten f\u00fcr die USA - USA-GV.COM<\/title>\n<meta name=\"description\" content=\"Eine elektronische ESTA-Genehmigung erm\u00f6glicht es bestimmten berechtigten Reisenden, sich ohne Visum in den Vereinigten Staaten aufzuhalten.\" \/>\n<meta name=\"robots\" content=\"index, follow, max-snippet:-1, max-image-preview:large, max-video-preview:-1\" \/>\n<link rel=\"canonical\" href=\"https:\/\/usa-gv.com\/de\/formalitaten-usa\/\" \/>\n<meta property=\"og:locale\" content=\"de_DE\" \/>\n<meta property=\"og:type\" content=\"article\" \/>\n<meta property=\"og:title\" content=\"Reiseformalit\u00e4ten f\u00fcr die USA - USA-GV.COM\" \/>\n<meta property=\"og:description\" content=\"Eine elektronische ESTA-Genehmigung erm\u00f6glicht es bestimmten berechtigten Reisenden, sich ohne Visum in den Vereinigten Staaten aufzuhalten.\" \/>\n<meta property=\"og:url\" content=\"https:\/\/usa-gv.com\/de\/formalitaten-usa\/\" \/>\n<meta property=\"og:site_name\" content=\"USA-GV.COM\" \/>\n<meta property=\"article:modified_time\" content=\"2025-02-25T11:50:15+00:00\" \/>\n<meta property=\"og:image\" content=\"https:\/\/usa-gv.com\/wp-content\/uploads\/2024\/04\/esta-DE-1024x901.jpg\" \/>\n<meta name=\"twitter:card\" content=\"summary_large_image\" \/>\n<meta name=\"twitter:label1\" content=\"Gesch\u00e4tzte Lesezeit\" \/>\n\t<meta name=\"twitter:data1\" content=\"5\u00a0Minuten\" \/>\n<script type=\"application\/ld+json\" class=\"yoast-schema-graph\">{\"@context\":\"https:\/\/schema.org\",\"@graph\":[{\"@type\":\"WebPage\",\"@id\":\"https:\/\/usa-gv.com\/de\/formalitaten-usa\/\",\"url\":\"https:\/\/usa-gv.com\/de\/formalitaten-usa\/\",\"name\":\"Reiseformalit\u00e4ten f\u00fcr die USA - USA-GV.COM\",\"isPartOf\":{\"@id\":\"https:\/\/usa-gv.com\/de\/#website\"},\"primaryImageOfPage\":{\"@id\":\"https:\/\/usa-gv.com\/de\/formalitaten-usa\/#primaryimage\"},\"image\":{\"@id\":\"https:\/\/usa-gv.com\/de\/formalitaten-usa\/#primaryimage\"},\"thumbnailUrl\":\"https:\/\/usa-gv.com\/wp-content\/uploads\/2024\/04\/esta-DE-1024x901.jpg\",\"datePublished\":\"2020-01-31T17:54:31+00:00\",\"dateModified\":\"2025-02-25T11:50:15+00:00\",\"description\":\"Eine elektronische ESTA-Genehmigung erm\u00f6glicht es bestimmten berechtigten Reisenden, sich ohne Visum in den Vereinigten Staaten aufzuhalten.\",\"breadcrumb\":{\"@id\":\"https:\/\/usa-gv.com\/de\/formalitaten-usa\/#breadcrumb\"},\"inLanguage\":\"de\",\"potentialAction\":[{\"@type\":\"ReadAction\",\"target\":[\"https:\/\/usa-gv.com\/de\/formalitaten-usa\/\"]}]},{\"@type\":\"ImageObject\",\"inLanguage\":\"de\",\"@id\":\"https:\/\/usa-gv.com\/de\/formalitaten-usa\/#primaryimage\",\"url\":\"https:\/\/usa-gv.com\/wp-content\/uploads\/2024\/04\/esta-DE-1024x901.jpg\",\"contentUrl\":\"https:\/\/usa-gv.com\/wp-content\/uploads\/2024\/04\/esta-DE-1024x901.jpg\"},{\"@type\":\"BreadcrumbList\",\"@id\":\"https:\/\/usa-gv.com\/de\/formalitaten-usa\/#breadcrumb\",\"itemListElement\":[{\"@type\":\"ListItem\",\"position\":1,\"name\":\"Home\",\"item\":\"https:\/\/usa-gv.com\/de\/usa-reisefuehrer\/\"},{\"@type\":\"ListItem\",\"position\":2,\"name\":\"Reiseformalit\u00e4ten f\u00fcr die USA\"}]},{\"@type\":\"WebSite\",\"@id\":\"https:\/\/usa-gv.com\/de\/#website\",\"url\":\"https:\/\/usa-gv.com\/de\/\",\"name\":\"USA-GV.COM\",\"description\":\"\",\"potentialAction\":[{\"@type\":\"SearchAction\",\"target\":{\"@type\":\"EntryPoint\",\"urlTemplate\":\"https:\/\/usa-gv.com\/de\/?s={search_term_string}\"},\"query-input\":{\"@type\":\"PropertyValueSpecification\",\"valueRequired\":true,\"valueName\":\"search_term_string\"}}],\"inLanguage\":\"de\"}]}<\/script>\n<!-- \/ Yoast SEO plugin. -->","yoast_head_json":{"title":"Reiseformalit\u00e4ten f\u00fcr die USA - USA-GV.COM","description":"Eine elektronische ESTA-Genehmigung erm\u00f6glicht es bestimmten berechtigten Reisenden, sich ohne Visum in den Vereinigten Staaten aufzuhalten.","robots":{"index":"index","follow":"follow","max-snippet":"max-snippet:-1","max-image-preview":"max-image-preview:large","max-video-preview":"max-video-preview:-1"},"canonical":"https:\/\/usa-gv.com\/de\/formalitaten-usa\/","og_locale":"de_DE","og_type":"article","og_title":"Reiseformalit\u00e4ten f\u00fcr die USA - USA-GV.COM","og_description":"Eine elektronische ESTA-Genehmigung erm\u00f6glicht es bestimmten berechtigten Reisenden, sich ohne Visum in den Vereinigten Staaten aufzuhalten.","og_url":"https:\/\/usa-gv.com\/de\/formalitaten-usa\/","og_site_name":"USA-GV.COM","article_modified_time":"2025-02-25T11:50:15+00:00","og_image":[{"url":"https:\/\/usa-gv.com\/wp-content\/uploads\/2024\/04\/esta-DE-1024x901.jpg","type":"","width":"","height":""}],"twitter_card":"summary_large_image","twitter_misc":{"Gesch\u00e4tzte Lesezeit":"5\u00a0Minuten"},"schema":{"@context":"https:\/\/schema.org","@graph":[{"@type":"WebPage","@id":"https:\/\/usa-gv.com\/de\/formalitaten-usa\/","url":"https:\/\/usa-gv.com\/de\/formalitaten-usa\/","name":"Reiseformalit\u00e4ten f\u00fcr die USA - USA-GV.COM","isPartOf":{"@id":"https:\/\/usa-gv.com\/de\/#website"},"primaryImageOfPage":{"@id":"https:\/\/usa-gv.com\/de\/formalitaten-usa\/#primaryimage"},"image":{"@id":"https:\/\/usa-gv.com\/de\/formalitaten-usa\/#primaryimage"},"thumbnailUrl":"https:\/\/usa-gv.com\/wp-content\/uploads\/2024\/04\/esta-DE-1024x901.jpg","datePublished":"2020-01-31T17:54:31+00:00","dateModified":"2025-02-25T11:50:15+00:00","description":"Eine elektronische ESTA-Genehmigung erm\u00f6glicht es bestimmten berechtigten Reisenden, sich ohne Visum in den Vereinigten Staaten aufzuhalten.","breadcrumb":{"@id":"https:\/\/usa-gv.com\/de\/formalitaten-usa\/#breadcrumb"},"inLanguage":"de","potentialAction":[{"@type":"ReadAction","target":["https:\/\/usa-gv.com\/de\/formalitaten-usa\/"]}]},{"@type":"ImageObject","inLanguage":"de","@id":"https:\/\/usa-gv.com\/de\/formalitaten-usa\/#primaryimage","url":"https:\/\/usa-gv.com\/wp-content\/uploads\/2024\/04\/esta-DE-1024x901.jpg","contentUrl":"https:\/\/usa-gv.com\/wp-content\/uploads\/2024\/04\/esta-DE-1024x901.jpg"},{"@type":"BreadcrumbList","@id":"https:\/\/usa-gv.com\/de\/formalitaten-usa\/#breadcrumb","itemListElement":[{"@type":"ListItem","position":1,"name":"Home","item":"https:\/\/usa-gv.com\/de\/usa-reisefuehrer\/"},{"@type":"ListItem","position":2,"name":"Reiseformalit\u00e4ten f\u00fcr die USA"}]},{"@type":"WebSite","@id":"https:\/\/usa-gv.com\/de\/#website","url":"https:\/\/usa-gv.com\/de\/","name":"USA-GV.COM","description":"","potentialAction":[{"@type":"SearchAction","target":{"@type":"EntryPoint","urlTemplate":"https:\/\/usa-gv.com\/de\/?s={search_term_string}"},"query-input":{"@type":"PropertyValueSpecification","valueRequired":true,"valueName":"search_term_string"}}],"inLanguage":"de"}]}},"_links":{"self":[{"href":"https:\/\/usa-gv.com\/de\/wp-json\/wp\/v2\/pages\/2335","targetHints":{"allow":["GET"]}}],"collection":[{"href":"https:\/\/usa-gv.com\/de\/wp-json\/wp\/v2\/pages"}],"about":[{"href":"https:\/\/usa-gv.com\/de\/wp-json\/wp\/v2\/types\/page"}],"author":[{"embeddable":true,"href":"https:\/\/usa-gv.com\/de\/wp-json\/wp\/v2\/users\/1"}],"replies":[{"embeddable":true,"href":"https:\/\/usa-gv.com\/de\/wp-json\/wp\/v2\/comments?post=2335"}],"version-history":[{"count":2,"href":"https:\/\/usa-gv.com\/de\/wp-json\/wp\/v2\/pages\/2335\/revisions"}],"predecessor-version":[{"id":6106,"href":"https:\/\/usa-gv.com\/de\/wp-json\/wp\/v2\/pages\/2335\/revisions\/6106"}],"wp:attachment":[{"href":"https:\/\/usa-gv.com\/de\/wp-json\/wp\/v2\/media?parent=2335"}],"curies":[{"name":"wp","href":"https:\/\/api.w.org\/{rel}","templated":true}]}}