{"id":2284,"date":"2024-03-11T21:56:28","date_gmt":"2024-03-11T21:56:28","guid":{"rendered":"https:\/\/usa-gv.com\/datenschutzrichtlinie\/"},"modified":"2025-02-25T11:52:34","modified_gmt":"2025-02-25T11:52:34","slug":"datenschutzrichtlinie","status":"publish","type":"page","link":"https:\/\/usa-gv.com\/de\/datenschutzrichtlinie\/","title":{"rendered":"Datenschutzrichtlinie"},"content":{"rendered":"\n<h1 class=\"wp-block-heading\">Datenschutzrichtlinie<\/h1>\n\n<p>Wir sind eine Informationsseite \u00fcber die Formalit\u00e4ten zur Erlangung der elektronischen Reisegenehmigung f\u00fcr die USA. Die Seite bietet keine Online-Dienste an. Das einzige Formular auf der Website ist das <a href=\"https:\/\/usa-gv.com\/de\/contact\/\">Kontaktformular<\/a>.<\/p>\n\n<h2 class=\"wp-block-heading\">Das Sammeln von Informationen auf der Seite<\/h2>\n\n<p>Dies sind die einzigen pers\u00f6nlichen Informationen, die auf unserer Seite gesammelt werden k\u00f6nnen: Die Informationen Ihres Computers, also Ihre IP-Adresse, Ihr Browser, Ihr Betriebssystem.<\/p>\n\n<h2 class=\"wp-block-heading\">Verwendung der gesammelten Daten<\/h2>\n\n<p>Wir geben Ihre pers\u00f6nlichen Informationen unter keinen Umst\u00e4nden an Dritte weiter. Wir verwenden die gesammelten Daten nicht f\u00fcr Direktmarketing oder kommerzielle Zwecke.<\/p>\n\n<h2 class=\"wp-block-heading\">Dauer der Speicherung von Daten<\/h2>\n\n<p>Die gesammelten Daten werden regelm\u00e4\u00dfig gel\u00f6scht, das bedeutet, dass wir keine Inhalte von E-Mails, die uns \u00fcbermittelt wurden, l\u00e4nger als einen Monat aufbewahren. Wir verwenden die Browserdaten nicht zu Marketingzwecken.<\/p>\n\n<h2 class=\"wp-block-heading\">Kontext-Links zu Webseiten Dritter<\/h2>\n\n<p>Unsere Website enth\u00e4lt Hyperlinks, die zu Websites Dritter f\u00fchren. Wir haben keine Kontrolle \u00fcber diese Websites und sind nicht f\u00fcr ihre Datenschutzrichtlinien oder ihre Gesch\u00e4fts- oder Marketingpraktiken verantwortlich.<\/p>\n","protected":false},"excerpt":{"rendered":"<p>Datenschutzrichtlinie Wir sind eine Informationsseite \u00fcber die Formalit\u00e4ten zur Erlangung der elektronischen Reisegenehmigung f\u00fcr die USA. Die Seite bietet keine Online-Dienste an. Das einzige Formular auf der Website ist das Kontaktformular. Das Sammeln von Informationen auf der Seite Dies sind die einzigen pers\u00f6nlichen Informationen, die auf unserer Seite gesammelt werden k\u00f6nnen: Die Informationen Ihres Computers, [&hellip;]<\/p>\n","protected":false},"author":1,"featured_media":0,"parent":0,"menu_order":0,"comment_status":"closed","ping_status":"closed","template":"","meta":{"footnotes":""},"class_list":["post-2284","page","type-page","status-publish","hentry"],"yoast_head":"<!-- This site is optimized with the Yoast SEO plugin v26.6 - https:\/\/yoast.com\/wordpress\/plugins\/seo\/ -->\n<title>Datenschutzrichtlinie - USA-GV.COM<\/title>\n<meta name=\"description\" content=\"Dies ist die Datenschutzrichtlinie der Seite in Bezug auf den Schutz der pers\u00f6nlichen Daten der Nutzer.\" \/>\n<meta name=\"robots\" content=\"noindex, nofollow\" \/>\n<meta property=\"og:locale\" content=\"de_DE\" \/>\n<meta property=\"og:type\" content=\"article\" \/>\n<meta property=\"og:title\" content=\"Datenschutzrichtlinie - USA-GV.COM\" \/>\n<meta property=\"og:description\" content=\"Dies ist die Datenschutzrichtlinie der Seite in Bezug auf den Schutz der pers\u00f6nlichen Daten der Nutzer.\" \/>\n<meta property=\"og:url\" content=\"https:\/\/usa-gv.com\/de\/datenschutzrichtlinie\/\" \/>\n<meta property=\"og:site_name\" content=\"USA-GV.COM\" \/>\n<meta property=\"article:modified_time\" content=\"2025-02-25T11:52:34+00:00\" \/>\n<meta name=\"twitter:card\" content=\"summary_large_image\" \/>\n<meta name=\"twitter:label1\" content=\"Gesch\u00e4tzte Lesezeit\" \/>\n\t<meta name=\"twitter:data1\" content=\"1\u00a0Minute\" \/>\n<script type=\"application\/ld+json\" class=\"yoast-schema-graph\">{\"@context\":\"https:\/\/schema.org\",\"@graph\":[{\"@type\":\"WebPage\",\"@id\":\"https:\/\/usa-gv.com\/de\/datenschutzrichtlinie\/\",\"url\":\"https:\/\/usa-gv.com\/de\/datenschutzrichtlinie\/\",\"name\":\"Datenschutzrichtlinie - USA-GV.COM\",\"isPartOf\":{\"@id\":\"https:\/\/usa-gv.com\/de\/#website\"},\"datePublished\":\"2024-03-11T21:56:28+00:00\",\"dateModified\":\"2025-02-25T11:52:34+00:00\",\"description\":\"Dies ist die Datenschutzrichtlinie der Seite in Bezug auf den Schutz der pers\u00f6nlichen Daten der Nutzer.\",\"breadcrumb\":{\"@id\":\"https:\/\/usa-gv.com\/de\/datenschutzrichtlinie\/#breadcrumb\"},\"inLanguage\":\"de\",\"potentialAction\":[{\"@type\":\"ReadAction\",\"target\":[\"https:\/\/usa-gv.com\/de\/datenschutzrichtlinie\/\"]}]},{\"@type\":\"BreadcrumbList\",\"@id\":\"https:\/\/usa-gv.com\/de\/datenschutzrichtlinie\/#breadcrumb\",\"itemListElement\":[{\"@type\":\"ListItem\",\"position\":1,\"name\":\"Home\",\"item\":\"https:\/\/usa-gv.com\/de\/usa-reisefuehrer\/\"},{\"@type\":\"ListItem\",\"position\":2,\"name\":\"Datenschutzrichtlinie\"}]},{\"@type\":\"WebSite\",\"@id\":\"https:\/\/usa-gv.com\/de\/#website\",\"url\":\"https:\/\/usa-gv.com\/de\/\",\"name\":\"USA-GV.COM\",\"description\":\"\",\"potentialAction\":[{\"@type\":\"SearchAction\",\"target\":{\"@type\":\"EntryPoint\",\"urlTemplate\":\"https:\/\/usa-gv.com\/de\/?s={search_term_string}\"},\"query-input\":{\"@type\":\"PropertyValueSpecification\",\"valueRequired\":true,\"valueName\":\"search_term_string\"}}],\"inLanguage\":\"de\"}]}<\/script>\n<!-- \/ Yoast SEO plugin. -->","yoast_head_json":{"title":"Datenschutzrichtlinie - USA-GV.COM","description":"Dies ist die Datenschutzrichtlinie der Seite in Bezug auf den Schutz der pers\u00f6nlichen Daten der Nutzer.","robots":{"index":"noindex","follow":"nofollow"},"og_locale":"de_DE","og_type":"article","og_title":"Datenschutzrichtlinie - USA-GV.COM","og_description":"Dies ist die Datenschutzrichtlinie der Seite in Bezug auf den Schutz der pers\u00f6nlichen Daten der Nutzer.","og_url":"https:\/\/usa-gv.com\/de\/datenschutzrichtlinie\/","og_site_name":"USA-GV.COM","article_modified_time":"2025-02-25T11:52:34+00:00","twitter_card":"summary_large_image","twitter_misc":{"Gesch\u00e4tzte Lesezeit":"1\u00a0Minute"},"schema":{"@context":"https:\/\/schema.org","@graph":[{"@type":"WebPage","@id":"https:\/\/usa-gv.com\/de\/datenschutzrichtlinie\/","url":"https:\/\/usa-gv.com\/de\/datenschutzrichtlinie\/","name":"Datenschutzrichtlinie - USA-GV.COM","isPartOf":{"@id":"https:\/\/usa-gv.com\/de\/#website"},"datePublished":"2024-03-11T21:56:28+00:00","dateModified":"2025-02-25T11:52:34+00:00","description":"Dies ist die Datenschutzrichtlinie der Seite in Bezug auf den Schutz der pers\u00f6nlichen Daten der Nutzer.","breadcrumb":{"@id":"https:\/\/usa-gv.com\/de\/datenschutzrichtlinie\/#breadcrumb"},"inLanguage":"de","potentialAction":[{"@type":"ReadAction","target":["https:\/\/usa-gv.com\/de\/datenschutzrichtlinie\/"]}]},{"@type":"BreadcrumbList","@id":"https:\/\/usa-gv.com\/de\/datenschutzrichtlinie\/#breadcrumb","itemListElement":[{"@type":"ListItem","position":1,"name":"Home","item":"https:\/\/usa-gv.com\/de\/usa-reisefuehrer\/"},{"@type":"ListItem","position":2,"name":"Datenschutzrichtlinie"}]},{"@type":"WebSite","@id":"https:\/\/usa-gv.com\/de\/#website","url":"https:\/\/usa-gv.com\/de\/","name":"USA-GV.COM","description":"","potentialAction":[{"@type":"SearchAction","target":{"@type":"EntryPoint","urlTemplate":"https:\/\/usa-gv.com\/de\/?s={search_term_string}"},"query-input":{"@type":"PropertyValueSpecification","valueRequired":true,"valueName":"search_term_string"}}],"inLanguage":"de"}]}},"_links":{"self":[{"href":"https:\/\/usa-gv.com\/de\/wp-json\/wp\/v2\/pages\/2284","targetHints":{"allow":["GET"]}}],"collection":[{"href":"https:\/\/usa-gv.com\/de\/wp-json\/wp\/v2\/pages"}],"about":[{"href":"https:\/\/usa-gv.com\/de\/wp-json\/wp\/v2\/types\/page"}],"author":[{"embeddable":true,"href":"https:\/\/usa-gv.com\/de\/wp-json\/wp\/v2\/users\/1"}],"replies":[{"embeddable":true,"href":"https:\/\/usa-gv.com\/de\/wp-json\/wp\/v2\/comments?post=2284"}],"version-history":[{"count":1,"href":"https:\/\/usa-gv.com\/de\/wp-json\/wp\/v2\/pages\/2284\/revisions"}],"predecessor-version":[{"id":7157,"href":"https:\/\/usa-gv.com\/de\/wp-json\/wp\/v2\/pages\/2284\/revisions\/7157"}],"wp:attachment":[{"href":"https:\/\/usa-gv.com\/de\/wp-json\/wp\/v2\/media?parent=2284"}],"curies":[{"name":"wp","href":"https:\/\/api.w.org\/{rel}","templated":true}]}}