{"id":2266,"date":"2024-03-11T21:53:12","date_gmt":"2024-03-11T21:53:12","guid":{"rendered":"https:\/\/usa-gv.com\/rechtliche-hinweise\/"},"modified":"2025-02-25T11:52:07","modified_gmt":"2025-02-25T11:52:07","slug":"rechtliche-hinweise","status":"publish","type":"page","link":"https:\/\/usa-gv.com\/de\/rechtliche-hinweise\/","title":{"rendered":"Rechtliche Hinweise der Website"},"content":{"rendered":"\n<h1 class=\"wp-block-heading\">Rechtliche Hinweise der Website<\/h1>\n\n<h2 class=\"wp-block-heading\">Herausgeber der Website<\/h2>\n\n<p>Wir sind ein Online-Informationsf\u00fchrer \u00fcber touristische Aufenthalte in den Vereinigten Staaten, der von der Digitalagentur <a href=\"https:\/\/alma-consulting.org\/\">Alma Consulting<\/a> im Auftrag eines Reiseb\u00fcros nach maltesischem Recht herausgegeben wird. Wir sind in keiner Weise mit der US-Regierung oder einer anderen Regierung verbunden. Wir sind nicht in der Lage, Hilfe zu leisten, wenn Sie auf einer offiziellen oder privaten Website eine Verwaltungsformalit\u00e4t erledigen.\nWir bieten keine Hilfe bei der Beantragung eines ESTA an. <\/p>\n\n<p>Bei Fragen zu Ihrem ESTA-Antrag k\u00f6nnen Sie die Website <a href=\"https:\/\/esta.cbp.dhs.gov\/\">esta.cbp.dhs.gov<\/a> besuchen.<\/p>\n\n<p>Unsere Webseite enth\u00e4lt verschiedene Hyperlinks zu Webseiten Dritter. Wir haben keine Verbindung zu und keine Kontrolle \u00fcber diese Websites und sind nicht f\u00fcr ihre Datenschutzrichtlinien oder Gesch\u00e4ftspraktiken verantwortlich.<\/p>\n\n<p>Der Verantwortliche f\u00fcr die Ver\u00f6ffentlichung der Website usa-gv.com ist Herr Kevin Borg. Um uns zu kontaktieren, m\u00fcssen Sie unser <a href=\"https:\/\/usa-gv.com\/de\/contact\/\">Kontaktformular<\/a> verwenden.<\/p>\n\n<h2 class=\"wp-block-heading\">Hosting der Website<\/h2>\n\n<p>Unsere Website wird bei der Firma OVH mit Sitz in Roubaix, Frankreich, gehostet. OVH ist eine Gesellschaft, die im Gesellschaftsregister von Lille M\u00e9tropole unter der Nummer B424 761 419 eingetragen ist.<\/p>\n\n<h2 class=\"wp-block-heading\">Verarbeitung von pers\u00f6nlichen Daten<\/h2>\n\n<p>Wir sammeln keine pers\u00f6nlichen Daten im Rahmen der Verwaltung der Website. Die einzige Online-Aufzeichnung von pers\u00f6nlichen Informationen des Besuchers betrifft einige wenige Browser-Cookies. Der Besucher hat das Recht, auf diese Daten zuzugreifen, sie zu \u00e4ndern, zu berichtigen und zu l\u00f6schen. Um dieses Recht auszu\u00fcben, kann er sich \u00fcber unser <a href=\"https:\/\/usa-gv.com\/de\/contact\/\">Kontaktformular<\/a> an uns wenden.<\/p>\n\n<p>F\u00fcr eine vollst\u00e4ndige Information \u00fcber unseren Schutz personenbezogener Daten: Sehen Sie sich unsere <a href=\"https:\/\/usa-gv.com\/de\/datenschutzrichtlinie\/\">Datenschutzrichtlinie<\/a> an.<\/p>\n","protected":false},"excerpt":{"rendered":"<p>Rechtliche Hinweise der Website Herausgeber der Website Wir sind ein Online-Informationsf\u00fchrer \u00fcber touristische Aufenthalte in den Vereinigten Staaten, der von der Digitalagentur Alma Consulting im Auftrag eines Reiseb\u00fcros nach maltesischem Recht herausgegeben wird. Wir sind in keiner Weise mit der US-Regierung oder einer anderen Regierung verbunden. Wir sind nicht in der Lage, Hilfe zu leisten, [&hellip;]<\/p>\n","protected":false},"author":1,"featured_media":0,"parent":0,"menu_order":0,"comment_status":"closed","ping_status":"closed","template":"","meta":{"footnotes":""},"class_list":["post-2266","page","type-page","status-publish","hentry"],"yoast_head":"<!-- This site is optimized with the Yoast SEO plugin v26.6 - https:\/\/yoast.com\/wordpress\/plugins\/seo\/ -->\n<title>Rechtliche Hinweise der Website - USA-GV.COM<\/title>\n<meta name=\"description\" content=\"Lesen Sie die rechtlichen Hinweise der Informationsseite. Wir sind eine private Website ohne jegliche Verbindung zur US-Regierung.\" \/>\n<meta name=\"robots\" content=\"noindex, nofollow\" \/>\n<meta property=\"og:locale\" content=\"de_DE\" \/>\n<meta property=\"og:type\" content=\"article\" \/>\n<meta property=\"og:title\" content=\"Rechtliche Hinweise der Website - USA-GV.COM\" \/>\n<meta property=\"og:description\" content=\"Lesen Sie die rechtlichen Hinweise der Informationsseite. Wir sind eine private Website ohne jegliche Verbindung zur US-Regierung.\" \/>\n<meta property=\"og:url\" content=\"https:\/\/usa-gv.com\/de\/rechtliche-hinweise\/\" \/>\n<meta property=\"og:site_name\" content=\"USA-GV.COM\" \/>\n<meta property=\"article:modified_time\" content=\"2025-02-25T11:52:07+00:00\" \/>\n<meta name=\"twitter:card\" content=\"summary_large_image\" \/>\n<meta name=\"twitter:label1\" content=\"Gesch\u00e4tzte Lesezeit\" \/>\n\t<meta name=\"twitter:data1\" content=\"1\u00a0Minute\" \/>\n<script type=\"application\/ld+json\" class=\"yoast-schema-graph\">{\"@context\":\"https:\/\/schema.org\",\"@graph\":[{\"@type\":\"WebPage\",\"@id\":\"https:\/\/usa-gv.com\/de\/rechtliche-hinweise\/\",\"url\":\"https:\/\/usa-gv.com\/de\/rechtliche-hinweise\/\",\"name\":\"Rechtliche Hinweise der Website - USA-GV.COM\",\"isPartOf\":{\"@id\":\"https:\/\/usa-gv.com\/de\/#website\"},\"datePublished\":\"2024-03-11T21:53:12+00:00\",\"dateModified\":\"2025-02-25T11:52:07+00:00\",\"description\":\"Lesen Sie die rechtlichen Hinweise der Informationsseite. Wir sind eine private Website ohne jegliche Verbindung zur US-Regierung.\",\"breadcrumb\":{\"@id\":\"https:\/\/usa-gv.com\/de\/rechtliche-hinweise\/#breadcrumb\"},\"inLanguage\":\"de\",\"potentialAction\":[{\"@type\":\"ReadAction\",\"target\":[\"https:\/\/usa-gv.com\/de\/rechtliche-hinweise\/\"]}]},{\"@type\":\"BreadcrumbList\",\"@id\":\"https:\/\/usa-gv.com\/de\/rechtliche-hinweise\/#breadcrumb\",\"itemListElement\":[{\"@type\":\"ListItem\",\"position\":1,\"name\":\"Home\",\"item\":\"https:\/\/usa-gv.com\/de\/usa-reisefuehrer\/\"},{\"@type\":\"ListItem\",\"position\":2,\"name\":\"Rechtliche Hinweise der Website\"}]},{\"@type\":\"WebSite\",\"@id\":\"https:\/\/usa-gv.com\/de\/#website\",\"url\":\"https:\/\/usa-gv.com\/de\/\",\"name\":\"USA-GV.COM\",\"description\":\"\",\"potentialAction\":[{\"@type\":\"SearchAction\",\"target\":{\"@type\":\"EntryPoint\",\"urlTemplate\":\"https:\/\/usa-gv.com\/de\/?s={search_term_string}\"},\"query-input\":{\"@type\":\"PropertyValueSpecification\",\"valueRequired\":true,\"valueName\":\"search_term_string\"}}],\"inLanguage\":\"de\"}]}<\/script>\n<!-- \/ Yoast SEO plugin. -->","yoast_head_json":{"title":"Rechtliche Hinweise der Website - USA-GV.COM","description":"Lesen Sie die rechtlichen Hinweise der Informationsseite. Wir sind eine private Website ohne jegliche Verbindung zur US-Regierung.","robots":{"index":"noindex","follow":"nofollow"},"og_locale":"de_DE","og_type":"article","og_title":"Rechtliche Hinweise der Website - USA-GV.COM","og_description":"Lesen Sie die rechtlichen Hinweise der Informationsseite. Wir sind eine private Website ohne jegliche Verbindung zur US-Regierung.","og_url":"https:\/\/usa-gv.com\/de\/rechtliche-hinweise\/","og_site_name":"USA-GV.COM","article_modified_time":"2025-02-25T11:52:07+00:00","twitter_card":"summary_large_image","twitter_misc":{"Gesch\u00e4tzte Lesezeit":"1\u00a0Minute"},"schema":{"@context":"https:\/\/schema.org","@graph":[{"@type":"WebPage","@id":"https:\/\/usa-gv.com\/de\/rechtliche-hinweise\/","url":"https:\/\/usa-gv.com\/de\/rechtliche-hinweise\/","name":"Rechtliche Hinweise der Website - USA-GV.COM","isPartOf":{"@id":"https:\/\/usa-gv.com\/de\/#website"},"datePublished":"2024-03-11T21:53:12+00:00","dateModified":"2025-02-25T11:52:07+00:00","description":"Lesen Sie die rechtlichen Hinweise der Informationsseite. Wir sind eine private Website ohne jegliche Verbindung zur US-Regierung.","breadcrumb":{"@id":"https:\/\/usa-gv.com\/de\/rechtliche-hinweise\/#breadcrumb"},"inLanguage":"de","potentialAction":[{"@type":"ReadAction","target":["https:\/\/usa-gv.com\/de\/rechtliche-hinweise\/"]}]},{"@type":"BreadcrumbList","@id":"https:\/\/usa-gv.com\/de\/rechtliche-hinweise\/#breadcrumb","itemListElement":[{"@type":"ListItem","position":1,"name":"Home","item":"https:\/\/usa-gv.com\/de\/usa-reisefuehrer\/"},{"@type":"ListItem","position":2,"name":"Rechtliche Hinweise der Website"}]},{"@type":"WebSite","@id":"https:\/\/usa-gv.com\/de\/#website","url":"https:\/\/usa-gv.com\/de\/","name":"USA-GV.COM","description":"","potentialAction":[{"@type":"SearchAction","target":{"@type":"EntryPoint","urlTemplate":"https:\/\/usa-gv.com\/de\/?s={search_term_string}"},"query-input":{"@type":"PropertyValueSpecification","valueRequired":true,"valueName":"search_term_string"}}],"inLanguage":"de"}]}},"_links":{"self":[{"href":"https:\/\/usa-gv.com\/de\/wp-json\/wp\/v2\/pages\/2266","targetHints":{"allow":["GET"]}}],"collection":[{"href":"https:\/\/usa-gv.com\/de\/wp-json\/wp\/v2\/pages"}],"about":[{"href":"https:\/\/usa-gv.com\/de\/wp-json\/wp\/v2\/types\/page"}],"author":[{"embeddable":true,"href":"https:\/\/usa-gv.com\/de\/wp-json\/wp\/v2\/users\/1"}],"replies":[{"embeddable":true,"href":"https:\/\/usa-gv.com\/de\/wp-json\/wp\/v2\/comments?post=2266"}],"version-history":[{"count":2,"href":"https:\/\/usa-gv.com\/de\/wp-json\/wp\/v2\/pages\/2266\/revisions"}],"predecessor-version":[{"id":6260,"href":"https:\/\/usa-gv.com\/de\/wp-json\/wp\/v2\/pages\/2266\/revisions\/6260"}],"wp:attachment":[{"href":"https:\/\/usa-gv.com\/de\/wp-json\/wp\/v2\/media?parent=2266"}],"curies":[{"name":"wp","href":"https:\/\/api.w.org\/{rel}","templated":true}]}}