{"id":2248,"date":"2024-03-11T21:57:59","date_gmt":"2024-03-11T21:57:59","guid":{"rendered":"https:\/\/usa-gv.com\/contact\/"},"modified":"2025-02-25T11:50:17","modified_gmt":"2025-02-25T11:50:17","slug":"contact","status":"publish","type":"page","link":"https:\/\/usa-gv.com\/de\/contact\/","title":{"rendered":"Kontaktformular der Website"},"content":{"rendered":"\n<h1 class=\"wp-block-heading\">Formular, um uns zu kontaktieren<\/h1>\n\n<p>Wir sind eine private Online-Informationsseite zum Thema ESTA.\nWir sind in keiner Weise mit der US-Regierung oder einer anderen Regierung verbunden.  Wir sind nicht in der Lage, einen Vorgang zu unterst\u00fctzen, der auf einer offiziellen Website oder einer privaten Website zur Unterst\u00fctzung bei administrativen Formalit\u00e4ten durchgef\u00fchrt wird.<\/p>\n\n<p>Wir bieten keine Unterst\u00fctzung bei der Beantragung eines ESTA oder Dienstleistungen, die mit einem Beh\u00f6rdengang verbunden sind.\nBei Fragen zu Ihrem ESTA-Antrag k\u00f6nnen Sie die Website <a href=\"https:\/\/esta.cbp.dhs.gov\/\">https:\/\/esta.cbp.dhs.gov\/<\/a> besuchen. <\/p>\n\n<p>Unsere Webseite enth\u00e4lt verschiedene Hyperlinks zu Webseiten Dritter. Wir haben keine Verbindung zu und keine Kontrolle \u00fcber diese Websites und sind nicht f\u00fcr ihre Datenschutzrichtlinien oder Gesch\u00e4ftspraktiken verantwortlich.<\/p>\n<div class=\"wpforms-container wpforms-container-full wpforms-block wpforms-block-df4b1aef-c373-4127-a050-1a514ac79e0c\" id=\"wpforms-2235\"><form id=\"wpforms-form-2235\" class=\"wpforms-validate wpforms-form wpforms-ajax-form\" data-formid=\"2235\" method=\"post\" enctype=\"multipart\/form-data\" action=\"\/de\/wp-json\/wp\/v2\/pages\/2248\" data-token=\"f1229f2146d99fd24d10cb971ab13eb8\" data-token-time=\"1778074871\"><noscript class=\"wpforms-error-noscript\">Bitte aktiviere JavaScript in deinem Browser, um dieses Formular fertigzustellen.<\/noscript><div class=\"wpforms-field-container\"><div id=\"wpforms-2235-field_0-container\" class=\"wpforms-field wpforms-field-name\" data-field-id=\"0\"><label class=\"wpforms-field-label\" for=\"wpforms-2235-field_0\">Nom <span class=\"wpforms-required-label\">*<\/span><\/label><input type=\"text\" id=\"wpforms-2235-field_0\" class=\"wpforms-field-medium wpforms-field-required\" name=\"wpforms[fields][0]\" required><\/div><div id=\"wpforms-2235-field_1-container\" class=\"wpforms-field wpforms-field-email\" data-field-id=\"1\"><label class=\"wpforms-field-label\" for=\"wpforms-2235-field_1\">E-mail <span class=\"wpforms-required-label\">*<\/span><\/label><input type=\"email\" id=\"wpforms-2235-field_1\" class=\"wpforms-field-medium wpforms-field-required\" name=\"wpforms[fields][1]\" spellcheck=\"false\" required><\/div><div id=\"wpforms-2235-field_2-container\" class=\"wpforms-field wpforms-field-textarea\" data-field-id=\"2\"><label class=\"wpforms-field-label\" for=\"wpforms-2235-field_2\">Message <span class=\"wpforms-required-label\">*<\/span><\/label><textarea id=\"wpforms-2235-field_2\" class=\"wpforms-field-medium wpforms-field-required\" name=\"wpforms[fields][2]\" required><\/textarea><\/div><\/div><!-- .wpforms-field-container --><div class=\"wpforms-submit-container\" ><input type=\"hidden\" name=\"wpforms[id]\" value=\"2235\"><input type=\"hidden\" name=\"page_title\" value=\"\"><input type=\"hidden\" name=\"page_url\" value=\"https:\/\/usa-gv.com\/de\/wp-json\/wp\/v2\/pages\/2248\"><input type=\"hidden\" name=\"url_referer\" value=\"\"><button type=\"submit\" name=\"wpforms[submit]\" id=\"wpforms-submit-2235\" class=\"wpforms-submit\" data-alt-text=\"in progress...\" data-submit-text=\"OK\" aria-live=\"assertive\" value=\"wpforms-submit\">OK<\/button><img decoding=\"async\" src=\"https:\/\/usa-gv.com\/wp-content\/plugins\/wpforms-lite\/assets\/images\/submit-spin.svg\" class=\"wpforms-submit-spinner\" style=\"display: none;\" width=\"26\" height=\"26\" alt=\"Wird geladen\"><\/div><\/form><\/div>  <!-- .wpforms-container -->","protected":false},"excerpt":{"rendered":"<p>Formular, um uns zu kontaktieren Wir sind eine private Online-Informationsseite zum Thema ESTA. Wir sind in keiner Weise mit der US-Regierung oder einer anderen Regierung verbunden. Wir sind nicht in der Lage, einen Vorgang zu unterst\u00fctzen, der auf einer offiziellen Website oder einer privaten Website zur Unterst\u00fctzung bei administrativen Formalit\u00e4ten durchgef\u00fchrt wird. Wir bieten keine [&hellip;]<\/p>\n","protected":false},"author":1,"featured_media":0,"parent":0,"menu_order":0,"comment_status":"closed","ping_status":"closed","template":"","meta":{"footnotes":""},"class_list":["post-2248","page","type-page","status-publish","hentry"],"yoast_head":"<!-- This site is optimized with the Yoast SEO plugin v26.6 - https:\/\/yoast.com\/wordpress\/plugins\/seo\/ -->\n<title>Kontaktformular der Website - USA-GV.COM<\/title>\n<meta name=\"description\" content=\"Online-Formular zur direkten Kontaktaufnahme mit unserem Redaktionsteam f\u00fcr die Informationsseite \u00fcber Reiseformalit\u00e4ten in den USA\" \/>\n<meta name=\"robots\" content=\"noindex, nofollow\" \/>\n<meta property=\"og:locale\" content=\"de_DE\" \/>\n<meta property=\"og:type\" content=\"article\" \/>\n<meta property=\"og:title\" content=\"Kontaktformular der Website - USA-GV.COM\" \/>\n<meta property=\"og:description\" content=\"Online-Formular zur direkten Kontaktaufnahme mit unserem Redaktionsteam f\u00fcr die Informationsseite \u00fcber Reiseformalit\u00e4ten in den USA\" \/>\n<meta property=\"og:url\" content=\"https:\/\/usa-gv.com\/de\/contact\/\" \/>\n<meta property=\"og:site_name\" content=\"USA-GV.COM\" \/>\n<meta property=\"article:modified_time\" content=\"2025-02-25T11:50:17+00:00\" \/>\n<meta name=\"twitter:card\" content=\"summary_large_image\" \/>\n<meta name=\"twitter:label1\" content=\"Gesch\u00e4tzte Lesezeit\" \/>\n\t<meta name=\"twitter:data1\" content=\"1\u00a0Minute\" \/>\n<script type=\"application\/ld+json\" class=\"yoast-schema-graph\">{\"@context\":\"https:\/\/schema.org\",\"@graph\":[{\"@type\":\"WebPage\",\"@id\":\"https:\/\/usa-gv.com\/de\/contact\/\",\"url\":\"https:\/\/usa-gv.com\/de\/contact\/\",\"name\":\"Kontaktformular der Website - USA-GV.COM\",\"isPartOf\":{\"@id\":\"https:\/\/usa-gv.com\/de\/#website\"},\"datePublished\":\"2024-03-11T21:57:59+00:00\",\"dateModified\":\"2025-02-25T11:50:17+00:00\",\"description\":\"Online-Formular zur direkten Kontaktaufnahme mit unserem Redaktionsteam f\u00fcr die Informationsseite \u00fcber Reiseformalit\u00e4ten in den USA\",\"breadcrumb\":{\"@id\":\"https:\/\/usa-gv.com\/de\/contact\/#breadcrumb\"},\"inLanguage\":\"de\",\"potentialAction\":[{\"@type\":\"ReadAction\",\"target\":[\"https:\/\/usa-gv.com\/de\/contact\/\"]}]},{\"@type\":\"BreadcrumbList\",\"@id\":\"https:\/\/usa-gv.com\/de\/contact\/#breadcrumb\",\"itemListElement\":[{\"@type\":\"ListItem\",\"position\":1,\"name\":\"Home\",\"item\":\"https:\/\/usa-gv.com\/de\/usa-reisefuehrer\/\"},{\"@type\":\"ListItem\",\"position\":2,\"name\":\"Kontaktformular der Website\"}]},{\"@type\":\"WebSite\",\"@id\":\"https:\/\/usa-gv.com\/de\/#website\",\"url\":\"https:\/\/usa-gv.com\/de\/\",\"name\":\"USA-GV.COM\",\"description\":\"\",\"potentialAction\":[{\"@type\":\"SearchAction\",\"target\":{\"@type\":\"EntryPoint\",\"urlTemplate\":\"https:\/\/usa-gv.com\/de\/?s={search_term_string}\"},\"query-input\":{\"@type\":\"PropertyValueSpecification\",\"valueRequired\":true,\"valueName\":\"search_term_string\"}}],\"inLanguage\":\"de\"}]}<\/script>\n<!-- \/ Yoast SEO plugin. -->","yoast_head_json":{"title":"Kontaktformular der Website - USA-GV.COM","description":"Online-Formular zur direkten Kontaktaufnahme mit unserem Redaktionsteam f\u00fcr die Informationsseite \u00fcber Reiseformalit\u00e4ten in den USA","robots":{"index":"noindex","follow":"nofollow"},"og_locale":"de_DE","og_type":"article","og_title":"Kontaktformular der Website - USA-GV.COM","og_description":"Online-Formular zur direkten Kontaktaufnahme mit unserem Redaktionsteam f\u00fcr die Informationsseite \u00fcber Reiseformalit\u00e4ten in den USA","og_url":"https:\/\/usa-gv.com\/de\/contact\/","og_site_name":"USA-GV.COM","article_modified_time":"2025-02-25T11:50:17+00:00","twitter_card":"summary_large_image","twitter_misc":{"Gesch\u00e4tzte Lesezeit":"1\u00a0Minute"},"schema":{"@context":"https:\/\/schema.org","@graph":[{"@type":"WebPage","@id":"https:\/\/usa-gv.com\/de\/contact\/","url":"https:\/\/usa-gv.com\/de\/contact\/","name":"Kontaktformular der Website - USA-GV.COM","isPartOf":{"@id":"https:\/\/usa-gv.com\/de\/#website"},"datePublished":"2024-03-11T21:57:59+00:00","dateModified":"2025-02-25T11:50:17+00:00","description":"Online-Formular zur direkten Kontaktaufnahme mit unserem Redaktionsteam f\u00fcr die Informationsseite \u00fcber Reiseformalit\u00e4ten in den USA","breadcrumb":{"@id":"https:\/\/usa-gv.com\/de\/contact\/#breadcrumb"},"inLanguage":"de","potentialAction":[{"@type":"ReadAction","target":["https:\/\/usa-gv.com\/de\/contact\/"]}]},{"@type":"BreadcrumbList","@id":"https:\/\/usa-gv.com\/de\/contact\/#breadcrumb","itemListElement":[{"@type":"ListItem","position":1,"name":"Home","item":"https:\/\/usa-gv.com\/de\/usa-reisefuehrer\/"},{"@type":"ListItem","position":2,"name":"Kontaktformular der Website"}]},{"@type":"WebSite","@id":"https:\/\/usa-gv.com\/de\/#website","url":"https:\/\/usa-gv.com\/de\/","name":"USA-GV.COM","description":"","potentialAction":[{"@type":"SearchAction","target":{"@type":"EntryPoint","urlTemplate":"https:\/\/usa-gv.com\/de\/?s={search_term_string}"},"query-input":{"@type":"PropertyValueSpecification","valueRequired":true,"valueName":"search_term_string"}}],"inLanguage":"de"}]}},"_links":{"self":[{"href":"https:\/\/usa-gv.com\/de\/wp-json\/wp\/v2\/pages\/2248","targetHints":{"allow":["GET"]}}],"collection":[{"href":"https:\/\/usa-gv.com\/de\/wp-json\/wp\/v2\/pages"}],"about":[{"href":"https:\/\/usa-gv.com\/de\/wp-json\/wp\/v2\/types\/page"}],"author":[{"embeddable":true,"href":"https:\/\/usa-gv.com\/de\/wp-json\/wp\/v2\/users\/1"}],"replies":[{"embeddable":true,"href":"https:\/\/usa-gv.com\/de\/wp-json\/wp\/v2\/comments?post=2248"}],"version-history":[{"count":1,"href":"https:\/\/usa-gv.com\/de\/wp-json\/wp\/v2\/pages\/2248\/revisions"}],"predecessor-version":[{"id":7168,"href":"https:\/\/usa-gv.com\/de\/wp-json\/wp\/v2\/pages\/2248\/revisions\/7168"}],"wp:attachment":[{"href":"https:\/\/usa-gv.com\/de\/wp-json\/wp\/v2\/media?parent=2248"}],"curies":[{"name":"wp","href":"https:\/\/api.w.org\/{rel}","templated":true}]}}