{"id":2165,"date":"2024-03-10T21:35:05","date_gmt":"2024-03-10T21:35:05","guid":{"rendered":"https:\/\/usa-gv.com\/visa-waiver-program-usa\/"},"modified":"2025-02-25T11:51:21","modified_gmt":"2025-02-25T11:51:21","slug":"visa-waiver-program-usa","status":"publish","type":"page","link":"https:\/\/usa-gv.com\/de\/visa-waiver-program-usa\/","title":{"rendered":"Das Visa Waiver Program der Vereinigten Staaten"},"content":{"rendered":"\n<h1 class=\"wp-block-heading\">Das US-Programm f\u00fcr visumfreies Reisen<\/h1>\n\n<h2 class=\"wp-block-heading\">Was ist das Visa Waiver Program?<\/h2>\n\n<p>Das Visa Waiver Program (VWP) ist ein vom US-Au\u00dfenministerium eingef\u00fchrtes Programm, das das Screening von Reisenden in die USA erleichtern und die Sicherheit an den US-Grenzen erh\u00f6hen soll.\nEs erm\u00f6glicht Staatsangeh\u00f6rigen der Mitgliedsl\u00e4nder des Programms, unter bestimmten <a href=\"https:\/\/usa-gv.com\/de\/teilnahmebedingungen-fur-esta\/\">ESTA-Anspruchsvoraussetzungen<\/a> ohne Visum in die USA zu reisen, um dort Touristen oder Gesch\u00e4ftsreisende zu werden.   <\/p>\n\n<p><strong>Um von dieser Visumbefreiung profitieren zu k\u00f6nnen<\/strong>: Staatsangeh\u00f6rige der Partnerl\u00e4nder m\u00fcssen das <a href=\"https:\/\/usa-gv.com\/de\/esta-online-formular\/\">ESTA-Formular online<\/a> ausf\u00fcllen.<\/p>\n\n<div style=\"height:10px\" aria-hidden=\"true\" class=\"wp-block-spacer\"><\/div>\n\n<h2 class=\"wp-block-heading\">Liste der Mitgliedsl\u00e4nder des VWP<\/h2>\n\n<p>Hier finden Sie eine Liste aller L\u00e4nder, die vom US-Programm f\u00fcr visumfreies Reisen f\u00fcr ihre B\u00fcrger profitieren.<\/p>\n\n<figure class=\"wp-block-table\"><table><tbody><tr><td>Deutschland<\/td><td>Spanien<\/td><td>Liechtenstein<\/td><td>Vereinigtes K\u00f6nigreich<\/td><\/tr><tr><td>Andorra<\/td><td>Finnland<\/td><td>Litauen<\/td><td>San Marino<\/td><\/tr><tr><td>Australien<\/td><td>Frankreich<\/td><td>Luxemburg<\/td><td>Singapur<\/td><\/tr><tr><td>\u00d6sterreich<\/td><td>Griechenland<\/td><td>Malta<\/td><td>Slowakei<\/td><\/tr><tr><td>Belgien<\/td><td>Ungarn<\/td><td>Monaco<\/td><td>Slowenien<\/td><\/tr><tr><td>Brunei<\/td><td>Irland<\/td><td>Norwegen<\/td><td>Schweden<\/td><\/tr><tr><td>Chile<\/td><td>Island<\/td><td>Neuseeland<\/td><td>schweizerisch<\/td><\/tr><tr><td>Kroatien<\/td><td>Israel<\/td><td>Niederlande<\/td><td>Taiwan<\/td><\/tr><tr><td>S\u00fcdkorea<\/td><td>Italien<\/td><td>Polen<\/td><td><\/td><\/tr><tr><td>D\u00e4nemark<\/td><td>Japan<\/td><td>Portugal<\/td><td><\/td><\/tr><tr><td>Estland<\/td><td>Lettland<\/td><td>Tschechische Republik<\/td><td><\/td><\/tr><\/tbody><\/table><figcaption class=\"wp-element-caption\">Liste der Mitgliedsl\u00e4nder des VWP<\/figcaption><\/figure>\n\n<h2 class=\"wp-block-heading\">Welche L\u00e4nder k\u00f6nnen dem US-Programm zur Befreiung von der Visumspflicht beitreten?<\/h2>\n\n<p>Die L\u00e4nder werden Mitglied des US-Programms f\u00fcr visumfreies Reisen (Visa Waiver Program), indem sie eine verst\u00e4rkte Grenzverwaltung einf\u00fchren.\nDie von der US-Regierung geforderten Voraussetzungen f\u00fcr eine Mitgliedschaft im VWP sind : <\/p>\n\n<ul class=\"wp-block-list\">\n<li>Die Ausstellung von <a href=\"https:\/\/usa-gv.com\/de\/reisepass-fur-die-usa\/\">Reisep\u00e4ssen entspricht den Anforderungen der USA<\/a> an ihre Staatsangeh\u00f6rigen;<\/li>\n\n\n\n<li>Bestimmte Sicherheitsdaten des Landes mit den USA zu teilen ;<\/li>\n\n\n\n<li>Die Liste der nationalen P\u00e4sse, die als gestohlen oder verloren gemeldet wurden, f\u00fcr die Vereinigten Staaten auf dem neuesten Stand zu halten;<\/li>\n\n\n\n<li>eine Ablehnungsquote von weniger als 3% f\u00fcr US-Besuchervisa f\u00fcr ihre Staatsangeh\u00f6rigen zu haben<\/li>\n\n\n\n<li>Bei Grenzkontrollen aktiv gegen Terrorismus vorzugehen.<\/li>\n<\/ul>\n","protected":false},"excerpt":{"rendered":"<p>Das US-Programm f\u00fcr visumfreies Reisen Was ist das Visa Waiver Program? Das Visa Waiver Program (VWP) ist ein vom US-Au\u00dfenministerium eingef\u00fchrtes Programm, das das Screening von Reisenden in die USA erleichtern und die Sicherheit an den US-Grenzen erh\u00f6hen soll. Es erm\u00f6glicht Staatsangeh\u00f6rigen der Mitgliedsl\u00e4nder des Programms, unter bestimmten ESTA-Anspruchsvoraussetzungen ohne Visum in die USA zu [&hellip;]<\/p>\n","protected":false},"author":1,"featured_media":0,"parent":0,"menu_order":0,"comment_status":"closed","ping_status":"closed","template":"","meta":{"footnotes":""},"class_list":["post-2165","page","type-page","status-publish","hentry"],"yoast_head":"<!-- This site is optimized with the Yoast SEO plugin v26.6 - https:\/\/yoast.com\/wordpress\/plugins\/seo\/ -->\n<title>Das Visa Waiver Program der Vereinigten Staaten - USA-GV.COM<\/title>\n<meta name=\"description\" content=\"Erfahren Sie im Detail, was das amerikanische Visa Waiver Program ist und was ausl\u00e4ndische Staatsangeh\u00f6rige damit in den USA tun k\u00f6nnen.\" \/>\n<meta name=\"robots\" content=\"index, follow, max-snippet:-1, max-image-preview:large, max-video-preview:-1\" \/>\n<link rel=\"canonical\" href=\"https:\/\/usa-gv.com\/de\/visa-waiver-program-usa\/\" \/>\n<meta property=\"og:locale\" content=\"de_DE\" \/>\n<meta property=\"og:type\" content=\"article\" \/>\n<meta property=\"og:title\" content=\"Das Visa Waiver Program der Vereinigten Staaten - USA-GV.COM\" \/>\n<meta property=\"og:description\" content=\"Erfahren Sie im Detail, was das amerikanische Visa Waiver Program ist und was ausl\u00e4ndische Staatsangeh\u00f6rige damit in den USA tun k\u00f6nnen.\" \/>\n<meta property=\"og:url\" content=\"https:\/\/usa-gv.com\/de\/visa-waiver-program-usa\/\" \/>\n<meta property=\"og:site_name\" content=\"USA-GV.COM\" \/>\n<meta property=\"article:modified_time\" content=\"2025-02-25T11:51:21+00:00\" \/>\n<meta name=\"twitter:card\" content=\"summary_large_image\" \/>\n<meta name=\"twitter:label1\" content=\"Gesch\u00e4tzte Lesezeit\" \/>\n\t<meta name=\"twitter:data1\" content=\"1\u00a0Minute\" \/>\n<script type=\"application\/ld+json\" class=\"yoast-schema-graph\">{\"@context\":\"https:\/\/schema.org\",\"@graph\":[{\"@type\":\"WebPage\",\"@id\":\"https:\/\/usa-gv.com\/de\/visa-waiver-program-usa\/\",\"url\":\"https:\/\/usa-gv.com\/de\/visa-waiver-program-usa\/\",\"name\":\"Das Visa Waiver Program der Vereinigten Staaten - USA-GV.COM\",\"isPartOf\":{\"@id\":\"https:\/\/usa-gv.com\/de\/#website\"},\"datePublished\":\"2024-03-10T21:35:05+00:00\",\"dateModified\":\"2025-02-25T11:51:21+00:00\",\"description\":\"Erfahren Sie im Detail, was das amerikanische Visa Waiver Program ist und was ausl\u00e4ndische Staatsangeh\u00f6rige damit in den USA tun k\u00f6nnen.\",\"breadcrumb\":{\"@id\":\"https:\/\/usa-gv.com\/de\/visa-waiver-program-usa\/#breadcrumb\"},\"inLanguage\":\"de\",\"potentialAction\":[{\"@type\":\"ReadAction\",\"target\":[\"https:\/\/usa-gv.com\/de\/visa-waiver-program-usa\/\"]}]},{\"@type\":\"BreadcrumbList\",\"@id\":\"https:\/\/usa-gv.com\/de\/visa-waiver-program-usa\/#breadcrumb\",\"itemListElement\":[{\"@type\":\"ListItem\",\"position\":1,\"name\":\"Home\",\"item\":\"https:\/\/usa-gv.com\/de\/usa-reisefuehrer\/\"},{\"@type\":\"ListItem\",\"position\":2,\"name\":\"Das Visa Waiver Program der Vereinigten Staaten\"}]},{\"@type\":\"WebSite\",\"@id\":\"https:\/\/usa-gv.com\/de\/#website\",\"url\":\"https:\/\/usa-gv.com\/de\/\",\"name\":\"USA-GV.COM\",\"description\":\"\",\"potentialAction\":[{\"@type\":\"SearchAction\",\"target\":{\"@type\":\"EntryPoint\",\"urlTemplate\":\"https:\/\/usa-gv.com\/de\/?s={search_term_string}\"},\"query-input\":{\"@type\":\"PropertyValueSpecification\",\"valueRequired\":true,\"valueName\":\"search_term_string\"}}],\"inLanguage\":\"de\"}]}<\/script>\n<!-- \/ Yoast SEO plugin. -->","yoast_head_json":{"title":"Das Visa Waiver Program der Vereinigten Staaten - USA-GV.COM","description":"Erfahren Sie im Detail, was das amerikanische Visa Waiver Program ist und was ausl\u00e4ndische Staatsangeh\u00f6rige damit in den USA tun k\u00f6nnen.","robots":{"index":"index","follow":"follow","max-snippet":"max-snippet:-1","max-image-preview":"max-image-preview:large","max-video-preview":"max-video-preview:-1"},"canonical":"https:\/\/usa-gv.com\/de\/visa-waiver-program-usa\/","og_locale":"de_DE","og_type":"article","og_title":"Das Visa Waiver Program der Vereinigten Staaten - USA-GV.COM","og_description":"Erfahren Sie im Detail, was das amerikanische Visa Waiver Program ist und was ausl\u00e4ndische Staatsangeh\u00f6rige damit in den USA tun k\u00f6nnen.","og_url":"https:\/\/usa-gv.com\/de\/visa-waiver-program-usa\/","og_site_name":"USA-GV.COM","article_modified_time":"2025-02-25T11:51:21+00:00","twitter_card":"summary_large_image","twitter_misc":{"Gesch\u00e4tzte Lesezeit":"1\u00a0Minute"},"schema":{"@context":"https:\/\/schema.org","@graph":[{"@type":"WebPage","@id":"https:\/\/usa-gv.com\/de\/visa-waiver-program-usa\/","url":"https:\/\/usa-gv.com\/de\/visa-waiver-program-usa\/","name":"Das Visa Waiver Program der Vereinigten Staaten - USA-GV.COM","isPartOf":{"@id":"https:\/\/usa-gv.com\/de\/#website"},"datePublished":"2024-03-10T21:35:05+00:00","dateModified":"2025-02-25T11:51:21+00:00","description":"Erfahren Sie im Detail, was das amerikanische Visa Waiver Program ist und was ausl\u00e4ndische Staatsangeh\u00f6rige damit in den USA tun k\u00f6nnen.","breadcrumb":{"@id":"https:\/\/usa-gv.com\/de\/visa-waiver-program-usa\/#breadcrumb"},"inLanguage":"de","potentialAction":[{"@type":"ReadAction","target":["https:\/\/usa-gv.com\/de\/visa-waiver-program-usa\/"]}]},{"@type":"BreadcrumbList","@id":"https:\/\/usa-gv.com\/de\/visa-waiver-program-usa\/#breadcrumb","itemListElement":[{"@type":"ListItem","position":1,"name":"Home","item":"https:\/\/usa-gv.com\/de\/usa-reisefuehrer\/"},{"@type":"ListItem","position":2,"name":"Das Visa Waiver Program der Vereinigten Staaten"}]},{"@type":"WebSite","@id":"https:\/\/usa-gv.com\/de\/#website","url":"https:\/\/usa-gv.com\/de\/","name":"USA-GV.COM","description":"","potentialAction":[{"@type":"SearchAction","target":{"@type":"EntryPoint","urlTemplate":"https:\/\/usa-gv.com\/de\/?s={search_term_string}"},"query-input":{"@type":"PropertyValueSpecification","valueRequired":true,"valueName":"search_term_string"}}],"inLanguage":"de"}]}},"_links":{"self":[{"href":"https:\/\/usa-gv.com\/de\/wp-json\/wp\/v2\/pages\/2165","targetHints":{"allow":["GET"]}}],"collection":[{"href":"https:\/\/usa-gv.com\/de\/wp-json\/wp\/v2\/pages"}],"about":[{"href":"https:\/\/usa-gv.com\/de\/wp-json\/wp\/v2\/types\/page"}],"author":[{"embeddable":true,"href":"https:\/\/usa-gv.com\/de\/wp-json\/wp\/v2\/users\/1"}],"replies":[{"embeddable":true,"href":"https:\/\/usa-gv.com\/de\/wp-json\/wp\/v2\/comments?post=2165"}],"version-history":[{"count":1,"href":"https:\/\/usa-gv.com\/de\/wp-json\/wp\/v2\/pages\/2165\/revisions"}],"predecessor-version":[{"id":7579,"href":"https:\/\/usa-gv.com\/de\/wp-json\/wp\/v2\/pages\/2165\/revisions\/7579"}],"wp:attachment":[{"href":"https:\/\/usa-gv.com\/de\/wp-json\/wp\/v2\/media?parent=2165"}],"curies":[{"name":"wp","href":"https:\/\/api.w.org\/{rel}","templated":true}]}}